

{"id":3685,"date":"2020-03-05T11:20:13","date_gmt":"2020-03-05T10:20:13","guid":{"rendered":"https:\/\/happybytes.no\/?page_id=3685"},"modified":"2020-03-05T11:20:13","modified_gmt":"2020-03-05T10:20:13","slug":"app","status":"publish","type":"page","link":"https:\/\/happybytes.no\/bedrift\/app\/","title":{"rendered":"Appen"},"content":{"rendered":"\n<style type=\"text\/css\" data-created_by=\"avia_inline_auto\" id=\"style-css-av-jwulyt8s-7015fda666f40aa4558ae93eadf5a61c\">\n.avia-section.av-jwulyt8s-7015fda666f40aa4558ae93eadf5a61c{\nbackground-color:#faf9f7;\nbackground-image:unset;\n}\n<\/style>\n<div id='fakturainfo'  class='avia-section av-jwulyt8s-7015fda666f40aa4558ae93eadf5a61c main_color avia-section-default avia-no-border-styling  avia-builder-el-0  avia-builder-el-no-sibling  av-center-align-columns avia-bg-style-scroll container_wrap fullsize'  ><div class='container av-section-cont-open' ><main  role=\"main\" itemprop=\"mainContentOfPage\"  class='template-page content  av-content-full alpha units'><div class='post-entry post-entry-type-page post-entry-3685'><div class='entry-content-wrapper clearfix'>\n\n<style type=\"text\/css\" data-created_by=\"avia_inline_auto\" id=\"style-css-av-l7txv-4be85cc598287333077e9f4c188740cd\">\n#top .flex_column.av-l7txv-4be85cc598287333077e9f4c188740cd{\nmargin-top:20px;\nmargin-bottom:30px;\n}\n.flex_column.av-l7txv-4be85cc598287333077e9f4c188740cd{\nborder-width:1px;\nborder-color:#e5e0da;\nborder-style:solid;\nborder-radius:20px 20px 20px 20px;\npadding:30px 30px 30px 30px;\nbackground-color:#ffffff;\n}\n.responsive #top #wrap_all .flex_column.av-l7txv-4be85cc598287333077e9f4c188740cd{\nmargin-top:20px;\nmargin-bottom:30px;\n}\n<\/style>\n<div  class='flex_column av-l7txv-4be85cc598287333077e9f4c188740cd av_three_fourth  avia-builder-el-1  el_before_av_three_fourth  avia-builder-el-first  first flex_column_div  '     ><style type=\"text\/css\" data-created_by=\"avia_inline_auto\" id=\"style-css-av-av_heading-d15a895dfc75be9dfdb67b4c09f26d8f\">\n#top .av-special-heading.av-av_heading-d15a895dfc75be9dfdb67b4c09f26d8f{\npadding-bottom:10px;\nfont-size:54px;\n}\nbody .av-special-heading.av-av_heading-d15a895dfc75be9dfdb67b4c09f26d8f .av-special-heading-tag .heading-char{\nfont-size:25px;\n}\n#top #wrap_all .av-special-heading.av-av_heading-d15a895dfc75be9dfdb67b4c09f26d8f .av-special-heading-tag{\nfont-size:54px;\n}\n.av-special-heading.av-av_heading-d15a895dfc75be9dfdb67b4c09f26d8f .av-subheading{\nfont-size:15px;\n}\n\n@media only screen and (min-width: 480px) and (max-width: 767px){ \n#top #wrap_all .av-special-heading.av-av_heading-d15a895dfc75be9dfdb67b4c09f26d8f .av-special-heading-tag{\nfont-size:0.8em;\n}\n}\n\n@media only screen and (max-width: 479px){ \n#top #wrap_all .av-special-heading.av-av_heading-d15a895dfc75be9dfdb67b4c09f26d8f .av-special-heading-tag{\nfont-size:0.8em;\n}\n}\n<\/style>\n<div  class='av-special-heading av-av_heading-d15a895dfc75be9dfdb67b4c09f26d8f av-special-heading-h1 blockquote modern-quote modern-centered  avia-builder-el-2  avia-builder-el-no-sibling  av-inherit-size'><div class='av-subheading av-subheading_above'><p>Kom i gang med<\/p>\n<\/div><h1 class='av-special-heading-tag'  itemprop=\"headline\"  >Happybytes-appen<\/h1><div class=\"special-heading-border\"><div class=\"special-heading-inner-border\"><\/div><\/div><\/div><\/div>\n<style type=\"text\/css\" data-created_by=\"avia_inline_auto\" id=\"style-css-av-42ftnk-80871ae6352ae18381ce3bcbab659f21\">\n.flex_column.av-42ftnk-80871ae6352ae18381ce3bcbab659f21{\nborder-radius:0px 0px 0px 0px;\npadding:0px 0px 0px 0px;\n}\n<\/style>\n<div  class='flex_column av-42ftnk-80871ae6352ae18381ce3bcbab659f21 av_three_fourth  avia-builder-el-3  el_after_av_three_fourth  el_before_av_three_fourth  first flex_column_div av-zero-column-padding  column-top-margin'     ><style type=\"text\/css\" data-created_by=\"avia_inline_auto\" id=\"style-css-av-jwulevma-80118ecd98225c653d2cc26d76128d80\">\n.iconbox.av-jwulevma-80118ecd98225c653d2cc26d76128d80 .iconbox_icon{\nbackground-color:#ffd028;\ncolor:#333333;\n}\n<\/style>\n<article  class='iconbox iconbox_top av-jwulevma-80118ecd98225c653d2cc26d76128d80  avia-builder-el-4  avia-builder-el-no-sibling  main_color'  itemscope=\"itemscope\" itemtype=\"https:\/\/schema.org\/CreativeWork\" ><div class=\"iconbox_content\"><header class=\"entry-content-header\"><div class=\"iconbox_icon heading-color\" aria-hidden='true' data-av_icon='\ue8ac' data-av_iconfont='entypo-fontello'><\/div><h3 class='iconbox_content_title '  itemprop=\"headline\" >Hva er Happybytes-appen?<\/h3><\/header><div class='iconbox_content_container '  itemprop=\"text\" ><p style=\"text-align: left\">Happybytes-appen er en forlengelse av <a href=\"http:\/\/min.happybytes.no\">Min Side<\/a> og lar deg gj\u00f8re alt det samme som du ville gjort der, bare lettere tilgjengelig.<\/p>\n<p style=\"text-align: left\">Du slipper \u00e5 bes\u00f8ke Min Side via en nettleser og appen husker ogs\u00e5 innloggingsinformasjonen mellom hvert bes\u00f8k.<\/p>\n<p style=\"text-align: left\">For \u00e5 logge deg inn i appen f\u00f8rste gang bruker du bare samme innloggingsinformasjon som p\u00e5 Min Side.<\/p>\n<p style=\"text-align: left\">Typiske funksjoner du finner i appen er:<\/p>\n<ul>\n<li style=\"text-align: left\">Forbruk s\u00e5 langt i m\u00e5neden<\/li>\n<li style=\"text-align: left\">Fakturaoversikt<\/li>\n<li style=\"text-align: left\">Tilleggstjenester<\/li>\n<li style=\"text-align: left\">Databrems<\/li>\n<li style=\"text-align: left\">PIN- og PUK-koder<\/li>\n<\/ul>\n<\/div><\/div><footer class=\"entry-footer\"><\/footer><\/article><\/div>\n<style type=\"text\/css\" data-created_by=\"avia_inline_auto\" id=\"style-css-av-2yxpo0-24c680801eb5e69edbc796fcabe7308f\">\n.flex_column.av-2yxpo0-24c680801eb5e69edbc796fcabe7308f{\nborder-radius:0px 0px 0px 0px;\npadding:0px 0px 0px 0px;\n}\n<\/style>\n<div  class='flex_column av-2yxpo0-24c680801eb5e69edbc796fcabe7308f av_three_fourth  avia-builder-el-5  el_after_av_three_fourth  el_before_av_three_fourth  first flex_column_div av-zero-column-padding  column-top-margin'     ><style type=\"text\/css\" data-created_by=\"avia_inline_auto\" id=\"style-css-av-jwulevma-d179e808d96bf4f50e4425b999a256bd\">\n.iconbox.av-jwulevma-d179e808d96bf4f50e4425b999a256bd .iconbox_icon{\nbackground-color:#ffd028;\ncolor:#333333;\n}\n<\/style>\n<article  class='iconbox iconbox_top av-jwulevma-d179e808d96bf4f50e4425b999a256bd  avia-builder-el-6  avia-builder-el-no-sibling  main_color'  itemscope=\"itemscope\" itemtype=\"https:\/\/schema.org\/CreativeWork\" ><div class=\"iconbox_content\"><header class=\"entry-content-header\"><div class=\"iconbox_icon heading-color\" aria-hidden='true' data-av_icon='\ue85c' data-av_iconfont='entypo-fontello'><\/div><h3 class='iconbox_content_title '  itemprop=\"headline\" >Slik laster du ned appen<\/h3><\/header><div class='iconbox_content_container '  itemprop=\"text\" ><p style=\"text-align: left\">Happybytes-appen finnes b\u00e5de i iOS-utgave for iPhone-brukere og en Android-utgave for alle med Android-telefoner.<\/p>\n<p style=\"text-align: left\">De ulike appene finner du her:<\/p>\n<ul style=\"text-align: left\">\n<li style=\"text-align: left\"><a href=\"https:\/\/apps.apple.com\/no\/app\/min-happybytes\/id1498176073\">iOS-app<\/a> (for iPhone)<\/li>\n<li style=\"text-align: left\"><a href=\"https:\/\/play.google.com\/store\/apps\/details?id=no.happybytes.min.android\">Android<\/a> (for Android-telefoner som Samsung, Huawei, Sony, etc.)<\/li>\n<\/ul>\n<p style=\"text-align: left\">N\u00e5r du har lastet ned appen vil den legge seg p\u00e5 telefonen din.<\/p>\n<p style=\"text-align: left\">App-ikonet p\u00e5 telefonen din vil se slik ut:<\/p>\n<p><img loading=\"lazy\" decoding=\"async\" class=\"alignnone size-square wp-image-3689\" src=\"https:\/\/happybytes.no\/wp-content\/uploads\/2020\/03\/App_ikon-1-180x180.png\" alt=\"\" width=\"180\" height=\"180\" \/><\/p>\n<\/div><\/div><footer class=\"entry-footer\"><\/footer><\/article><\/div>\n<style type=\"text\/css\" data-created_by=\"avia_inline_auto\" id=\"style-css-av-2yxpo0-24c680801eb5e69edbc796fcabe7308f\">\n.flex_column.av-2yxpo0-24c680801eb5e69edbc796fcabe7308f{\nborder-radius:0px 0px 0px 0px;\npadding:0px 0px 0px 0px;\n}\n<\/style>\n<div  class='flex_column av-2yxpo0-24c680801eb5e69edbc796fcabe7308f av_three_fourth  avia-builder-el-7  el_after_av_three_fourth  el_before_av_three_fourth  first flex_column_div av-zero-column-padding  column-top-margin'     ><style type=\"text\/css\" data-created_by=\"avia_inline_auto\" id=\"style-css-av-jwulevma-7538c8aad263fd6a1018ee37287184a9\">\n.iconbox.av-jwulevma-7538c8aad263fd6a1018ee37287184a9 .iconbox_icon{\nbackground-color:#ffd028;\ncolor:#333333;\n}\n<\/style>\n<article  class='iconbox iconbox_top av-jwulevma-7538c8aad263fd6a1018ee37287184a9  avia-builder-el-8  avia-builder-el-no-sibling  main_color'  itemscope=\"itemscope\" itemtype=\"https:\/\/schema.org\/CreativeWork\" ><div class=\"iconbox_content\"><header class=\"entry-content-header\"><div class=\"iconbox_icon heading-color\" aria-hidden='true' data-av_icon='\ue80d' data-av_iconfont='entypo-fontello'><\/div><h3 class='iconbox_content_title '  itemprop=\"headline\" >Slik bruker du Happybytes-appen<\/h3><\/header><div class='iconbox_content_container '  itemprop=\"text\" ><p style=\"text-align: left\">Vi har laget en forklaringsvideo for hvordan du logger inn i appen og tar i bruk funksjonene den tilbyr. Videoen ser du nedenfor:<\/p>\n<div class='avia-iframe-wrap'><iframe loading=\"lazy\" title=\"Happybytes-appen \ufffd\" src=\"https:\/\/player.vimeo.com\/video\/395673142?dnt=1&amp;app_id=122963\" width=\"563\" height=\"1000\" frameborder=\"0\" allow=\"autoplay; fullscreen; picture-in-picture; clipboard-write\"><\/iframe><\/div>\n<p style=\"text-align: left\">For en n\u00f8yere gjennomgang av funksjonene du finner i appen og p\u00e5 <a href=\"http:\/\/min.happybytes.no\">Min Side<\/a> kan du se v\u00e5r &laquo;Min Side&raquo;-video som du finner <a href=\"https:\/\/happybytes.no\/kundeservice\/min-side\/#toggle-id-3\">her<\/a><\/p>\n<\/div><\/div><footer class=\"entry-footer\"><\/footer><\/article><\/div>\n<style type=\"text\/css\" data-created_by=\"avia_inline_auto\" id=\"style-css-av-2yxpo0-99c11015b8e56d6fc7221a25d9de94b6\">\n.flex_column.av-2yxpo0-99c11015b8e56d6fc7221a25d9de94b6{\nborder-width:1px;\nborder-color:#e5e0da;\nborder-style:solid;\nborder-radius:20px 20px 20px 20px;\npadding:30px 30px 30px 30px;\nbackground-color:#ffffff;\n}\n<\/style>\n<div  class='flex_column av-2yxpo0-99c11015b8e56d6fc7221a25d9de94b6 av_three_fourth  avia-builder-el-9  el_after_av_three_fourth  avia-builder-el-last  first flex_column_div  column-top-margin'     ><style type=\"text\/css\" data-created_by=\"avia_inline_auto\" id=\"style-css-av-jwulevma-f79dc17a4fd23f791ab3671fe62ac862\">\n.iconbox.av-jwulevma-f79dc17a4fd23f791ab3671fe62ac862 .iconbox_icon{\nbackground-color:#ffd028;\ncolor:#333333;\n}\n<\/style>\n<article  class='iconbox iconbox_top av-jwulevma-f79dc17a4fd23f791ab3671fe62ac862 av-no-box  avia-builder-el-10  el_before_av_toggle_container  avia-builder-el-first '  itemscope=\"itemscope\" itemtype=\"https:\/\/schema.org\/CreativeWork\" ><div class=\"iconbox_content\"><header class=\"entry-content-header\"><div class=\"iconbox_icon heading-color\" aria-hidden='true' data-av_icon='\ue81c' data-av_iconfont='entypo-fontello'><\/div><h3 class='iconbox_content_title '  itemprop=\"headline\" >Appen virker ikke, hva kan jeg gj\u00f8re?<\/h3><\/header><div class='iconbox_content_container '  itemprop=\"text\" ><p style=\"text-align: left\">F\u00e5r du ikke appen til \u00e5 virke? Nedenfor har vi samlet ulike \u00e5rsaker til hvorfor appen ikke virker og hvordan du kan l\u00f8se dem:<\/p>\n<\/div><\/div><footer class=\"entry-footer\"><\/footer><\/article><br \/>\n<div  class='togglecontainer av-jx1nnnbg-800818a9dde1fb773f4d9b98c81adef4  avia-builder-el-11  el_after_av_icon_box  avia-builder-el-last  toggle_bytt toggle_close_all' >\n<section class='av_toggle_section av-4gam1h-6774e8940386322d285a55c2d1e44085'  itemscope=\"itemscope\" itemtype=\"https:\/\/schema.org\/CreativeWork\" ><div role=\"tablist\" class=\"single_toggle\" data-tags=\"{Popul\u00e6re} \"  ><p data-fake-id='#toggle-id-1' class='toggler   '  itemprop=\"headline\"  role='tab' tabindex='0' aria-controls='toggle-id-1'>Jeg f\u00e5r ikke logget inn?<span class=\"toggle_icon\"><span class=\"toggle_arrow\"><span class=\"vert_icon\"><\/span><span class=\"hor_icon\"><\/span><\/span><\/p><div id='toggle-id-1' class='toggle_wrap  '  ><div class='toggle_content invers-color '  itemprop=\"text\" ><p>Happybytes-appen bruker samme innloggingsinformasjon som\u00a0 <a href=\"http:\/\/min.happybytes.no\">Min Side<\/a>. Dersom du har endret innloggingsinformasjon et av stedene vil dette derfor gjelde p\u00e5 b\u00e5de i appen og p\u00e5 Min Side.<br \/>\nEksempel: Dersom du endrer passord n\u00e5r du er inne p\u00e5 Min Side og s\u00e5 pr\u00f8ver \u00e5 logge inn i appen med det gamle passordet senere vil du f\u00e5 en feilmelding om at passordet er feil. Selv om du ikke har endret passord i appen.<\/p>\n<p>Har du problemer med innlogging kan du pr\u00f8ve &laquo;glemt passord&raquo;-funksjonen, eller ta kontakt med oss enten i kundeservice-chatten eller ved \u00e5 sende en e-post til <a href=\"mailto:kundeservice@happybytes.no\">kundeservice@happybytes.no<\/a>.<\/p>\n<\/div><\/div><\/div><\/section>\n<section class='av_toggle_section av-30sehx-02312084657cb4d630ce25c1e2d60a34'  itemscope=\"itemscope\" itemtype=\"https:\/\/schema.org\/CreativeWork\" ><div role=\"tablist\" class=\"single_toggle\" data-tags=\"{Popul\u00e6re} \"  ><p data-fake-id='#toggle-id-2' class='toggler   '  itemprop=\"headline\"  role='tab' tabindex='0' aria-controls='toggle-id-2'>Appen har hengt seg opp helt?<span class=\"toggle_icon\"><span class=\"toggle_arrow\"><span class=\"vert_icon\"><\/span><span class=\"hor_icon\"><\/span><\/span><\/p><div id='toggle-id-2' class='toggle_wrap  '  ><div class='toggle_content invers-color '  itemprop=\"text\" ><p>Om appen skulle henge seg opp kan det v\u00e6re lurt \u00e5 restarte den helt. Det gj\u00f8r du ved \u00e5 lukke den helt, for s\u00e5 \u00e5 \u00e5pne den p\u00e5 nytt.<br \/>\nDersom du fortsatt har problemer selv etter at du har startet appen p\u00e5 nytt vil vi anbefale deg \u00e5 slette appen fra mobilen og laste den ned p\u00e5 nytt, da det kan ha oppst\u00e5tt problemer i forbindelse med installasjonen p\u00e5 telefonen ved f\u00f8rste fors\u00f8k.<\/p>\n<\/div><\/div><\/div><\/section>\n<\/div><\/p><\/div>\n","protected":false},"excerpt":{"rendered":"","protected":false},"author":2,"featured_media":3567,"parent":0,"menu_order":0,"comment_status":"closed","ping_status":"open","template":"","meta":{"inline_featured_image":false,"footnotes":""},"class_list":["post-3685","page","type-page","status-publish","has-post-thumbnail","hentry"],"yoast_head":"<!-- This site is optimized with the Yoast SEO plugin v24.5 - https:\/\/yoast.com\/wordpress\/plugins\/seo\/ -->\n<title>Happybytes-appen - Kom i gang med appen v\u00e5r | Happybytes Bedrift<\/title>\n<meta name=\"description\" content=\"Her finner du informasjonen du trenger i forbindelse med nedlastning og bruk av Happybytes-appen, b\u00e5de for iOS (iPhone\/iPad) og Android.\" \/>\n<meta name=\"robots\" content=\"index, follow, max-snippet:-1, max-image-preview:large, max-video-preview:-1\" \/>\n<link rel=\"canonical\" href=\"https:\/\/happybytes.no\/bedrift\/app\/\" \/>\n<meta property=\"og:locale\" content=\"nb_NO\" \/>\n<meta property=\"og:type\" content=\"article\" \/>\n<meta property=\"og:title\" content=\"Happybytes-appen - Kom i gang med appen v\u00e5r | Happybytes\" \/>\n<meta property=\"og:description\" content=\"Her finner du informasjonen du trenger i forbindelse med nedlastning og bruk av Happybytes-appen, b\u00e5de for iOS (iPhone\/iPad) og Android\" \/>\n<meta property=\"og:url\" content=\"https:\/\/happybytes.no\/bedrift\/app\/\" \/>\n<meta property=\"og:site_name\" content=\"Happybytes Bedrift\" \/>\n<meta property=\"og:image\" content=\"https:\/\/happybytes.no\/bedrift\/wp-content\/uploads\/sites\/2\/2024\/06\/hb_bedrift_front_sectionimage_01-1.jpg\" \/>\n\t<meta property=\"og:image:width\" content=\"1920\" \/>\n\t<meta property=\"og:image:height\" content=\"1280\" \/>\n\t<meta property=\"og:image:type\" content=\"image\/jpeg\" \/>\n<meta name=\"twitter:card\" content=\"summary_large_image\" \/>\n<meta name=\"twitter:title\" content=\"Happybytes-appen - Kom i gang med appen v\u00e5r | Happybytes\" \/>\n<meta name=\"twitter:description\" content=\"Her finner du informasjonen du trenger i forbindelse med nedlastning og bruk av Happybytes-appen, b\u00e5de for iOS (iPhone\/iPad) og Android\" \/>\n<meta name=\"twitter:label1\" content=\"Ansl. lesetid\" \/>\n\t<meta name=\"twitter:data1\" content=\"8 minutter\" \/>\n<script type=\"application\/ld+json\" class=\"yoast-schema-graph\">{\"@context\":\"https:\/\/schema.org\",\"@graph\":[{\"@type\":\"WebPage\",\"@id\":\"https:\/\/happybytes.no\/bedrift\/app\/\",\"url\":\"https:\/\/happybytes.no\/bedrift\/app\/\",\"name\":\"Happybytes-appen - Kom i gang med appen v\u00e5r | Happybytes Bedrift\",\"isPartOf\":{\"@id\":\"https:\/\/happybytes.no\/bedrift\/#website\"},\"primaryImageOfPage\":{\"@id\":\"https:\/\/happybytes.no\/bedrift\/app\/#primaryimage\"},\"image\":{\"@id\":\"https:\/\/happybytes.no\/bedrift\/app\/#primaryimage\"},\"thumbnailUrl\":\"\",\"datePublished\":\"2020-03-05T10:20:13+00:00\",\"description\":\"Her finner du informasjonen du trenger i forbindelse med nedlastning og bruk av Happybytes-appen, b\u00e5de for iOS (iPhone\/iPad) og Android.\",\"breadcrumb\":{\"@id\":\"https:\/\/happybytes.no\/bedrift\/app\/#breadcrumb\"},\"inLanguage\":\"nb-NO\",\"potentialAction\":[{\"@type\":\"ReadAction\",\"target\":[\"https:\/\/happybytes.no\/bedrift\/app\/\"]}]},{\"@type\":\"ImageObject\",\"inLanguage\":\"nb-NO\",\"@id\":\"https:\/\/happybytes.no\/bedrift\/app\/#primaryimage\",\"url\":\"\",\"contentUrl\":\"\"},{\"@type\":\"BreadcrumbList\",\"@id\":\"https:\/\/happybytes.no\/bedrift\/app\/#breadcrumb\",\"itemListElement\":[{\"@type\":\"ListItem\",\"position\":1,\"name\":\"Hjem\",\"item\":\"https:\/\/happybytes.no\/bedrift\/forside\/\"},{\"@type\":\"ListItem\",\"position\":2,\"name\":\"Appen\"}]},{\"@type\":\"WebSite\",\"@id\":\"https:\/\/happybytes.no\/bedrift\/#website\",\"url\":\"https:\/\/happybytes.no\/bedrift\/\",\"name\":\"Happybytes Bedrift\",\"description\":\"Smart mobilabonnement \u2013 tilpasset din bedrift\",\"publisher\":{\"@id\":\"https:\/\/happybytes.no\/bedrift\/#organization\"},\"potentialAction\":[{\"@type\":\"SearchAction\",\"target\":{\"@type\":\"EntryPoint\",\"urlTemplate\":\"https:\/\/happybytes.no\/bedrift\/?s={search_term_string}\"},\"query-input\":{\"@type\":\"PropertyValueSpecification\",\"valueRequired\":true,\"valueName\":\"search_term_string\"}}],\"inLanguage\":\"nb-NO\"},{\"@type\":\"Organization\",\"@id\":\"https:\/\/happybytes.no\/bedrift\/#organization\",\"name\":\"Happybytes AS\",\"url\":\"https:\/\/happybytes.no\/bedrift\/\",\"logo\":{\"@type\":\"ImageObject\",\"inLanguage\":\"nb-NO\",\"@id\":\"https:\/\/happybytes.no\/bedrift\/#\/schema\/logo\/image\/\",\"url\":\"https:\/\/happybytes.no\/bedrift\/wp-content\/uploads\/sites\/2\/2024\/06\/meta_bedrift-1.jpg\",\"contentUrl\":\"https:\/\/happybytes.no\/bedrift\/wp-content\/uploads\/sites\/2\/2024\/06\/meta_bedrift-1.jpg\",\"width\":1920,\"height\":1080,\"caption\":\"Happybytes AS\"},\"image\":{\"@id\":\"https:\/\/happybytes.no\/bedrift\/#\/schema\/logo\/image\/\"}}]}<\/script>\n<!-- \/ Yoast SEO plugin. -->","yoast_head_json":{"title":"Happybytes-appen - Kom i gang med appen v\u00e5r | Happybytes Bedrift","description":"Her finner du informasjonen du trenger i forbindelse med nedlastning og bruk av Happybytes-appen, b\u00e5de for iOS (iPhone\/iPad) og Android.","robots":{"index":"index","follow":"follow","max-snippet":"max-snippet:-1","max-image-preview":"max-image-preview:large","max-video-preview":"max-video-preview:-1"},"canonical":"https:\/\/happybytes.no\/bedrift\/app\/","og_locale":"nb_NO","og_type":"article","og_title":"Happybytes-appen - Kom i gang med appen v\u00e5r | Happybytes","og_description":"Her finner du informasjonen du trenger i forbindelse med nedlastning og bruk av Happybytes-appen, b\u00e5de for iOS (iPhone\/iPad) og Android","og_url":"https:\/\/happybytes.no\/bedrift\/app\/","og_site_name":"Happybytes Bedrift","og_image":[{"width":1920,"height":1280,"url":"https:\/\/happybytes.no\/bedrift\/wp-content\/uploads\/sites\/2\/2024\/06\/hb_bedrift_front_sectionimage_01-1.jpg","type":"image\/jpeg"}],"twitter_card":"summary_large_image","twitter_title":"Happybytes-appen - Kom i gang med appen v\u00e5r | Happybytes","twitter_description":"Her finner du informasjonen du trenger i forbindelse med nedlastning og bruk av Happybytes-appen, b\u00e5de for iOS (iPhone\/iPad) og Android","twitter_misc":{"Ansl. lesetid":"8 minutter"},"schema":{"@context":"https:\/\/schema.org","@graph":[{"@type":"WebPage","@id":"https:\/\/happybytes.no\/bedrift\/app\/","url":"https:\/\/happybytes.no\/bedrift\/app\/","name":"Happybytes-appen - Kom i gang med appen v\u00e5r | Happybytes Bedrift","isPartOf":{"@id":"https:\/\/happybytes.no\/bedrift\/#website"},"primaryImageOfPage":{"@id":"https:\/\/happybytes.no\/bedrift\/app\/#primaryimage"},"image":{"@id":"https:\/\/happybytes.no\/bedrift\/app\/#primaryimage"},"thumbnailUrl":"","datePublished":"2020-03-05T10:20:13+00:00","description":"Her finner du informasjonen du trenger i forbindelse med nedlastning og bruk av Happybytes-appen, b\u00e5de for iOS (iPhone\/iPad) og Android.","breadcrumb":{"@id":"https:\/\/happybytes.no\/bedrift\/app\/#breadcrumb"},"inLanguage":"nb-NO","potentialAction":[{"@type":"ReadAction","target":["https:\/\/happybytes.no\/bedrift\/app\/"]}]},{"@type":"ImageObject","inLanguage":"nb-NO","@id":"https:\/\/happybytes.no\/bedrift\/app\/#primaryimage","url":"","contentUrl":""},{"@type":"BreadcrumbList","@id":"https:\/\/happybytes.no\/bedrift\/app\/#breadcrumb","itemListElement":[{"@type":"ListItem","position":1,"name":"Hjem","item":"https:\/\/happybytes.no\/bedrift\/forside\/"},{"@type":"ListItem","position":2,"name":"Appen"}]},{"@type":"WebSite","@id":"https:\/\/happybytes.no\/bedrift\/#website","url":"https:\/\/happybytes.no\/bedrift\/","name":"Happybytes Bedrift","description":"Smart mobilabonnement \u2013 tilpasset din bedrift","publisher":{"@id":"https:\/\/happybytes.no\/bedrift\/#organization"},"potentialAction":[{"@type":"SearchAction","target":{"@type":"EntryPoint","urlTemplate":"https:\/\/happybytes.no\/bedrift\/?s={search_term_string}"},"query-input":{"@type":"PropertyValueSpecification","valueRequired":true,"valueName":"search_term_string"}}],"inLanguage":"nb-NO"},{"@type":"Organization","@id":"https:\/\/happybytes.no\/bedrift\/#organization","name":"Happybytes AS","url":"https:\/\/happybytes.no\/bedrift\/","logo":{"@type":"ImageObject","inLanguage":"nb-NO","@id":"https:\/\/happybytes.no\/bedrift\/#\/schema\/logo\/image\/","url":"https:\/\/happybytes.no\/bedrift\/wp-content\/uploads\/sites\/2\/2024\/06\/meta_bedrift-1.jpg","contentUrl":"https:\/\/happybytes.no\/bedrift\/wp-content\/uploads\/sites\/2\/2024\/06\/meta_bedrift-1.jpg","width":1920,"height":1080,"caption":"Happybytes AS"},"image":{"@id":"https:\/\/happybytes.no\/bedrift\/#\/schema\/logo\/image\/"}}]}},"_links":{"self":[{"href":"https:\/\/happybytes.no\/bedrift\/wp-json\/wp\/v2\/pages\/3685","targetHints":{"allow":["GET"]}}],"collection":[{"href":"https:\/\/happybytes.no\/bedrift\/wp-json\/wp\/v2\/pages"}],"about":[{"href":"https:\/\/happybytes.no\/bedrift\/wp-json\/wp\/v2\/types\/page"}],"author":[{"embeddable":true,"href":"https:\/\/happybytes.no\/bedrift\/wp-json\/wp\/v2\/users\/2"}],"replies":[{"embeddable":true,"href":"https:\/\/happybytes.no\/bedrift\/wp-json\/wp\/v2\/comments?post=3685"}],"version-history":[{"count":0,"href":"https:\/\/happybytes.no\/bedrift\/wp-json\/wp\/v2\/pages\/3685\/revisions"}],"wp:featuredmedia":[{"embeddable":true,"href":"https:\/\/happybytes.no\/bedrift\/wp-json\/"}],"wp:attachment":[{"href":"https:\/\/happybytes.no\/bedrift\/wp-json\/wp\/v2\/media?parent=3685"}],"curies":[{"name":"wp","href":"https:\/\/api.w.org\/{rel}","templated":true}]}}