

{"id":4394,"date":"2020-12-04T09:06:51","date_gmt":"2020-12-04T08:06:51","guid":{"rendered":"https:\/\/happybytes.no\/?page_id=4394"},"modified":"2020-12-04T09:06:51","modified_gmt":"2020-12-04T08:06:51","slug":"lokketilbud","status":"publish","type":"page","link":"https:\/\/happybytes.no\/bedrift\/lokketilbud\/","title":{"rendered":"Lokketilbud"},"content":{"rendered":"\n<style type=\"text\/css\" data-created_by=\"avia_inline_auto\" id=\"style-css-av-jlxlxe2m-12e3d2dc62f1cf0abb5acec608a81755\">\n.avia-section.av-jlxlxe2m-12e3d2dc62f1cf0abb5acec608a81755{\nbackground-color:#faf9f7;\nbackground-image:unset;\n}\n.avia-section.av-jlxlxe2m-12e3d2dc62f1cf0abb5acec608a81755 .av-section-color-overlay{\nopacity:0.9;\nbackground-color:#faf9f7;\n}\n<\/style>\n<div id='hb_page_header'  class='avia-section av-jlxlxe2m-12e3d2dc62f1cf0abb5acec608a81755 main_color avia-section-large avia-no-border-styling  avia-builder-el-0  el_before_av_layout_row  avia-builder-el-first  avia-bg-style-scroll av-section-color-overlay-active av-minimum-height av-minimum-height-custom av-height-custom  container_wrap fullsize'   data-av_minimum_height_px='200'><div class=\"av-section-color-overlay-wrap\"><div class=\"av-section-color-overlay\"><\/div><div class='container av-section-cont-open' style='height:200px'><main  role=\"main\" itemprop=\"mainContentOfPage\"  class='template-page content  av-content-full alpha units'><div class='post-entry post-entry-type-page post-entry-4394'><div class='entry-content-wrapper clearfix'>\n\n\n<\/div><\/div><\/main><!-- close content main element --><\/div><\/div><\/div><div id='hb_grid_kundeservice'  class='av-layout-grid-container av-jmfykoif-124faee9e3ff8b71b22e5bfe6d352ea6 entry-content-wrapper main_color av-flex-cells  avia-builder-el-2  el_after_av_section  avia-builder-el-last  grid-row-not-first  container_wrap fullsize'  >\n<div class='flex_cell av-1h9b1-a87df8d15943c5a12d9bf02f34645073 av-gridrow-cell av_two_third no_margin  avia-builder-el-3  el_before_av_cell_one_third  avia-builder-el-first '  ><div class='flex_cell_inner'><p>\n<style type=\"text\/css\" data-created_by=\"avia_inline_auto\" id=\"style-css-av-7xn4-e001cfb88714f63882e38e0ab6632117\">\n.flex_column.av-7xn4-e001cfb88714f63882e38e0ab6632117{\nborder-radius:0px 0px 0px 0px;\npadding:0px 0px 0px 0px;\n}\n<\/style>\n<div  class='flex_column av-7xn4-e001cfb88714f63882e38e0ab6632117 av_one_full  avia-builder-el-4  el_before_av_hr  avia-builder-el-first  first flex_column_div av-zero-column-padding  '     ><section  class='av_textblock_section av-jn0hyr5y-597219b5f13d84388887fe12cb184eb6 '   itemscope=\"itemscope\" itemtype=\"https:\/\/schema.org\/CreativeWork\" ><div class='avia_textblock'  itemprop=\"text\" ><p><strong>Dessverre en noks\u00e5 vanlig prismodell. Du lokkes inn p\u00e5 en lav pris, gjerne veldig lav pris, men etter en velkomstperiode p\u00e5 en m\u00e5ned eller to blir plutselig abonnementet ditt mye dyrere. \u00a0<\/strong><br \/>\n<strong>&#8211; Dette skal betale for &laquo;gaven&raquo; du fikk for \u00e5 bli kunde til \u00e5 begynne med.<\/strong><\/p>\n<p>Her er noen typiske eksempler p\u00e5 lokketilbud som du b\u00f8r unng\u00e5 hvis du vil ha den beste prisen p\u00e5 mobilabonnementet ditt:<\/p>\n<h2>Gratisperiode<\/h2>\n<p>&#8211; En klassiker, du f\u00e5r en m\u00e5ned eller to tilsynelatende gratis bruk p\u00e5 kj\u00f8pet. Men abonnementet du ender opp med etter gratisperioden, ja det er som regel dyrere over tid uansett.<\/p>\n<h2>Velkomstgaven<\/h2>\n<p>&#8211; Du f\u00e5r en \u00abgratis\u00bb datapakke som bel\u00f8nning for \u00e5 bli kunde. Igjen f\u00e5r du noe som skal skjule hva den egentlige m\u00e5nedsprisen er.<\/p>\n<h2>Inkluderte tilleggstjenester<\/h2>\n<p>&#8211; Mest vanlig hos de store mobilselskapene. F\u00f8lger det noe med p\u00e5 kj\u00f8pet kan vi nesten garantere at du betaler for det uansett.<\/p>\n<p>Dersom du ikke f\u00f8lger med, kan du fort ende opp med et dyrt mobilabonnement uten at du tenker over det.<\/p>\n<p>S\u00e5 g\u00e5r du for lokketilbud, er det viktig \u00e5 f\u00f8lge med i timen. Eller du kan velge et trygt og rimelig alternativ hvor du ikke trenger \u00e5 passe p\u00e5 for \u00e5 bli lurt.<\/p>\n<\/div><\/section><\/div>\n<style type=\"text\/css\" data-created_by=\"avia_inline_auto\" id=\"style-css-av-jmg572zx-e69b7a72dca5367d84a5a7565586cd22\">\n#top .hr.hr-invisible.av-jmg572zx-e69b7a72dca5367d84a5a7565586cd22{\nheight:50px;\n}\n<\/style>\n<div  class='hr av-jmg572zx-e69b7a72dca5367d84a5a7565586cd22 hr-invisible  avia-builder-el-6  el_after_av_one_full  avia-builder-el-last '><span class='hr-inner '><span class=\"hr-inner-style\"><\/span><\/span><\/div><\/p>\n<\/div><\/div>\n<style type=\"text\/css\" data-created_by=\"avia_inline_auto\" id=\"style-css-av-rfit-a269b3a6b6c190eeb03a89626b2ec9a6\">\n.flex_cell.av-rfit-a269b3a6b6c190eeb03a89626b2ec9a6{\nvertical-align:top;\n}\n.responsive #top #wrap_all .flex_cell.av-rfit-a269b3a6b6c190eeb03a89626b2ec9a6{\npadding:20px 30px 30px 30px !important;\n}\n<\/style>\n<div class='flex_cell av-rfit-a269b3a6b6c190eeb03a89626b2ec9a6 av-gridrow-cell av_one_third no_margin  avia-builder-el-7  el_after_av_cell_two_third  avia-builder-el-last '  ><div class='flex_cell_inner'>\n<style type=\"text\/css\" data-created_by=\"avia_inline_auto\" id=\"style-css-av-2odi-8fc7100d11367401a2627eaf8e8839b8\">\n#top .flex_column.av-2odi-8fc7100d11367401a2627eaf8e8839b8{\nmargin-top:20px;\nmargin-bottom:30px;\n}\n.flex_column.av-2odi-8fc7100d11367401a2627eaf8e8839b8{\nborder-width:1px;\nborder-color:#e5e0da;\nborder-style:solid;\nborder-radius:7px 7px 7px 7px;\npadding:30px 30px 30px 30px;\nbackground-color:#ffffff;\n}\n.responsive #top #wrap_all .flex_column.av-2odi-8fc7100d11367401a2627eaf8e8839b8{\nmargin-top:20px;\nmargin-bottom:30px;\n}\n<\/style>\n<div  class='flex_column av-2odi-8fc7100d11367401a2627eaf8e8839b8 av_one_full  avia-builder-el-8  avia-builder-el-no-sibling  first flex_column_div  '     ><div  class='avia-builder-widget-area clearfix  avia-builder-el-9  avia-builder-el-no-sibling '><div id=\"nav_menu-5\" class=\"widget clearfix widget_nav_menu\"><h3 class=\"widgettitle\">Se ogs\u00e5<\/h3><\/div><\/div><\/div>\n<\/div><\/div><\/div>\n","protected":false},"excerpt":{"rendered":"<p>Du kan fort ende opp med et dyrt mobilabonnement uten at du tenker over det. Her er noen eksempler p\u00e5 de vanligste lokketilbudene du b\u00f8r passe deg for.<\/p>\n","protected":false},"author":2,"featured_media":3567,"parent":0,"menu_order":0,"comment_status":"closed","ping_status":"open","template":"","meta":{"inline_featured_image":false,"footnotes":""},"class_list":["post-4394","page","type-page","status-publish","has-post-thumbnail","hentry"],"yoast_head":"<!-- This site is optimized with the Yoast SEO plugin v24.5 - https:\/\/yoast.com\/wordpress\/plugins\/seo\/ -->\n<title>Kundeservice - Unng\u00e5 lokketilbud | Happybytes Bedrift<\/title>\n<meta name=\"description\" content=\"Du kan fort ende opp med et dyrt mobilabonnement uten at du tenker over det. Her er noen eksempler p\u00e5 de vanligste lokketilbudene du b\u00f8r passe deg for.\" \/>\n<meta name=\"robots\" content=\"index, follow, max-snippet:-1, max-image-preview:large, max-video-preview:-1\" \/>\n<link rel=\"canonical\" href=\"https:\/\/happybytes.no\/bedrift\/lokketilbud\/\" \/>\n<meta property=\"og:locale\" content=\"nb_NO\" \/>\n<meta property=\"og:type\" content=\"article\" \/>\n<meta property=\"og:title\" content=\"Unng\u00e5 lokketilbud\" \/>\n<meta property=\"og:description\" content=\"Du kan fort ende opp med et dyrt mobilabonnement uten at du tenker over det. Her er noen eksempler p\u00e5 de vanligste lokketilbudene du b\u00f8r passe deg for.\" \/>\n<meta property=\"og:url\" content=\"https:\/\/happybytes.no\/bedrift\/lokketilbud\/\" \/>\n<meta property=\"og:site_name\" content=\"Happybytes Bedrift\" \/>\n<meta property=\"og:image\" content=\"https:\/\/happybytes.no\/bedrift\/wp-content\/uploads\/sites\/2\/2024\/06\/hb_bedrift_front_sectionimage_01-1.jpg\" \/>\n\t<meta property=\"og:image:width\" content=\"1920\" \/>\n\t<meta property=\"og:image:height\" content=\"1280\" \/>\n\t<meta property=\"og:image:type\" content=\"image\/jpeg\" \/>\n<meta name=\"twitter:card\" content=\"summary_large_image\" \/>\n<meta name=\"twitter:title\" content=\"Unng\u00e5 lokketilbud\" \/>\n<meta name=\"twitter:description\" content=\"Du kan fort ende opp med et dyrt mobilabonnement uten at du tenker over det. Her er noen eksempler p\u00e5 de vanligste lokketilbudene du b\u00f8r passe deg for.\" \/>\n<meta name=\"twitter:label1\" content=\"Ansl. lesetid\" \/>\n\t<meta name=\"twitter:data1\" content=\"4 minutter\" \/>\n<script type=\"application\/ld+json\" class=\"yoast-schema-graph\">{\"@context\":\"https:\/\/schema.org\",\"@graph\":[{\"@type\":\"WebPage\",\"@id\":\"https:\/\/happybytes.no\/bedrift\/lokketilbud\/\",\"url\":\"https:\/\/happybytes.no\/bedrift\/lokketilbud\/\",\"name\":\"Kundeservice - Unng\u00e5 lokketilbud | Happybytes Bedrift\",\"isPartOf\":{\"@id\":\"https:\/\/happybytes.no\/bedrift\/#website\"},\"primaryImageOfPage\":{\"@id\":\"https:\/\/happybytes.no\/bedrift\/lokketilbud\/#primaryimage\"},\"image\":{\"@id\":\"https:\/\/happybytes.no\/bedrift\/lokketilbud\/#primaryimage\"},\"thumbnailUrl\":\"\",\"datePublished\":\"2020-12-04T08:06:51+00:00\",\"description\":\"Du kan fort ende opp med et dyrt mobilabonnement uten at du tenker over det. Her er noen eksempler p\u00e5 de vanligste lokketilbudene du b\u00f8r passe deg for.\",\"breadcrumb\":{\"@id\":\"https:\/\/happybytes.no\/bedrift\/lokketilbud\/#breadcrumb\"},\"inLanguage\":\"nb-NO\",\"potentialAction\":[{\"@type\":\"ReadAction\",\"target\":[\"https:\/\/happybytes.no\/bedrift\/lokketilbud\/\"]}]},{\"@type\":\"ImageObject\",\"inLanguage\":\"nb-NO\",\"@id\":\"https:\/\/happybytes.no\/bedrift\/lokketilbud\/#primaryimage\",\"url\":\"\",\"contentUrl\":\"\"},{\"@type\":\"BreadcrumbList\",\"@id\":\"https:\/\/happybytes.no\/bedrift\/lokketilbud\/#breadcrumb\",\"itemListElement\":[{\"@type\":\"ListItem\",\"position\":1,\"name\":\"Hjem\",\"item\":\"https:\/\/happybytes.no\/bedrift\/forside\/\"},{\"@type\":\"ListItem\",\"position\":2,\"name\":\"Lokketilbud\"}]},{\"@type\":\"WebSite\",\"@id\":\"https:\/\/happybytes.no\/bedrift\/#website\",\"url\":\"https:\/\/happybytes.no\/bedrift\/\",\"name\":\"Happybytes Bedrift\",\"description\":\"Smart mobilabonnement \u2013 tilpasset din bedrift\",\"publisher\":{\"@id\":\"https:\/\/happybytes.no\/bedrift\/#organization\"},\"potentialAction\":[{\"@type\":\"SearchAction\",\"target\":{\"@type\":\"EntryPoint\",\"urlTemplate\":\"https:\/\/happybytes.no\/bedrift\/?s={search_term_string}\"},\"query-input\":{\"@type\":\"PropertyValueSpecification\",\"valueRequired\":true,\"valueName\":\"search_term_string\"}}],\"inLanguage\":\"nb-NO\"},{\"@type\":\"Organization\",\"@id\":\"https:\/\/happybytes.no\/bedrift\/#organization\",\"name\":\"Happybytes AS\",\"url\":\"https:\/\/happybytes.no\/bedrift\/\",\"logo\":{\"@type\":\"ImageObject\",\"inLanguage\":\"nb-NO\",\"@id\":\"https:\/\/happybytes.no\/bedrift\/#\/schema\/logo\/image\/\",\"url\":\"https:\/\/happybytes.no\/bedrift\/wp-content\/uploads\/sites\/2\/2024\/06\/meta_bedrift-1.jpg\",\"contentUrl\":\"https:\/\/happybytes.no\/bedrift\/wp-content\/uploads\/sites\/2\/2024\/06\/meta_bedrift-1.jpg\",\"width\":1920,\"height\":1080,\"caption\":\"Happybytes AS\"},\"image\":{\"@id\":\"https:\/\/happybytes.no\/bedrift\/#\/schema\/logo\/image\/\"}}]}<\/script>\n<!-- \/ Yoast SEO plugin. -->","yoast_head_json":{"title":"Kundeservice - Unng\u00e5 lokketilbud | Happybytes Bedrift","description":"Du kan fort ende opp med et dyrt mobilabonnement uten at du tenker over det. Her er noen eksempler p\u00e5 de vanligste lokketilbudene du b\u00f8r passe deg for.","robots":{"index":"index","follow":"follow","max-snippet":"max-snippet:-1","max-image-preview":"max-image-preview:large","max-video-preview":"max-video-preview:-1"},"canonical":"https:\/\/happybytes.no\/bedrift\/lokketilbud\/","og_locale":"nb_NO","og_type":"article","og_title":"Unng\u00e5 lokketilbud","og_description":"Du kan fort ende opp med et dyrt mobilabonnement uten at du tenker over det. Her er noen eksempler p\u00e5 de vanligste lokketilbudene du b\u00f8r passe deg for.","og_url":"https:\/\/happybytes.no\/bedrift\/lokketilbud\/","og_site_name":"Happybytes Bedrift","og_image":[{"width":1920,"height":1280,"url":"https:\/\/happybytes.no\/bedrift\/wp-content\/uploads\/sites\/2\/2024\/06\/hb_bedrift_front_sectionimage_01-1.jpg","type":"image\/jpeg"}],"twitter_card":"summary_large_image","twitter_title":"Unng\u00e5 lokketilbud","twitter_description":"Du kan fort ende opp med et dyrt mobilabonnement uten at du tenker over det. Her er noen eksempler p\u00e5 de vanligste lokketilbudene du b\u00f8r passe deg for.","twitter_misc":{"Ansl. lesetid":"4 minutter"},"schema":{"@context":"https:\/\/schema.org","@graph":[{"@type":"WebPage","@id":"https:\/\/happybytes.no\/bedrift\/lokketilbud\/","url":"https:\/\/happybytes.no\/bedrift\/lokketilbud\/","name":"Kundeservice - Unng\u00e5 lokketilbud | Happybytes Bedrift","isPartOf":{"@id":"https:\/\/happybytes.no\/bedrift\/#website"},"primaryImageOfPage":{"@id":"https:\/\/happybytes.no\/bedrift\/lokketilbud\/#primaryimage"},"image":{"@id":"https:\/\/happybytes.no\/bedrift\/lokketilbud\/#primaryimage"},"thumbnailUrl":"","datePublished":"2020-12-04T08:06:51+00:00","description":"Du kan fort ende opp med et dyrt mobilabonnement uten at du tenker over det. Her er noen eksempler p\u00e5 de vanligste lokketilbudene du b\u00f8r passe deg for.","breadcrumb":{"@id":"https:\/\/happybytes.no\/bedrift\/lokketilbud\/#breadcrumb"},"inLanguage":"nb-NO","potentialAction":[{"@type":"ReadAction","target":["https:\/\/happybytes.no\/bedrift\/lokketilbud\/"]}]},{"@type":"ImageObject","inLanguage":"nb-NO","@id":"https:\/\/happybytes.no\/bedrift\/lokketilbud\/#primaryimage","url":"","contentUrl":""},{"@type":"BreadcrumbList","@id":"https:\/\/happybytes.no\/bedrift\/lokketilbud\/#breadcrumb","itemListElement":[{"@type":"ListItem","position":1,"name":"Hjem","item":"https:\/\/happybytes.no\/bedrift\/forside\/"},{"@type":"ListItem","position":2,"name":"Lokketilbud"}]},{"@type":"WebSite","@id":"https:\/\/happybytes.no\/bedrift\/#website","url":"https:\/\/happybytes.no\/bedrift\/","name":"Happybytes Bedrift","description":"Smart mobilabonnement \u2013 tilpasset din bedrift","publisher":{"@id":"https:\/\/happybytes.no\/bedrift\/#organization"},"potentialAction":[{"@type":"SearchAction","target":{"@type":"EntryPoint","urlTemplate":"https:\/\/happybytes.no\/bedrift\/?s={search_term_string}"},"query-input":{"@type":"PropertyValueSpecification","valueRequired":true,"valueName":"search_term_string"}}],"inLanguage":"nb-NO"},{"@type":"Organization","@id":"https:\/\/happybytes.no\/bedrift\/#organization","name":"Happybytes AS","url":"https:\/\/happybytes.no\/bedrift\/","logo":{"@type":"ImageObject","inLanguage":"nb-NO","@id":"https:\/\/happybytes.no\/bedrift\/#\/schema\/logo\/image\/","url":"https:\/\/happybytes.no\/bedrift\/wp-content\/uploads\/sites\/2\/2024\/06\/meta_bedrift-1.jpg","contentUrl":"https:\/\/happybytes.no\/bedrift\/wp-content\/uploads\/sites\/2\/2024\/06\/meta_bedrift-1.jpg","width":1920,"height":1080,"caption":"Happybytes AS"},"image":{"@id":"https:\/\/happybytes.no\/bedrift\/#\/schema\/logo\/image\/"}}]}},"_links":{"self":[{"href":"https:\/\/happybytes.no\/bedrift\/wp-json\/wp\/v2\/pages\/4394","targetHints":{"allow":["GET"]}}],"collection":[{"href":"https:\/\/happybytes.no\/bedrift\/wp-json\/wp\/v2\/pages"}],"about":[{"href":"https:\/\/happybytes.no\/bedrift\/wp-json\/wp\/v2\/types\/page"}],"author":[{"embeddable":true,"href":"https:\/\/happybytes.no\/bedrift\/wp-json\/wp\/v2\/users\/2"}],"replies":[{"embeddable":true,"href":"https:\/\/happybytes.no\/bedrift\/wp-json\/wp\/v2\/comments?post=4394"}],"version-history":[{"count":0,"href":"https:\/\/happybytes.no\/bedrift\/wp-json\/wp\/v2\/pages\/4394\/revisions"}],"wp:featuredmedia":[{"embeddable":true,"href":"https:\/\/happybytes.no\/bedrift\/wp-json\/"}],"wp:attachment":[{"href":"https:\/\/happybytes.no\/bedrift\/wp-json\/wp\/v2\/media?parent=4394"}],"curies":[{"name":"wp","href":"https:\/\/api.w.org\/{rel}","templated":true}]}}