

{"id":6619,"date":"2022-10-28T07:49:05","date_gmt":"2022-10-28T05:49:05","guid":{"rendered":"https:\/\/happybytes.no\/?page_id=6619"},"modified":"2022-10-28T07:49:05","modified_gmt":"2022-10-28T05:49:05","slug":"mobilinnstillinger","status":"publish","type":"page","link":"https:\/\/happybytes.no\/bedrift\/kundeservice\/mobilinnstillinger\/","title":{"rendered":"Mobilinnstillinger"},"content":{"rendered":"\n<style type=\"text\/css\" data-created_by=\"avia_inline_auto\" id=\"style-css-av-9rb6bf-ff9ba45180a6e43a33f2d19de7ee0422\">\n.avia-section.av-9rb6bf-ff9ba45180a6e43a33f2d19de7ee0422{\nbackground-color:#f8f8f8;\nbackground-image:unset;\n}\n<\/style>\n<div id='ih-center-align-columns'  class='avia-section av-9rb6bf-ff9ba45180a6e43a33f2d19de7ee0422 main_color avia-section-large avia-no-border-styling  avia-builder-el-0  el_before_av_section  avia-builder-el-first  avia-bg-style-scroll av-minimum-height av-minimum-height-custom av-height-custom  container_wrap fullsize'   data-av_minimum_height_px='200'><div class='container av-section-cont-open' style='height:200px'><main  role=\"main\" itemprop=\"mainContentOfPage\"  class='template-page content  av-content-full alpha units'><div class='post-entry post-entry-type-page post-entry-6619'><div class='entry-content-wrapper clearfix'>\n<div  class='flex_column av-6t2suj-4befefa1a14690da1a6d245450ca606c av_three_fifth  avia-builder-el-1  avia-builder-el-no-sibling  first flex_column_div  '     ><p>\n<style type=\"text\/css\" data-created_by=\"avia_inline_auto\" id=\"style-css-av-lwey0uqi-b93b5052773bfa5ded5b09132faa8c43\">\n#top .av-special-heading.av-lwey0uqi-b93b5052773bfa5ded5b09132faa8c43{\npadding-bottom:10px;\nfont-size:54px;\n}\nbody .av-special-heading.av-lwey0uqi-b93b5052773bfa5ded5b09132faa8c43 .av-special-heading-tag .heading-char{\nfont-size:25px;\n}\n#top #wrap_all .av-special-heading.av-lwey0uqi-b93b5052773bfa5ded5b09132faa8c43 .av-special-heading-tag{\nfont-size:54px;\n}\n.av-special-heading.av-lwey0uqi-b93b5052773bfa5ded5b09132faa8c43 .av-subheading{\nfont-size:15px;\n}\n\n@media only screen and (min-width: 480px) and (max-width: 767px){ \n#top #wrap_all .av-special-heading.av-lwey0uqi-b93b5052773bfa5ded5b09132faa8c43 .av-special-heading-tag{\nfont-size:0.8em;\n}\n}\n\n@media only screen and (max-width: 479px){ \n#top #wrap_all .av-special-heading.av-lwey0uqi-b93b5052773bfa5ded5b09132faa8c43 .av-special-heading-tag{\nfont-size:0.8em;\n}\n}\n<\/style>\n<div  class='av-special-heading av-lwey0uqi-b93b5052773bfa5ded5b09132faa8c43 av-special-heading-h1 blockquote modern-quote modern-centered  avia-builder-el-2  el_before_av_textblock  avia-builder-el-first  av-inherit-size'><h1 class='av-special-heading-tag'  itemprop=\"headline\"  >Mobilinnstillinger<\/h1><div class=\"special-heading-border\"><div class=\"special-heading-inner-border\"><\/div><\/div><\/div><br \/>\n<section  class='av_textblock_section av-5g61i3-a8bd9d6b868e5596a366d22f80f589d5 '   itemscope=\"itemscope\" itemtype=\"https:\/\/schema.org\/CreativeWork\" ><div class='avia_textblock'  itemprop=\"text\" ><p style=\"text-align: center\"><div class=\"breadcrumb breadcrumbs avia-breadcrumbs\"><div class=\"breadcrumb-trail\" ><span class=\"trail-before\"><span class=\"breadcrumb-title\">Du er her:<\/span><\/span> <span  itemscope=\"itemscope\" itemtype=\"https:\/\/schema.org\/BreadcrumbList\" ><span  itemscope=\"itemscope\" itemtype=\"https:\/\/schema.org\/ListItem\" itemprop=\"itemListElement\" ><a itemprop=\"url\" href=\"https:\/\/happybytes.no\/bedrift\" title=\"Happybytes Bedrift\" rel=\"home\" class=\"trail-begin\"><span itemprop=\"name\">Hjem<\/span><\/a><span itemprop=\"position\" class=\"hidden\">1<\/span><\/span><\/span><\/div><\/div><\/p>\n<\/div><\/section><\/p><\/div>\n\n<\/div><\/div><\/main><!-- close content main element --><\/div><\/div><div id='ih-center-align-columns'  class='avia-section av-42f9wr-f03ae2905102779fb4669d586ffbdc83 main_color avia-section-default avia-no-shadow  avia-builder-el-4  el_after_av_section  avia-builder-el-last  avia-bg-style-scroll container_wrap fullsize'  ><div class='container av-section-cont-open' ><div class='template-page content  av-content-full alpha units'><div class='post-entry post-entry-type-page post-entry-6619'><div class='entry-content-wrapper clearfix'>\n\n<style type=\"text\/css\" data-created_by=\"avia_inline_auto\" id=\"style-css-av-2bltvf-dbd7879d3c501f5c28979046430eb83e\">\n.flex_column.av-2bltvf-dbd7879d3c501f5c28979046430eb83e{\nborder-radius:0px 0px 0px 0px;\npadding:0px 0px 0px 0px;\n}\n<\/style>\n<div  class='flex_column av-2bltvf-dbd7879d3c501f5c28979046430eb83e av_three_fifth  avia-builder-el-5  avia-builder-el-no-sibling  first flex_column_div av-zero-column-padding  '     ><div  class='togglecontainer av-jmiyz5bo-e25e3abb531744db6cfc87fa8d3db7cc  avia-builder-el-6  avia-builder-el-no-sibling  toggle_close_all' >\n<section class='av_toggle_section av-317wbf-c96f953387412501411ff770eb925500'  itemscope=\"itemscope\" itemtype=\"https:\/\/schema.org\/CreativeWork\" ><div role=\"tablist\" class=\"single_toggle\" data-tags=\"{Popul\u00e6re} \"  ><p data-fake-id='#toggle-id-1' class='toggler   '  itemprop=\"headline\"  role='tab' tabindex='0' aria-controls='toggle-id-1'>Mobildata, MMS og delt internett<span class=\"toggle_icon\"><span class=\"toggle_arrow\"><span class=\"vert_icon\"><\/span><span class=\"hor_icon\"><\/span><\/span><\/p><div id='toggle-id-1' class='toggle_wrap  '  ><div class='toggle_content invers-color '  itemprop=\"text\" ><p><strong>Mobildata og MMS innstillinger for din telefon<br \/>\n<\/strong>Vi har laget en enkel steg-for-steg guide som viser hvordan du setter riktige innstillinger for mobildata, MMS og delt internett for iPhone og Android<\/p>\n<h2><strong>iPhone<\/strong><\/h2>\n<p><span style=\"text-decoration: underline;color: #000000\"><a style=\"color: #000000;text-decoration: underline\" href=\"https:\/\/happybytes.no\/kundeservice\/kundeservice-mvno\/mobilinnstillinger-mvno\/slik-sjekker-du-iphone-innstillingene-dine\/\">Klikk her for guide til iPhone XS eller nyere enn 2017<\/a><br \/>\n<\/span><\/p>\n<p><strong>MERK<\/strong>:<br \/>\nHar du iPhone X eller en iPhone modell eldre enn 2017 finner du egne innstillinger for din telefon her:<br \/>\n<a href=\"https:\/\/happybytes.no\/kundeservice\/mobilinnstillinger\/ios-innstillinger\/\"><span style=\"color: #000000\"><u>Klikk her for guide til oppsett for iPhoneX eller andre iPhone modeller eldre enn 2017<\/u><\/span><\/a><\/p>\n<h2><strong>Android<\/strong><\/h2>\n<p><span style=\"text-decoration: underline\"><span style=\"color: #000000\"><a style=\"color: #000000;text-decoration: underline\" href=\"\/kundeservice\/mobilinnstillinger\/android-innstillinger\/\">Klikk her for guide til Android<\/a><\/span><\/span><\/p>\n<p>Innstillingene som vises i guiden:<\/p>\n<p><strong>MMS<\/strong><br \/>\nAPN: mms<br \/>\nMMSC: http:\/\/mms.media<br \/>\nAPN-typ: mms<\/p>\n<p><strong>Mobildata<\/strong><br \/>\nNavn: Happybytes Internet<br \/>\nAPN: Internet<br \/>\nGodkjenningstype: PAP<br \/>\nAPN-type: default<br \/>\nAPN-Protokoll: IPv4<br \/>\nAPN:-Roaming protokoll: IPv4<\/p>\n<p>(MERK: Internet skrives her med \u00e9n &laquo;t&raquo;)<\/p>\n<p>Har du fortsatt sp\u00f8rsm\u00e5l er det bare \u00e5 kontakte v\u00e5r kundeservice via chatten <span style=\"font-weight: 400\">nede i h\u00f8yre hj\u00f8rne<\/span>, eller ved \u00e5 sende en e-post til <a href=\"mailto:kundeservice@happybytes.no\"><span style=\"text-decoration: underline;color: #000000\">kundeservice@happybytes.no<\/span><\/a>.<\/p>\n<\/div><\/div><\/div><\/section>\n<section class='av_toggle_section av-2pgsu3-f2a65b409b82a219c683b5afbe1fd571'  itemscope=\"itemscope\" itemtype=\"https:\/\/schema.org\/CreativeWork\" ><div role=\"tablist\" class=\"single_toggle\" data-tags=\"{Popul\u00e6re} \"  ><p data-fake-id='#toggle-id-2' class='toggler   '  itemprop=\"headline\"  role='tab' tabindex='0' aria-controls='toggle-id-2'> SMS virker ikke<span class=\"toggle_icon\"><span class=\"toggle_arrow\"><span class=\"vert_icon\"><\/span><span class=\"hor_icon\"><\/span><\/span><\/p><div id='toggle-id-2' class='toggle_wrap  '  ><div class='toggle_content invers-color '  itemprop=\"text\" ><p><strong>Har du dekning?<\/strong><span style=\"font-weight: 400\"><br \/>\n<\/span><span style=\"font-weight: 400\"><br \/>\n<\/span><span style=\"font-weight: 400\">For \u00e5 kunne sende og motta meldinger m\u00e5 du ha dekning. Du kan sjekke Telenors dekningskart for \u00e5 se om hvor du kan forvente \u00e5 ha dekning.<\/span><span style=\"font-weight: 400\"><br \/>\n<\/span><\/p>\n<p><strong>Har du lagt inn riktig SMS-meldingssentral?<\/strong><\/p>\n<p>Sjekk om du har riktig SMS meldingssentral lagret i innstillingene p\u00e5 telefonen din.<\/p>\n<p>Kontroller at nummeret til meldingssentralen din er <strong>+<em>47 966 30 001<\/em><\/strong><\/p>\n<p><strong>iPhone:<\/strong> \u00c5pne Telefon &#8211; Tast inn: *5005*7672*+4796630001# og ring &#8211; Kontroller\/endre nummer til meldingssentral<\/p>\n<p><strong>Samsung:<\/strong>\u00a0\u00c5pne SMS &#8211; Innstillinger &#8211; Flere innstillinger &#8211; Tekstmeldinger &#8211; Meldingssenter &#8211; Kontroller\/endre nummer til meldingssentral<\/p>\n<p><strong>Er meldingsminnet fullt?<\/strong><span style=\"font-weight: 400\"><br \/>\n<\/span><span style=\"font-weight: 400\">Alle meldinger tar litt plass, og ingen telefoner kan derfor lagre uendelig med meldinger. Hvor mange du kan lagre vil avhenge av minnet p\u00e5 din telefon. G\u00e5r du tom for lagringsplass er l\u00f8sningen \u00e5 slette noen SMS eller MMS.<\/span><\/p>\n<p>Har du fortsatt sp\u00f8rsm\u00e5l er det bare \u00e5 kontakte v\u00e5r kundeservice via chatten <span style=\"font-weight: 400\">nede i h\u00f8yre hj\u00f8rne<\/span>, eller ved \u00e5 sende en <a href=\"mailto:kundeservice@happybytes.no\">e-post<\/a> til <a href=\"mailto:kundeservice@happybytes.no\">kundeservice@happybytes.no<\/a>.<\/p>\n<\/div><\/div><\/div><\/section>\n<section class='av_toggle_section av-fyode-e68f43f47f95e10629907fc69473ffae'  itemscope=\"itemscope\" itemtype=\"https:\/\/schema.org\/CreativeWork\" ><div role=\"tablist\" class=\"single_toggle\" data-tags=\"{Popul\u00e6re} \"  ><p data-fake-id='#toggle-id-3' class='toggler   '  itemprop=\"headline\"  role='tab' tabindex='0' aria-controls='toggle-id-3'>Telefonen min er l\u00e5st av operat\u00f8r<span class=\"toggle_icon\"><span class=\"toggle_arrow\"><span class=\"vert_icon\"><\/span><span class=\"hor_icon\"><\/span><\/span><\/p><div id='toggle-id-3' class='toggle_wrap  '  ><div class='toggle_content invers-color '  itemprop=\"text\" ><p><span style=\"font-weight: 400\">Hva du m\u00e5 gj\u00f8re for \u00e5 l\u00e5se opp telefonen kan du se p\u00e5 <a href=\"https:\/\/www.telenor.no\/privat\/kundeservice\/mobilhjelp\/operatorlas\/\">Telenor<\/a> eller <a href=\"https:\/\/old.telia.no\/kundeservice\/telefonoppsett\/operatorlas?\">Telia<\/a> sine nettsider.<\/span><\/p>\n<\/div><\/div><\/div><\/section>\n<section class='av_toggle_section av-95ssa-a601d4381743a4013d82ef8839c71b04'  itemscope=\"itemscope\" itemtype=\"https:\/\/schema.org\/CreativeWork\" ><div role=\"tablist\" class=\"single_toggle\" data-tags=\"{Popul\u00e6re} \"  ><p data-fake-id='#toggle-id-4' class='toggler   '  itemprop=\"headline\"  role='tab' tabindex='0' aria-controls='toggle-id-4'>Hvorfor f\u00e5r jeg feilmelding n\u00e5r jeg setter inn SIM-kort?<span class=\"toggle_icon\"><span class=\"toggle_arrow\"><span class=\"vert_icon\"><\/span><span class=\"hor_icon\"><\/span><\/span><\/p><div id='toggle-id-4' class='toggle_wrap  '  ><div class='toggle_content invers-color '  itemprop=\"text\" ><p><span style=\"font-weight: 400\">Nedenfor finner du noen av de vanligste feilmeldingene som komme i forbindelse med bytte av SIM-kort. Dersom du skulle f\u00e5 en feilmelding eller ikke har dekning med det nye SIM-kortet ditt pr\u00f8v f\u00f8lgende fremgangsm\u00e5te:\u00a0<\/span><\/p>\n<ol>\n<li><span style=\"font-weight: 400\">Ta SIM-kortet ut av telefonen.<\/span><\/li>\n<li><span style=\"font-weight: 400\">Skru av telefonen<\/span><\/li>\n<li><span style=\"font-weight: 400\"> Vent\u00a0 minimum 1 minutt<\/span><\/li>\n<li><span style=\"font-weight: 400\">Sett inn SIM-kortet igjen<\/span><\/li>\n<li><span style=\"font-weight: 400\">Skru p\u00e5 telefonen<\/span><\/li>\n<\/ol>\n<p><strong>Merk:\u00a0<\/strong>Om du opplever at PIN-koden ikke fungerer kan det dette komme av at telefonen er l\u00e5st og at du m\u00e5 taste inn &laquo;skjerml\u00e5s-koden&raquo;. Dette er koden du selv valgte da du satte opp telefonen.<\/p>\n<p>Nedenfor har vi listet opp hva ulike feilmeldinger kan komme av:<\/p>\n<p><span style=\"font-weight: 400\"><strong>\u201cOppl\u00e5snings-PIN-kode for SIM-nettverk\u201d<\/strong> kan komme opp dersom telefonen din er operat\u00f8rl\u00e5st. Hva du m\u00e5 gj\u00f8re for \u00e5 l\u00e5se opp telefonen kan du se hos <a href=\"https:\/\/www.telenor.no\/privat\/kundeservice\/mobilhjelp\/operatorlas\/\">Telenor<\/a> eller <a href=\"https:\/\/www.telia.no\/mitt-abonnement\/portering\/\">Telia<\/a>.<\/span><span style=\"font-weight: 400\"><br \/>\n<\/span><span style=\"font-weight: 400\"><br \/>\n<\/span><span style=\"font-weight: 400\"><strong>\u201cSIM-kortet er ugyldig\u201d<\/strong> kan komme opp b\u00e5de dersom dersom telefonen har operat\u00f8rl\u00e5s (se over) og dersom SIM-kortet ikke er aktivert.<\/span><span style=\"font-weight: 400\"><br \/>\n<\/span><span style=\"font-weight: 400\"><br \/>\n<\/span><span style=\"font-weight: 400\"><strong>\u201cSett inn SIM-kort&raquo; \/ &laquo;Inget SIM-kort&raquo; <\/strong>kan bety at SIM-kortet ble satt inn f\u00f8r det ble aktivert, eller at det ble satt inn feil.<\/span><span style=\"font-weight: 400\"><br \/>\n<\/span><span style=\"font-weight: 400\"><br \/>\n<\/span><span style=\"font-weight: 400\">Om du skulle ha problemer med \u00e5 f\u00e5 SIM-kortet til \u00e5 fungere s\u00e5 ta gjerne kontakt med oss i kundeservice-chatten nede i h\u00f8yre hj\u00f8rne eller sende en e-post til <a href=\"mailto:kundeservice@happybytes.no\">kundeservice@happybytes.no<\/a>, s\u00e5 finner vi ut av det sammen.<\/span><\/p>\n<\/div><\/div><\/div><\/section>\n<\/div><\/div>\n","protected":false},"excerpt":{"rendered":"","protected":false},"author":2,"featured_media":6476,"parent":6635,"menu_order":0,"comment_status":"closed","ping_status":"closed","template":"","meta":{"inline_featured_image":false,"footnotes":""},"class_list":["post-6619","page","type-page","status-publish","has-post-thumbnail","hentry"],"yoast_head":"<!-- This site is optimized with the Yoast SEO plugin v24.5 - https:\/\/yoast.com\/wordpress\/plugins\/seo\/ -->\n<title>Kundeservice - Informasjon om mobilinnstillinger | Happybytes Bedrift<\/title>\n<meta name=\"description\" content=\"Her finner du informasjon om mobilinnstillinger. Er det noe du ikke finner svar p\u00e5 kan du gjerne chatte med oss i kundeservice-chatten\" \/>\n<meta name=\"robots\" content=\"index, follow, max-snippet:-1, max-image-preview:large, max-video-preview:-1\" \/>\n<link rel=\"canonical\" href=\"https:\/\/happybytes.no\/bedrift\/kundeservice\/mobilinnstillinger\/\" \/>\n<meta property=\"og:locale\" content=\"nb_NO\" \/>\n<meta property=\"og:type\" content=\"article\" \/>\n<meta property=\"og:title\" content=\"Kundeservice - Informasjon om mobilinnstillinger | Happybytes\" \/>\n<meta property=\"og:description\" content=\"Her finner du informasjon om mobilinnstillinger. Er det noe du ikke finner svar p\u00e5 kan du gjerne chatte med oss i kundeservice-chatten\" \/>\n<meta property=\"og:url\" content=\"https:\/\/happybytes.no\/bedrift\/kundeservice\/mobilinnstillinger\/\" \/>\n<meta property=\"og:site_name\" content=\"Happybytes Bedrift\" \/>\n<meta property=\"og:image\" content=\"https:\/\/happybytes.no\/bedrift\/wp-content\/uploads\/sites\/2\/2024\/06\/hb_bedrift_front_sectionimage_01-1.jpg\" \/>\n\t<meta property=\"og:image:width\" content=\"1920\" \/>\n\t<meta property=\"og:image:height\" content=\"1280\" \/>\n\t<meta property=\"og:image:type\" content=\"image\/jpeg\" \/>\n<meta name=\"twitter:card\" content=\"summary_large_image\" \/>\n<meta name=\"twitter:title\" content=\"Kundeservice - Informasjon om mobilinnstillinger | Happybytes\" \/>\n<meta name=\"twitter:description\" content=\"Her finner du informasjon om mobilinnstillinger. Er det noe du ikke finner svar p\u00e5 kan du gjerne chatte med oss i kundeservice-chatten\" \/>\n<meta name=\"twitter:label1\" content=\"Ansl. lesetid\" \/>\n\t<meta name=\"twitter:data1\" content=\"3 minutter\" \/>\n<script type=\"application\/ld+json\" class=\"yoast-schema-graph\">{\"@context\":\"https:\/\/schema.org\",\"@graph\":[{\"@type\":\"WebPage\",\"@id\":\"https:\/\/happybytes.no\/bedrift\/kundeservice\/mobilinnstillinger\/\",\"url\":\"https:\/\/happybytes.no\/bedrift\/kundeservice\/mobilinnstillinger\/\",\"name\":\"Kundeservice - Informasjon om mobilinnstillinger | Happybytes Bedrift\",\"isPartOf\":{\"@id\":\"https:\/\/happybytes.no\/bedrift\/#website\"},\"primaryImageOfPage\":{\"@id\":\"https:\/\/happybytes.no\/bedrift\/kundeservice\/mobilinnstillinger\/#primaryimage\"},\"image\":{\"@id\":\"https:\/\/happybytes.no\/bedrift\/kundeservice\/mobilinnstillinger\/#primaryimage\"},\"thumbnailUrl\":\"\",\"datePublished\":\"2022-10-28T05:49:05+00:00\",\"description\":\"Her finner du informasjon om mobilinnstillinger. Er det noe du ikke finner svar p\u00e5 kan du gjerne chatte med oss i kundeservice-chatten\",\"breadcrumb\":{\"@id\":\"https:\/\/happybytes.no\/bedrift\/kundeservice\/mobilinnstillinger\/#breadcrumb\"},\"inLanguage\":\"nb-NO\",\"potentialAction\":[{\"@type\":\"ReadAction\",\"target\":[\"https:\/\/happybytes.no\/bedrift\/kundeservice\/mobilinnstillinger\/\"]}]},{\"@type\":\"ImageObject\",\"inLanguage\":\"nb-NO\",\"@id\":\"https:\/\/happybytes.no\/bedrift\/kundeservice\/mobilinnstillinger\/#primaryimage\",\"url\":\"\",\"contentUrl\":\"\"},{\"@type\":\"BreadcrumbList\",\"@id\":\"https:\/\/happybytes.no\/bedrift\/kundeservice\/mobilinnstillinger\/#breadcrumb\",\"itemListElement\":[{\"@type\":\"ListItem\",\"position\":1,\"name\":\"Hjem\",\"item\":\"https:\/\/happybytes.no\/bedrift\/forside\/\"},{\"@type\":\"ListItem\",\"position\":2,\"name\":\"Mobilinnstillinger\"}]},{\"@type\":\"WebSite\",\"@id\":\"https:\/\/happybytes.no\/bedrift\/#website\",\"url\":\"https:\/\/happybytes.no\/bedrift\/\",\"name\":\"Happybytes Bedrift\",\"description\":\"Smart mobilabonnement \u2013 tilpasset din bedrift\",\"publisher\":{\"@id\":\"https:\/\/happybytes.no\/bedrift\/#organization\"},\"potentialAction\":[{\"@type\":\"SearchAction\",\"target\":{\"@type\":\"EntryPoint\",\"urlTemplate\":\"https:\/\/happybytes.no\/bedrift\/?s={search_term_string}\"},\"query-input\":{\"@type\":\"PropertyValueSpecification\",\"valueRequired\":true,\"valueName\":\"search_term_string\"}}],\"inLanguage\":\"nb-NO\"},{\"@type\":\"Organization\",\"@id\":\"https:\/\/happybytes.no\/bedrift\/#organization\",\"name\":\"Happybytes AS\",\"url\":\"https:\/\/happybytes.no\/bedrift\/\",\"logo\":{\"@type\":\"ImageObject\",\"inLanguage\":\"nb-NO\",\"@id\":\"https:\/\/happybytes.no\/bedrift\/#\/schema\/logo\/image\/\",\"url\":\"https:\/\/happybytes.no\/bedrift\/wp-content\/uploads\/sites\/2\/2024\/06\/meta_bedrift-1.jpg\",\"contentUrl\":\"https:\/\/happybytes.no\/bedrift\/wp-content\/uploads\/sites\/2\/2024\/06\/meta_bedrift-1.jpg\",\"width\":1920,\"height\":1080,\"caption\":\"Happybytes AS\"},\"image\":{\"@id\":\"https:\/\/happybytes.no\/bedrift\/#\/schema\/logo\/image\/\"}}]}<\/script>\n<!-- \/ Yoast SEO plugin. -->","yoast_head_json":{"title":"Kundeservice - Informasjon om mobilinnstillinger | Happybytes Bedrift","description":"Her finner du informasjon om mobilinnstillinger. Er det noe du ikke finner svar p\u00e5 kan du gjerne chatte med oss i kundeservice-chatten","robots":{"index":"index","follow":"follow","max-snippet":"max-snippet:-1","max-image-preview":"max-image-preview:large","max-video-preview":"max-video-preview:-1"},"canonical":"https:\/\/happybytes.no\/bedrift\/kundeservice\/mobilinnstillinger\/","og_locale":"nb_NO","og_type":"article","og_title":"Kundeservice - Informasjon om mobilinnstillinger | Happybytes","og_description":"Her finner du informasjon om mobilinnstillinger. Er det noe du ikke finner svar p\u00e5 kan du gjerne chatte med oss i kundeservice-chatten","og_url":"https:\/\/happybytes.no\/bedrift\/kundeservice\/mobilinnstillinger\/","og_site_name":"Happybytes Bedrift","og_image":[{"width":1920,"height":1280,"url":"https:\/\/happybytes.no\/bedrift\/wp-content\/uploads\/sites\/2\/2024\/06\/hb_bedrift_front_sectionimage_01-1.jpg","type":"image\/jpeg"}],"twitter_card":"summary_large_image","twitter_title":"Kundeservice - Informasjon om mobilinnstillinger | Happybytes","twitter_description":"Her finner du informasjon om mobilinnstillinger. Er det noe du ikke finner svar p\u00e5 kan du gjerne chatte med oss i kundeservice-chatten","twitter_misc":{"Ansl. lesetid":"3 minutter"},"schema":{"@context":"https:\/\/schema.org","@graph":[{"@type":"WebPage","@id":"https:\/\/happybytes.no\/bedrift\/kundeservice\/mobilinnstillinger\/","url":"https:\/\/happybytes.no\/bedrift\/kundeservice\/mobilinnstillinger\/","name":"Kundeservice - Informasjon om mobilinnstillinger | Happybytes Bedrift","isPartOf":{"@id":"https:\/\/happybytes.no\/bedrift\/#website"},"primaryImageOfPage":{"@id":"https:\/\/happybytes.no\/bedrift\/kundeservice\/mobilinnstillinger\/#primaryimage"},"image":{"@id":"https:\/\/happybytes.no\/bedrift\/kundeservice\/mobilinnstillinger\/#primaryimage"},"thumbnailUrl":"","datePublished":"2022-10-28T05:49:05+00:00","description":"Her finner du informasjon om mobilinnstillinger. Er det noe du ikke finner svar p\u00e5 kan du gjerne chatte med oss i kundeservice-chatten","breadcrumb":{"@id":"https:\/\/happybytes.no\/bedrift\/kundeservice\/mobilinnstillinger\/#breadcrumb"},"inLanguage":"nb-NO","potentialAction":[{"@type":"ReadAction","target":["https:\/\/happybytes.no\/bedrift\/kundeservice\/mobilinnstillinger\/"]}]},{"@type":"ImageObject","inLanguage":"nb-NO","@id":"https:\/\/happybytes.no\/bedrift\/kundeservice\/mobilinnstillinger\/#primaryimage","url":"","contentUrl":""},{"@type":"BreadcrumbList","@id":"https:\/\/happybytes.no\/bedrift\/kundeservice\/mobilinnstillinger\/#breadcrumb","itemListElement":[{"@type":"ListItem","position":1,"name":"Hjem","item":"https:\/\/happybytes.no\/bedrift\/forside\/"},{"@type":"ListItem","position":2,"name":"Mobilinnstillinger"}]},{"@type":"WebSite","@id":"https:\/\/happybytes.no\/bedrift\/#website","url":"https:\/\/happybytes.no\/bedrift\/","name":"Happybytes Bedrift","description":"Smart mobilabonnement \u2013 tilpasset din bedrift","publisher":{"@id":"https:\/\/happybytes.no\/bedrift\/#organization"},"potentialAction":[{"@type":"SearchAction","target":{"@type":"EntryPoint","urlTemplate":"https:\/\/happybytes.no\/bedrift\/?s={search_term_string}"},"query-input":{"@type":"PropertyValueSpecification","valueRequired":true,"valueName":"search_term_string"}}],"inLanguage":"nb-NO"},{"@type":"Organization","@id":"https:\/\/happybytes.no\/bedrift\/#organization","name":"Happybytes AS","url":"https:\/\/happybytes.no\/bedrift\/","logo":{"@type":"ImageObject","inLanguage":"nb-NO","@id":"https:\/\/happybytes.no\/bedrift\/#\/schema\/logo\/image\/","url":"https:\/\/happybytes.no\/bedrift\/wp-content\/uploads\/sites\/2\/2024\/06\/meta_bedrift-1.jpg","contentUrl":"https:\/\/happybytes.no\/bedrift\/wp-content\/uploads\/sites\/2\/2024\/06\/meta_bedrift-1.jpg","width":1920,"height":1080,"caption":"Happybytes AS"},"image":{"@id":"https:\/\/happybytes.no\/bedrift\/#\/schema\/logo\/image\/"}}]}},"_links":{"self":[{"href":"https:\/\/happybytes.no\/bedrift\/wp-json\/wp\/v2\/pages\/6619","targetHints":{"allow":["GET"]}}],"collection":[{"href":"https:\/\/happybytes.no\/bedrift\/wp-json\/wp\/v2\/pages"}],"about":[{"href":"https:\/\/happybytes.no\/bedrift\/wp-json\/wp\/v2\/types\/page"}],"author":[{"embeddable":true,"href":"https:\/\/happybytes.no\/bedrift\/wp-json\/wp\/v2\/users\/2"}],"replies":[{"embeddable":true,"href":"https:\/\/happybytes.no\/bedrift\/wp-json\/wp\/v2\/comments?post=6619"}],"version-history":[{"count":0,"href":"https:\/\/happybytes.no\/bedrift\/wp-json\/wp\/v2\/pages\/6619\/revisions"}],"up":[{"embeddable":true,"href":"https:\/\/happybytes.no\/bedrift\/wp-json\/wp\/v2\/pages\/6635"}],"wp:featuredmedia":[{"embeddable":true,"href":"https:\/\/happybytes.no\/bedrift\/wp-json\/"}],"wp:attachment":[{"href":"https:\/\/happybytes.no\/bedrift\/wp-json\/wp\/v2\/media?parent=6619"}],"curies":[{"name":"wp","href":"https:\/\/api.w.org\/{rel}","templated":true}]}}