

{"id":6621,"date":"2022-10-28T08:07:36","date_gmt":"2022-10-28T05:51:29","guid":{"rendered":"https:\/\/happybytes.no\/?page_id=6621"},"modified":"2022-10-28T08:07:36","modified_gmt":"2022-10-28T05:51:29","slug":"familie-og-barn","status":"publish","type":"page","link":"https:\/\/happybytes.no\/bedrift\/kundeservice\/familie-og-barn\/","title":{"rendered":"Familie og barn"},"content":{"rendered":"\n<style type=\"text\/css\" data-created_by=\"avia_inline_auto\" id=\"style-css-av-av_section-404c64ec60eaa3a0c0c64ef8bb502ebb\">\n.avia-section.av-av_section-404c64ec60eaa3a0c0c64ef8bb502ebb{\nbackground-color:#f8f8f8;\nbackground-image:unset;\n}\n<\/style>\n<div id='ih-center-align-columns'  class='avia-section av-av_section-404c64ec60eaa3a0c0c64ef8bb502ebb main_color avia-section-large avia-no-border-styling  avia-builder-el-0  el_before_av_section  avia-builder-el-first  avia-bg-style-scroll av-minimum-height av-minimum-height-custom av-height-custom  container_wrap fullsize'   data-av_minimum_height_px='200'><div class='container av-section-cont-open' style='height:200px'><main  role=\"main\" itemprop=\"mainContentOfPage\"  class='template-page content  av-content-full alpha units'><div class='post-entry post-entry-type-page post-entry-6621'><div class='entry-content-wrapper clearfix'>\n<div  class='flex_column av-av_three_fifth-75b356ed4dd92b466d126a7b4b2a9e83 av_three_fifth  avia-builder-el-1  avia-builder-el-no-sibling  first flex_column_div  '     ><p>\n<style type=\"text\/css\" data-created_by=\"avia_inline_auto\" id=\"style-css-av-lweyitdg-3ad81b83768346788d240af3c69aa83b\">\n#top .av-special-heading.av-lweyitdg-3ad81b83768346788d240af3c69aa83b{\npadding-bottom:10px;\nfont-size:54px;\n}\nbody .av-special-heading.av-lweyitdg-3ad81b83768346788d240af3c69aa83b .av-special-heading-tag .heading-char{\nfont-size:25px;\n}\n#top #wrap_all .av-special-heading.av-lweyitdg-3ad81b83768346788d240af3c69aa83b .av-special-heading-tag{\nfont-size:54px;\n}\n.av-special-heading.av-lweyitdg-3ad81b83768346788d240af3c69aa83b .av-subheading{\nfont-size:15px;\n}\n\n@media only screen and (min-width: 480px) and (max-width: 767px){ \n#top #wrap_all .av-special-heading.av-lweyitdg-3ad81b83768346788d240af3c69aa83b .av-special-heading-tag{\nfont-size:0.8em;\n}\n}\n\n@media only screen and (max-width: 479px){ \n#top #wrap_all .av-special-heading.av-lweyitdg-3ad81b83768346788d240af3c69aa83b .av-special-heading-tag{\nfont-size:0.8em;\n}\n}\n<\/style>\n<div  class='av-special-heading av-lweyitdg-3ad81b83768346788d240af3c69aa83b av-special-heading-h1 blockquote modern-quote modern-centered  avia-builder-el-2  el_before_av_textblock  avia-builder-el-first  av-inherit-size'><h1 class='av-special-heading-tag'  itemprop=\"headline\"  >Familie og barn<\/h1><div class=\"special-heading-border\"><div class=\"special-heading-inner-border\"><\/div><\/div><\/div><br \/>\n<section  class='av_textblock_section av-av_textblock-0f0cdd94ba0583a488b75cdf82533a9c '   itemscope=\"itemscope\" itemtype=\"https:\/\/schema.org\/CreativeWork\" ><div class='avia_textblock'  itemprop=\"text\" ><p style=\"text-align: center\"><div class=\"breadcrumb breadcrumbs avia-breadcrumbs\"><div class=\"breadcrumb-trail\" ><span class=\"trail-before\"><span class=\"breadcrumb-title\">Du er her:<\/span><\/span> <span  itemscope=\"itemscope\" itemtype=\"https:\/\/schema.org\/BreadcrumbList\" ><span  itemscope=\"itemscope\" itemtype=\"https:\/\/schema.org\/ListItem\" itemprop=\"itemListElement\" ><a itemprop=\"url\" href=\"https:\/\/happybytes.no\/bedrift\" title=\"Happybytes Bedrift\" rel=\"home\" class=\"trail-begin\"><span itemprop=\"name\">Hjem<\/span><\/a><span itemprop=\"position\" class=\"hidden\">1<\/span><\/span><\/span><\/div><\/div><\/p>\n<\/div><\/section><\/p><\/div><\/div><\/div><\/main><!-- close content main element --><\/div><\/div><div id='ih-center-align-columns'  class='avia-section av-av_section-1bc23e7dd0617d8da2034e474291c389 main_color avia-section-default avia-no-shadow  avia-builder-el-4  el_after_av_section  avia-builder-el-last  avia-bg-style-scroll container_wrap fullsize'  ><div class='container av-section-cont-open' ><div class='template-page content  av-content-full alpha units'><div class='post-entry post-entry-type-page post-entry-6621'><div class='entry-content-wrapper clearfix'>\n\n<style type=\"text\/css\" data-created_by=\"avia_inline_auto\" id=\"style-css-av-av_three_fifth-1df1b63c6c045939f2dc1aefbdd8e7ad\">\n.flex_column.av-av_three_fifth-1df1b63c6c045939f2dc1aefbdd8e7ad{\nborder-radius:0px 0px 0px 0px;\npadding:0px 0px 0px 0px;\n}\n<\/style>\n<div  class='flex_column av-av_three_fifth-1df1b63c6c045939f2dc1aefbdd8e7ad av_three_fifth  avia-builder-el-5  avia-builder-el-no-sibling  first flex_column_div av-zero-column-padding  '     ><div  class='togglecontainer av-jmiyz5bo-333147d8041692cd20556aad7bee3763  avia-builder-el-6  avia-builder-el-no-sibling  toggle_close_all' >\n<section class='av_toggle_section av-13vzdw-2aa07ccf05494b3ff89c3f1bbe14d62c'  itemscope=\"itemscope\" itemtype=\"https:\/\/schema.org\/CreativeWork\" ><div role=\"tablist\" class=\"single_toggle\" data-tags=\"{Popul\u00e6re} \"  ><p data-fake-id='#toggle-id-1' class='toggler   '  itemprop=\"headline\"  role='tab' tabindex='0' aria-controls='toggle-id-1'>Kan jeg bestille et abonnement til barnet mitt?<span class=\"toggle_icon\"><span class=\"toggle_arrow\"><span class=\"vert_icon\"><\/span><span class=\"hor_icon\"><\/span><\/span><\/p><div id='toggle-id-1' class='toggle_wrap  '  ><div class='toggle_content invers-color '  itemprop=\"text\" ><p>Ja, det kan du gj\u00f8re. Det er bare \u00e5 bestille p\u00e5 vanlig m\u00e5te og oppgi barnet som bruker underveis i bestillingen. Du vil som juridisk eier v\u00e6re ansvarlig for abonnementet og fakturaen sendes til deg. Har du selv et Happybytes-abonnement vil begge abonnementene samles p\u00e5 en faktura.<\/p>\n<p>P\u00e5 <a style=\"font-weight: 400\" href=\"http:\/\/min.happybytes.no\">Min Side<\/a> har du full oversikt over forbruk og kostnader. Du kan sperre for bruk av innholdstjenster, teletorg (f.eks 820- og 829-nummer) og opplysningstjenster.<\/p>\n<p>P\u00e5 <a style=\"font-weight: 400\" href=\"http:\/\/min.happybytes.no\">Min Side<\/a> kan du ogs\u00e5 aktivere Autop\u00e5fyll (for <a href=\"https:\/\/happybytes.no\/mye-data\/\"><em><strong>Mye data<\/strong><\/em><\/a>-abonnement), sperre for bruk av mobildata (for <a href=\"https:\/\/happybytes.no\/flex\/\"><em><strong>Flex<\/strong><\/em><\/a>-abonnement) eller endre Databrems (for <a href=\"https:\/\/happybytes.no\/flex\/\"><em><strong>Flex<\/strong><\/em><\/a>-abonnement). Databrems ved 10GB er aktivert som standard, og vil redusere hastigheten til<span style=\"font-weight: 400\"> 40 kbps, med mindre du har valgt noe annet ved bestilling.\u00a0<\/span><\/p>\n<\/div><\/div><\/div><\/section>\n<section class='av_toggle_section av-zccyc-178884e423b099b67712b2c6b1b25d08'  itemscope=\"itemscope\" itemtype=\"https:\/\/schema.org\/CreativeWork\" ><div role=\"tablist\" class=\"single_toggle\" data-tags=\"{Popul\u00e6re} \"  ><p data-fake-id='#toggle-id-2' class='toggler   '  itemprop=\"headline\"  role='tab' tabindex='0' aria-controls='toggle-id-2'>Hvem kan bestille mobilabonnement til barn?<span class=\"toggle_icon\"><span class=\"toggle_arrow\"><span class=\"vert_icon\"><\/span><span class=\"hor_icon\"><\/span><\/span><\/p><div id='toggle-id-2' class='toggle_wrap  '  ><div class='toggle_content invers-color '  itemprop=\"text\" ><p><span style=\"font-weight: 400\">Alle over 18 \u00e5r med norsk personnummer, bosatt i Norge kan bestille abonnement hos oss. Det gj\u00f8res en kredittsjekk ved bestilling. Dette gjelder ogs\u00e5 for bestillinger til barn, s\u00e5 i utgangspunktet kan begge foreldre foreta bestillingen p\u00e5 vegne av barnet. <\/span><\/p>\n<p><span style=\"font-weight: 400\">V\u00e6r oppmerksom at dersom barnet allerede har et abonnement hos en annen operat\u00f8r, og man \u00f8nsker \u00e5 videref\u00f8re dette nummeret, s\u00e5 m\u00e5 det nye abonnementet ogs\u00e5 bestilles av den personen som gjorde det sist, ettersom han eller hun st\u00e5r som juridisk eier. Dersom du \u00f8nsker \u00e5 overf\u00f8re eierskapet av nummeret til noen andre kan det gj\u00f8res ved \u00e5 fylle ut og sende inn et <a href=\"https:\/\/happybytes.no\/angrerett-og-eierskifte\/\">eierskifteskjema<\/a> til <\/span><a href=\"mailto:kundeservice@happybytes.no\"><span style=\"font-weight: 400\">kundeservice@happybytes.no<\/span><\/a><\/p>\n<\/div><\/div><\/div><\/section>\n<section class='av_toggle_section av-qagp8-b28596b4e723aab5d68bcc9251c5d877'  itemscope=\"itemscope\" itemtype=\"https:\/\/schema.org\/CreativeWork\" ><div role=\"tablist\" class=\"single_toggle\" data-tags=\"{Popul\u00e6re} \"  ><p data-fake-id='#toggle-id-3' class='toggler   '  itemprop=\"headline\"  role='tab' tabindex='0' aria-controls='toggle-id-3'>Kan vi f\u00e5 \u00e9n felles faktura for hele familien?<span class=\"toggle_icon\"><span class=\"toggle_arrow\"><span class=\"vert_icon\"><\/span><span class=\"hor_icon\"><\/span><\/span><\/p><div id='toggle-id-3' class='toggle_wrap  '  ><div class='toggle_content invers-color '  itemprop=\"text\" ><p><span style=\"font-weight: 400\">Ja, man kan ha flere nummer p\u00e5 samme faktura. Fakturaen vil dermed v\u00e6re en samlefaktura for alle abonnement du er juridisk eier for. Det er en begrensning p\u00e5 4 abonnement n\u00e5r man bestiller, men \u00f8nsker man flere enn 4 abonnement p\u00e5 samme faktura man man ta kontakt med med kundeservice@happybytes.no\u00a0\u00a0<\/span><span style=\"font-weight: 400\"><br \/>\n<\/span><span style=\"font-weight: 400\"><br \/>\n<\/span><span style=\"font-weight: 400\">Du f\u00e5r fakturaen n\u00e5r du bestiller for barna dine, ettersom det er du som voksen som st\u00e5r som juridisk eier av abonnementene. Om du vil legge til en person over 18 \u00e5r i samme husstand, m\u00e5 du v\u00e6re juridisk eier ogs\u00e5 av dette nummeret, da alle abonnementene m\u00e5 samles p\u00e5 samme juridiske eier for \u00e5 kunne f\u00e5 hele familien p\u00e5 en felles faktura. Se \u201cHvordan bytter jeg eier av et abonnement?\u201d nedenfor for mer informasjon om dette.<\/span><\/p>\n<\/div><\/div><\/div><\/section>\n<section class='av_toggle_section av-ik3v8-cf6857da87ff9257e850ddb8ad23919b'  itemscope=\"itemscope\" itemtype=\"https:\/\/schema.org\/CreativeWork\" ><div role=\"tablist\" class=\"single_toggle\" data-tags=\"{Popul\u00e6re} \"  ><p data-fake-id='#toggle-id-4' class='toggler   '  itemprop=\"headline\"  role='tab' tabindex='0' aria-controls='toggle-id-4'>Hvor mange SIM-kort kan jeg ha p\u00e5 samme faktura?<span class=\"toggle_icon\"><span class=\"toggle_arrow\"><span class=\"vert_icon\"><\/span><span class=\"hor_icon\"><\/span><\/span><\/p><div id='toggle-id-4' class='toggle_wrap  '  ><div class='toggle_content invers-color '  itemprop=\"text\" ><p><span style=\"font-weight: 400\">Hos oss kan du samle fire (4) telefonnummer (maksimalt to (2) nye nummer) p\u00e5 samme faktura. Hvert nummer har sitt eget abonnement. Felles faktura krever at alle nummerne har samme juridiske eier.<\/span><\/p>\n<p><span style=\"font-weight: 400\">I tillegg kan kunder med <a href=\"https:\/\/happybytes.no\/flex\/\"><em><strong>Flex<\/strong><\/em><\/a>-abonnement ha to data-SIM hver, samt ett tvilling-SIM, hvor bruk p\u00e5 disse belastes samme abonnement og havner p\u00e5 samme faktura.<\/span><\/p>\n<\/div><\/div><\/div><\/section>\n<section class='av_toggle_section av-fzuvo-b5616e6f99ede3566574d046d50da684'  itemscope=\"itemscope\" itemtype=\"https:\/\/schema.org\/CreativeWork\" ><div role=\"tablist\" class=\"single_toggle\" data-tags=\"{Popul\u00e6re} \"  ><p data-fake-id='#toggle-id-5' class='toggler   '  itemprop=\"headline\"  role='tab' tabindex='0' aria-controls='toggle-id-5'>Kan jeg sperre bruk av mobildata helt?<span class=\"toggle_icon\"><span class=\"toggle_arrow\"><span class=\"vert_icon\"><\/span><span class=\"hor_icon\"><\/span><\/span><\/p><div id='toggle-id-5' class='toggle_wrap  '  ><div class='toggle_content invers-color '  itemprop=\"text\" ><p><span style=\"font-weight: 400\">Ja, det kan du. P\u00e5 <a href=\"http:\/\/min.happybytes.no\">Min Side<\/a> eller i v\u00e5r app (forel\u00f8pig kun i Android-versjon, som du\u00a0 finner <a href=\"https:\/\/play.google.com\/store\/apps\/details?id=no.happybytes.happybytesminside\">her<\/a>) kan du fint sperre for bruk av mobildata om du skulle \u00f8nske det. Husk at du ogs\u00e5 kan sl\u00e5 av mobildata i innstillingene p\u00e5 selve telefonen.<\/span><\/p>\n<\/div><\/div><\/div><\/section>\n<section class='av_toggle_section av-9s5n0-c19461cabe5c306b0d403ef8e0d7608d'  itemscope=\"itemscope\" itemtype=\"https:\/\/schema.org\/CreativeWork\" ><div role=\"tablist\" class=\"single_toggle\" data-tags=\"{Popul\u00e6re} \"  ><p data-fake-id='#toggle-id-6' class='toggler   '  itemprop=\"headline\"  role='tab' tabindex='0' aria-controls='toggle-id-6'>Hvordan bytter jeg eier av et abonnement?<span class=\"toggle_icon\"><span class=\"toggle_arrow\"><span class=\"vert_icon\"><\/span><span class=\"hor_icon\"><\/span><\/span><\/p><div id='toggle-id-6' class='toggle_wrap  '  ><div class='toggle_content invers-color '  itemprop=\"text\" ><p><span style=\"font-weight: 400\">For \u00e5 bytte eier av et mobilabonnement trenger vi godkjenning fra deg og personen som eier abonnementet i dag. Dette l\u00f8ses enkelt ved at dere fyller ut et <a href=\"https:\/\/happybytes.no\/angrerett-og-eierskifte\/\">eierskifteskjema<\/a> og sender det til <\/span><a href=\"mailto:portering@happybytes.no\"><span style=\"font-weight: 400\">portering@happybytes.no<\/span><\/a><\/p>\n<\/div><\/div><\/div><\/section>\n<\/div><\/div><\/p>\n","protected":false},"excerpt":{"rendered":"","protected":false},"author":2,"featured_media":3567,"parent":6635,"menu_order":0,"comment_status":"closed","ping_status":"open","template":"","meta":{"inline_featured_image":false,"footnotes":""},"class_list":["post-6621","page","type-page","status-publish","has-post-thumbnail","hentry"],"yoast_head":"<!-- This site is optimized with the Yoast SEO plugin v24.5 - https:\/\/yoast.com\/wordpress\/plugins\/seo\/ -->\n<title>Kundeservice - Informasjon om familie og barn | Happybytes Bedrift<\/title>\n<meta name=\"description\" content=\"Her finner du informasjon om familie og barn. Er det noe du ikke finner svar p\u00e5 kan du gjerne chatte med oss i kundeservice-chatten\" \/>\n<meta name=\"robots\" content=\"index, follow, max-snippet:-1, max-image-preview:large, max-video-preview:-1\" \/>\n<link rel=\"canonical\" href=\"https:\/\/happybytes.no\/bedrift\/kundeservice\/familie-og-barn\/\" \/>\n<meta property=\"og:locale\" content=\"nb_NO\" \/>\n<meta property=\"og:type\" content=\"article\" \/>\n<meta property=\"og:title\" content=\"Kundeservice - Informasjon om familie og barn | Happybytes\" \/>\n<meta property=\"og:description\" content=\"Her finner du informasjon om familie og barn. Er det noe du ikke finner svar p\u00e5 kan du gjerne chatte med oss i kundeservice-chatten\" \/>\n<meta property=\"og:url\" content=\"https:\/\/happybytes.no\/bedrift\/kundeservice\/familie-og-barn\/\" \/>\n<meta property=\"og:site_name\" content=\"Happybytes Bedrift\" \/>\n<meta property=\"og:image\" content=\"https:\/\/happybytes.no\/bedrift\/wp-content\/uploads\/sites\/2\/2024\/06\/hb_bedrift_front_sectionimage_01-1.jpg\" \/>\n\t<meta property=\"og:image:width\" content=\"1920\" \/>\n\t<meta property=\"og:image:height\" content=\"1280\" \/>\n\t<meta property=\"og:image:type\" content=\"image\/jpeg\" \/>\n<meta name=\"twitter:card\" content=\"summary_large_image\" \/>\n<meta name=\"twitter:title\" content=\"Kundeservice - Informasjon om familie og barn | Happybytes\" \/>\n<meta name=\"twitter:description\" content=\"Her finner du informasjon om familie og barn. Er det noe du ikke finner svar p\u00e5 kan du gjerne chatte med oss i kundeservice-chatten\" \/>\n<meta name=\"twitter:label1\" content=\"Ansl. lesetid\" \/>\n\t<meta name=\"twitter:data1\" content=\"3 minutter\" \/>\n<script type=\"application\/ld+json\" class=\"yoast-schema-graph\">{\"@context\":\"https:\/\/schema.org\",\"@graph\":[{\"@type\":\"WebPage\",\"@id\":\"https:\/\/happybytes.no\/bedrift\/kundeservice\/familie-og-barn\/\",\"url\":\"https:\/\/happybytes.no\/bedrift\/kundeservice\/familie-og-barn\/\",\"name\":\"Kundeservice - Informasjon om familie og barn | Happybytes Bedrift\",\"isPartOf\":{\"@id\":\"https:\/\/happybytes.no\/bedrift\/#website\"},\"primaryImageOfPage\":{\"@id\":\"https:\/\/happybytes.no\/bedrift\/kundeservice\/familie-og-barn\/#primaryimage\"},\"image\":{\"@id\":\"https:\/\/happybytes.no\/bedrift\/kundeservice\/familie-og-barn\/#primaryimage\"},\"thumbnailUrl\":\"\",\"datePublished\":\"2022-10-28T05:51:29+00:00\",\"description\":\"Her finner du informasjon om familie og barn. Er det noe du ikke finner svar p\u00e5 kan du gjerne chatte med oss i kundeservice-chatten\",\"breadcrumb\":{\"@id\":\"https:\/\/happybytes.no\/bedrift\/kundeservice\/familie-og-barn\/#breadcrumb\"},\"inLanguage\":\"nb-NO\",\"potentialAction\":[{\"@type\":\"ReadAction\",\"target\":[\"https:\/\/happybytes.no\/bedrift\/kundeservice\/familie-og-barn\/\"]}]},{\"@type\":\"ImageObject\",\"inLanguage\":\"nb-NO\",\"@id\":\"https:\/\/happybytes.no\/bedrift\/kundeservice\/familie-og-barn\/#primaryimage\",\"url\":\"\",\"contentUrl\":\"\"},{\"@type\":\"BreadcrumbList\",\"@id\":\"https:\/\/happybytes.no\/bedrift\/kundeservice\/familie-og-barn\/#breadcrumb\",\"itemListElement\":[{\"@type\":\"ListItem\",\"position\":1,\"name\":\"Hjem\",\"item\":\"https:\/\/happybytes.no\/bedrift\/forside\/\"},{\"@type\":\"ListItem\",\"position\":2,\"name\":\"Kundeservice\",\"item\":\"https:\/\/happybytes.no\/bedrift\/kundeservice\/\"},{\"@type\":\"ListItem\",\"position\":3,\"name\":\"Familie og barn\"}]},{\"@type\":\"WebSite\",\"@id\":\"https:\/\/happybytes.no\/bedrift\/#website\",\"url\":\"https:\/\/happybytes.no\/bedrift\/\",\"name\":\"Happybytes Bedrift\",\"description\":\"Smart mobilabonnement \u2013 tilpasset din bedrift\",\"publisher\":{\"@id\":\"https:\/\/happybytes.no\/bedrift\/#organization\"},\"potentialAction\":[{\"@type\":\"SearchAction\",\"target\":{\"@type\":\"EntryPoint\",\"urlTemplate\":\"https:\/\/happybytes.no\/bedrift\/?s={search_term_string}\"},\"query-input\":{\"@type\":\"PropertyValueSpecification\",\"valueRequired\":true,\"valueName\":\"search_term_string\"}}],\"inLanguage\":\"nb-NO\"},{\"@type\":\"Organization\",\"@id\":\"https:\/\/happybytes.no\/bedrift\/#organization\",\"name\":\"Happybytes AS\",\"url\":\"https:\/\/happybytes.no\/bedrift\/\",\"logo\":{\"@type\":\"ImageObject\",\"inLanguage\":\"nb-NO\",\"@id\":\"https:\/\/happybytes.no\/bedrift\/#\/schema\/logo\/image\/\",\"url\":\"https:\/\/happybytes.no\/bedrift\/wp-content\/uploads\/sites\/2\/2024\/06\/meta_bedrift-1.jpg\",\"contentUrl\":\"https:\/\/happybytes.no\/bedrift\/wp-content\/uploads\/sites\/2\/2024\/06\/meta_bedrift-1.jpg\",\"width\":1920,\"height\":1080,\"caption\":\"Happybytes AS\"},\"image\":{\"@id\":\"https:\/\/happybytes.no\/bedrift\/#\/schema\/logo\/image\/\"}}]}<\/script>\n<!-- \/ Yoast SEO plugin. -->","yoast_head_json":{"title":"Kundeservice - Informasjon om familie og barn | Happybytes Bedrift","description":"Her finner du informasjon om familie og barn. Er det noe du ikke finner svar p\u00e5 kan du gjerne chatte med oss i kundeservice-chatten","robots":{"index":"index","follow":"follow","max-snippet":"max-snippet:-1","max-image-preview":"max-image-preview:large","max-video-preview":"max-video-preview:-1"},"canonical":"https:\/\/happybytes.no\/bedrift\/kundeservice\/familie-og-barn\/","og_locale":"nb_NO","og_type":"article","og_title":"Kundeservice - Informasjon om familie og barn | Happybytes","og_description":"Her finner du informasjon om familie og barn. Er det noe du ikke finner svar p\u00e5 kan du gjerne chatte med oss i kundeservice-chatten","og_url":"https:\/\/happybytes.no\/bedrift\/kundeservice\/familie-og-barn\/","og_site_name":"Happybytes Bedrift","og_image":[{"width":1920,"height":1280,"url":"https:\/\/happybytes.no\/bedrift\/wp-content\/uploads\/sites\/2\/2024\/06\/hb_bedrift_front_sectionimage_01-1.jpg","type":"image\/jpeg"}],"twitter_card":"summary_large_image","twitter_title":"Kundeservice - Informasjon om familie og barn | Happybytes","twitter_description":"Her finner du informasjon om familie og barn. Er det noe du ikke finner svar p\u00e5 kan du gjerne chatte med oss i kundeservice-chatten","twitter_misc":{"Ansl. lesetid":"3 minutter"},"schema":{"@context":"https:\/\/schema.org","@graph":[{"@type":"WebPage","@id":"https:\/\/happybytes.no\/bedrift\/kundeservice\/familie-og-barn\/","url":"https:\/\/happybytes.no\/bedrift\/kundeservice\/familie-og-barn\/","name":"Kundeservice - Informasjon om familie og barn | Happybytes Bedrift","isPartOf":{"@id":"https:\/\/happybytes.no\/bedrift\/#website"},"primaryImageOfPage":{"@id":"https:\/\/happybytes.no\/bedrift\/kundeservice\/familie-og-barn\/#primaryimage"},"image":{"@id":"https:\/\/happybytes.no\/bedrift\/kundeservice\/familie-og-barn\/#primaryimage"},"thumbnailUrl":"","datePublished":"2022-10-28T05:51:29+00:00","description":"Her finner du informasjon om familie og barn. Er det noe du ikke finner svar p\u00e5 kan du gjerne chatte med oss i kundeservice-chatten","breadcrumb":{"@id":"https:\/\/happybytes.no\/bedrift\/kundeservice\/familie-og-barn\/#breadcrumb"},"inLanguage":"nb-NO","potentialAction":[{"@type":"ReadAction","target":["https:\/\/happybytes.no\/bedrift\/kundeservice\/familie-og-barn\/"]}]},{"@type":"ImageObject","inLanguage":"nb-NO","@id":"https:\/\/happybytes.no\/bedrift\/kundeservice\/familie-og-barn\/#primaryimage","url":"","contentUrl":""},{"@type":"BreadcrumbList","@id":"https:\/\/happybytes.no\/bedrift\/kundeservice\/familie-og-barn\/#breadcrumb","itemListElement":[{"@type":"ListItem","position":1,"name":"Hjem","item":"https:\/\/happybytes.no\/bedrift\/forside\/"},{"@type":"ListItem","position":2,"name":"Kundeservice","item":"https:\/\/happybytes.no\/bedrift\/kundeservice\/"},{"@type":"ListItem","position":3,"name":"Familie og barn"}]},{"@type":"WebSite","@id":"https:\/\/happybytes.no\/bedrift\/#website","url":"https:\/\/happybytes.no\/bedrift\/","name":"Happybytes Bedrift","description":"Smart mobilabonnement \u2013 tilpasset din bedrift","publisher":{"@id":"https:\/\/happybytes.no\/bedrift\/#organization"},"potentialAction":[{"@type":"SearchAction","target":{"@type":"EntryPoint","urlTemplate":"https:\/\/happybytes.no\/bedrift\/?s={search_term_string}"},"query-input":{"@type":"PropertyValueSpecification","valueRequired":true,"valueName":"search_term_string"}}],"inLanguage":"nb-NO"},{"@type":"Organization","@id":"https:\/\/happybytes.no\/bedrift\/#organization","name":"Happybytes AS","url":"https:\/\/happybytes.no\/bedrift\/","logo":{"@type":"ImageObject","inLanguage":"nb-NO","@id":"https:\/\/happybytes.no\/bedrift\/#\/schema\/logo\/image\/","url":"https:\/\/happybytes.no\/bedrift\/wp-content\/uploads\/sites\/2\/2024\/06\/meta_bedrift-1.jpg","contentUrl":"https:\/\/happybytes.no\/bedrift\/wp-content\/uploads\/sites\/2\/2024\/06\/meta_bedrift-1.jpg","width":1920,"height":1080,"caption":"Happybytes AS"},"image":{"@id":"https:\/\/happybytes.no\/bedrift\/#\/schema\/logo\/image\/"}}]}},"_links":{"self":[{"href":"https:\/\/happybytes.no\/bedrift\/wp-json\/wp\/v2\/pages\/6621","targetHints":{"allow":["GET"]}}],"collection":[{"href":"https:\/\/happybytes.no\/bedrift\/wp-json\/wp\/v2\/pages"}],"about":[{"href":"https:\/\/happybytes.no\/bedrift\/wp-json\/wp\/v2\/types\/page"}],"author":[{"embeddable":true,"href":"https:\/\/happybytes.no\/bedrift\/wp-json\/wp\/v2\/users\/2"}],"replies":[{"embeddable":true,"href":"https:\/\/happybytes.no\/bedrift\/wp-json\/wp\/v2\/comments?post=6621"}],"version-history":[{"count":0,"href":"https:\/\/happybytes.no\/bedrift\/wp-json\/wp\/v2\/pages\/6621\/revisions"}],"up":[{"embeddable":true,"href":"https:\/\/happybytes.no\/bedrift\/wp-json\/wp\/v2\/pages\/6635"}],"wp:featuredmedia":[{"embeddable":true,"href":"https:\/\/happybytes.no\/bedrift\/wp-json\/"}],"wp:attachment":[{"href":"https:\/\/happybytes.no\/bedrift\/wp-json\/wp\/v2\/media?parent=6621"}],"curies":[{"name":"wp","href":"https:\/\/api.w.org\/{rel}","templated":true}]}}