

{"id":6625,"date":"2022-10-28T08:07:36","date_gmt":"2022-10-28T05:53:55","guid":{"rendered":"https:\/\/happybytes.no\/?page_id=6625"},"modified":"2022-10-28T08:07:36","modified_gmt":"2022-10-28T05:53:55","slug":"happybytes-appen","status":"publish","type":"page","link":"https:\/\/happybytes.no\/bedrift\/kundeservice\/happybytes-appen\/","title":{"rendered":"Happybytes-appen"},"content":{"rendered":"\n<style type=\"text\/css\" data-created_by=\"avia_inline_auto\" id=\"style-css-av-av_section-404c64ec60eaa3a0c0c64ef8bb502ebb\">\n.avia-section.av-av_section-404c64ec60eaa3a0c0c64ef8bb502ebb{\nbackground-color:#f8f8f8;\nbackground-image:unset;\n}\n<\/style>\n<div id='ih-center-align-columns'  class='avia-section av-av_section-404c64ec60eaa3a0c0c64ef8bb502ebb main_color avia-section-large avia-no-border-styling  avia-builder-el-0  el_before_av_section  avia-builder-el-first  avia-bg-style-scroll av-minimum-height av-minimum-height-custom av-height-custom  container_wrap fullsize'   data-av_minimum_height_px='200'><div class='container av-section-cont-open' style='height:200px'><main  role=\"main\" itemprop=\"mainContentOfPage\"  class='template-page content  av-content-full alpha units'><div class='post-entry post-entry-type-page post-entry-6625'><div class='entry-content-wrapper clearfix'>\n<div  class='flex_column av-av_three_fifth-75b356ed4dd92b466d126a7b4b2a9e83 av_three_fifth  avia-builder-el-1  avia-builder-el-no-sibling  first flex_column_div  '     ><p>\n<style type=\"text\/css\" data-created_by=\"avia_inline_auto\" id=\"style-css-av-lwezvzp3-f22b0c6789935f27422ccf8da63658a0\">\n#top .av-special-heading.av-lwezvzp3-f22b0c6789935f27422ccf8da63658a0{\npadding-bottom:10px;\nfont-size:54px;\n}\nbody .av-special-heading.av-lwezvzp3-f22b0c6789935f27422ccf8da63658a0 .av-special-heading-tag .heading-char{\nfont-size:25px;\n}\n#top #wrap_all .av-special-heading.av-lwezvzp3-f22b0c6789935f27422ccf8da63658a0 .av-special-heading-tag{\nfont-size:54px;\n}\n.av-special-heading.av-lwezvzp3-f22b0c6789935f27422ccf8da63658a0 .av-subheading{\nfont-size:15px;\n}\n\n@media only screen and (min-width: 480px) and (max-width: 767px){ \n#top #wrap_all .av-special-heading.av-lwezvzp3-f22b0c6789935f27422ccf8da63658a0 .av-special-heading-tag{\nfont-size:0.8em;\n}\n}\n\n@media only screen and (max-width: 479px){ \n#top #wrap_all .av-special-heading.av-lwezvzp3-f22b0c6789935f27422ccf8da63658a0 .av-special-heading-tag{\nfont-size:0.8em;\n}\n}\n<\/style>\n<div  class='av-special-heading av-lwezvzp3-f22b0c6789935f27422ccf8da63658a0 av-special-heading-h1 blockquote modern-quote modern-centered  avia-builder-el-2  el_before_av_textblock  avia-builder-el-first  av-inherit-size'><h1 class='av-special-heading-tag'  itemprop=\"headline\"  >Happybytes-appen<\/h1><div class=\"special-heading-border\"><div class=\"special-heading-inner-border\"><\/div><\/div><\/div><br \/>\n<section  class='av_textblock_section av-av_textblock-0f0cdd94ba0583a488b75cdf82533a9c '   itemscope=\"itemscope\" itemtype=\"https:\/\/schema.org\/CreativeWork\" ><div class='avia_textblock'  itemprop=\"text\" ><p style=\"text-align: center\"><div class=\"breadcrumb breadcrumbs avia-breadcrumbs\"><div class=\"breadcrumb-trail\" ><span class=\"trail-before\"><span class=\"breadcrumb-title\">Du er her:<\/span><\/span> <span  itemscope=\"itemscope\" itemtype=\"https:\/\/schema.org\/BreadcrumbList\" ><span  itemscope=\"itemscope\" itemtype=\"https:\/\/schema.org\/ListItem\" itemprop=\"itemListElement\" ><a itemprop=\"url\" href=\"https:\/\/happybytes.no\/bedrift\" title=\"Happybytes Bedrift\" rel=\"home\" class=\"trail-begin\"><span itemprop=\"name\">Hjem<\/span><\/a><span itemprop=\"position\" class=\"hidden\">1<\/span><\/span><\/span><\/div><\/div><\/p>\n<\/div><\/section><\/p><\/div><\/div><\/div><\/main><!-- close content main element --><\/div><\/div><div id='ih-center-align-columns'  class='avia-section av-av_section-1bc23e7dd0617d8da2034e474291c389 main_color avia-section-default avia-no-shadow  avia-builder-el-4  el_after_av_section  avia-builder-el-last  avia-bg-style-scroll container_wrap fullsize'  ><div class='container av-section-cont-open' ><div class='template-page content  av-content-full alpha units'><div class='post-entry post-entry-type-page post-entry-6625'><div class='entry-content-wrapper clearfix'>\n\n<style type=\"text\/css\" data-created_by=\"avia_inline_auto\" id=\"style-css-av-av_three_fifth-1df1b63c6c045939f2dc1aefbdd8e7ad\">\n.flex_column.av-av_three_fifth-1df1b63c6c045939f2dc1aefbdd8e7ad{\nborder-radius:0px 0px 0px 0px;\npadding:0px 0px 0px 0px;\n}\n<\/style>\n<div  class='flex_column av-av_three_fifth-1df1b63c6c045939f2dc1aefbdd8e7ad av_three_fifth  avia-builder-el-5  avia-builder-el-no-sibling  first flex_column_div av-zero-column-padding  '     ><div  class='togglecontainer av-jmiyz5bo-333147d8041692cd20556aad7bee3763  avia-builder-el-6  avia-builder-el-no-sibling  toggle_close_all' >\n<section class='av_toggle_section av-7h4g8-05ecce0cab2df009c158aa9a0a837e61'  itemscope=\"itemscope\" itemtype=\"https:\/\/schema.org\/CreativeWork\" ><div role=\"tablist\" class=\"single_toggle\" data-tags=\"{Popul\u00e6re} \"  ><p data-fake-id='#toggle-id-1' class='toggler   '  itemprop=\"headline\"  role='tab' tabindex='0' aria-controls='toggle-id-1'>Har Happybytes en egen app?<span class=\"toggle_icon\"><span class=\"toggle_arrow\"><span class=\"vert_icon\"><\/span><span class=\"hor_icon\"><\/span><\/span><\/p><div id='toggle-id-1' class='toggle_wrap  '  ><div class='toggle_content invers-color '  itemprop=\"text\" ><p><span style=\"font-weight: 400\">Ja, vi har en app.<br \/>\nDenne finnes b\u00e5de for iPhone (iOS) og Android-telefoner. Appene finner du her:\u00a0<\/span><\/p>\n<ul>\n<li><a href=\"https:\/\/apps.apple.com\/no\/app\/min-happybytes\/id1498176073\">iPhone<\/a> (iOS)<\/li>\n<li><a href=\"https:\/\/play.google.com\/store\/apps\/details?id=no.happybytes.min.android\">Android<\/a> (Samsung, Huawei, Sony osv.)<\/li>\n<\/ul>\n<p>Appen har samme funksjonalitet som den du finner p\u00e5 <a href=\"http:\/\/min.happybytes.no\">Min Side<\/a>.<\/p>\n<\/div><\/div><\/div><\/section>\n<section class='av_toggle_section av-1qvao-455d0518ca3aed94fe4d3439395e2c84'  itemscope=\"itemscope\" itemtype=\"https:\/\/schema.org\/CreativeWork\" ><div role=\"tablist\" class=\"single_toggle\" data-tags=\"{Popul\u00e6re} \"  ><p data-fake-id='#toggle-id-2' class='toggler   '  itemprop=\"headline\"  role='tab' tabindex='0' aria-controls='toggle-id-2'>Hva kan jeg gj\u00f8re med Happybytes-appen?<span class=\"toggle_icon\"><span class=\"toggle_arrow\"><span class=\"vert_icon\"><\/span><span class=\"hor_icon\"><\/span><\/span><\/p><div id='toggle-id-2' class='toggle_wrap  '  ><div class='toggle_content invers-color '  itemprop=\"text\" ><p style=\"text-align: left\">Happybytes-appen er en forlengelse av <a href=\"http:\/\/min.happybytes.no\">Min Side<\/a> og lar deg gj\u00f8re alt det samme som du ville gjort der, bare lettere tilgjengelig.<\/p>\n<p style=\"text-align: left\">Du slipper \u00e5 bes\u00f8ke Min Side via en nettleser og appen husker ogs\u00e5 innloggingsinformasjonen mellom hvert bes\u00f8k.<\/p>\n<p style=\"text-align: left\">For \u00e5 logge deg inn i appen f\u00f8rste gang bruker du bare samme innloggingsinformasjon som p\u00e5 Min Side.<\/p>\n<p style=\"text-align: left\"><span style=\"font-weight: 400\">Du kan se p\u00e5 appen som en fjernkontroll for abonnementet ditt. <\/span>Typiske funksjoner du finner i appen er:<\/p>\n<ul>\n<li style=\"text-align: left\">Forbruk s\u00e5 langt i m\u00e5neden<\/li>\n<li style=\"text-align: left\">Fakturaoversikt<\/li>\n<li style=\"text-align: left\">Tilleggstjenester<\/li>\n<li style=\"text-align: left\">Databrems<\/li>\n<li style=\"text-align: left\">PIN- og PUK-koder<\/li>\n<\/ul>\n<\/div><\/div><\/div><\/section>\n<section class='av_toggle_section av-agod4-77f02330234b4dc13cc5f30b58c0406d'  itemscope=\"itemscope\" itemtype=\"https:\/\/schema.org\/CreativeWork\" ><div role=\"tablist\" class=\"single_toggle\" data-tags=\"{Popul\u00e6re} \"  ><p data-fake-id='#toggle-id-3' class='toggler   '  itemprop=\"headline\"  role='tab' tabindex='0' aria-controls='toggle-id-3'>Hvor laster jeg ned appen?<span class=\"toggle_icon\"><span class=\"toggle_arrow\"><span class=\"vert_icon\"><\/span><span class=\"hor_icon\"><\/span><\/span><\/p><div id='toggle-id-3' class='toggle_wrap  '  ><div class='toggle_content invers-color '  itemprop=\"text\" ><p style=\"text-align: left\">Happybytes-appen finnes b\u00e5de i iOS-utgave for iPhone-brukere og en Android-utgave for alle med Android-telefoner.<\/p>\n<p style=\"text-align: left\">De ulike appene finner du her:<\/p>\n<ul style=\"text-align: left\">\n<li style=\"text-align: left\"><a href=\"https:\/\/apps.apple.com\/no\/app\/min-happybytes\/id1498176073\">iOS-app<\/a> (for iPhone)<\/li>\n<li style=\"text-align: left\"><a href=\"https:\/\/play.google.com\/store\/apps\/details?id=no.happybytes.min.android\">Android<\/a> (for Android-telefoner som Samsung, Huawei, Sony, etc.)<\/li>\n<\/ul>\n<p style=\"text-align: left\">N\u00e5r du har lastet ned appen vil den legge seg p\u00e5 telefonen din.<\/p>\n<p>Appen-ikonet p\u00e5 telefonen vil se slik ut:<\/p>\n<p><img loading=\"lazy\" decoding=\"async\" class=\"alignnone size-medium wp-image-3689\" src=\"https:\/\/happybytes.no\/wp-content\/uploads\/2020\/03\/App_ikon-1-300x300.png\" alt=\"\" width=\"300\" height=\"300\" \/><\/p>\n<\/div><\/div><\/div><\/section>\n<section class='av_toggle_section av-11j9c-b054dae565670bdab45f88d35ec6bef3'  itemscope=\"itemscope\" itemtype=\"https:\/\/schema.org\/CreativeWork\" ><div role=\"tablist\" class=\"single_toggle\" data-tags=\"{Popul\u00e6re} \"  ><p data-fake-id='#toggle-id-4' class='toggler   '  itemprop=\"headline\"  role='tab' tabindex='0' aria-controls='toggle-id-4'>Jeg har ikke en iPhone eller Android-telefon, hva gj\u00f8r jeg?<span class=\"toggle_icon\"><span class=\"toggle_arrow\"><span class=\"vert_icon\"><\/span><span class=\"hor_icon\"><\/span><\/span><\/p><div id='toggle-id-4' class='toggle_wrap  '  ><div class='toggle_content invers-color '  itemprop=\"text\" ><p><span style=\"font-weight: 400\">Appen vil dessverre bare lages for iOS og Android, men du kan gj\u00f8re alt du ville gjort i appen p\u00e5 <a href=\"http:\/\/min.happybytes.no\">Min Side<\/a>. Om du ikke kan laste ned appen anbefaler vi deg \u00e5 lage en snarvei til <a href=\"http:\/\/min.happybytes.no\">Min Side<\/a> p\u00e5 mobilen din. Da ligger siden alltid lett tilgjengelig p\u00e5 samme m\u00e5te som en app.<\/span><\/p>\n<\/div><\/div><\/div><\/section>\n<\/div><\/div><\/p>\n","protected":false},"excerpt":{"rendered":"","protected":false},"author":2,"featured_media":3567,"parent":6635,"menu_order":0,"comment_status":"closed","ping_status":"open","template":"","meta":{"inline_featured_image":false,"footnotes":""},"class_list":["post-6625","page","type-page","status-publish","has-post-thumbnail","hentry"],"yoast_head":"<!-- This site is optimized with the Yoast SEO plugin v24.5 - https:\/\/yoast.com\/wordpress\/plugins\/seo\/ -->\n<title>Kundeservice - Informasjon om Happybytes-appen | Happybytes Bedrift<\/title>\n<meta name=\"description\" content=\"Her finner du informasjon om Happybytes-appen. Er det noe du ikke finner svar p\u00e5 kan du gjerne chatte med oss i kundeservice-chatten\" \/>\n<meta name=\"robots\" content=\"index, follow, max-snippet:-1, max-image-preview:large, max-video-preview:-1\" \/>\n<link rel=\"canonical\" href=\"https:\/\/happybytes.no\/bedrift\/kundeservice\/happybytes-appen\/\" \/>\n<meta property=\"og:locale\" content=\"nb_NO\" \/>\n<meta property=\"og:type\" content=\"article\" \/>\n<meta property=\"og:title\" content=\"Kundeservice - Informasjon om Happybytes-appen | Happybytes\" \/>\n<meta property=\"og:description\" content=\"Her finner du informasjon om Happybytes-appen. Er det noe du ikke finner svar p\u00e5 kan du gjerne chatte med oss i kundeservice-chatten\" \/>\n<meta property=\"og:url\" content=\"https:\/\/happybytes.no\/bedrift\/kundeservice\/happybytes-appen\/\" \/>\n<meta property=\"og:site_name\" content=\"Happybytes Bedrift\" \/>\n<meta property=\"og:image\" content=\"https:\/\/happybytes.no\/bedrift\/wp-content\/uploads\/sites\/2\/2024\/06\/hb_bedrift_front_sectionimage_01-1.jpg\" \/>\n\t<meta property=\"og:image:width\" content=\"1920\" \/>\n\t<meta property=\"og:image:height\" content=\"1280\" \/>\n\t<meta property=\"og:image:type\" content=\"image\/jpeg\" \/>\n<meta name=\"twitter:card\" content=\"summary_large_image\" \/>\n<meta name=\"twitter:title\" content=\"Kundeservice - Informasjon om Happybytes-appen | Happybytes\" \/>\n<meta name=\"twitter:description\" content=\"Her finner du informasjon om Happybytes-appen. Er det noe du ikke finner svar p\u00e5 kan du gjerne chatte med oss i kundeservice-chatten\" \/>\n<meta name=\"twitter:label1\" content=\"Ansl. lesetid\" \/>\n\t<meta name=\"twitter:data1\" content=\"2 minutter\" \/>\n<script type=\"application\/ld+json\" class=\"yoast-schema-graph\">{\"@context\":\"https:\/\/schema.org\",\"@graph\":[{\"@type\":\"WebPage\",\"@id\":\"https:\/\/happybytes.no\/bedrift\/kundeservice\/happybytes-appen\/\",\"url\":\"https:\/\/happybytes.no\/bedrift\/kundeservice\/happybytes-appen\/\",\"name\":\"Kundeservice - Informasjon om Happybytes-appen | Happybytes Bedrift\",\"isPartOf\":{\"@id\":\"https:\/\/happybytes.no\/bedrift\/#website\"},\"primaryImageOfPage\":{\"@id\":\"https:\/\/happybytes.no\/bedrift\/kundeservice\/happybytes-appen\/#primaryimage\"},\"image\":{\"@id\":\"https:\/\/happybytes.no\/bedrift\/kundeservice\/happybytes-appen\/#primaryimage\"},\"thumbnailUrl\":\"\",\"datePublished\":\"2022-10-28T05:53:55+00:00\",\"description\":\"Her finner du informasjon om Happybytes-appen. Er det noe du ikke finner svar p\u00e5 kan du gjerne chatte med oss i kundeservice-chatten\",\"breadcrumb\":{\"@id\":\"https:\/\/happybytes.no\/bedrift\/kundeservice\/happybytes-appen\/#breadcrumb\"},\"inLanguage\":\"nb-NO\",\"potentialAction\":[{\"@type\":\"ReadAction\",\"target\":[\"https:\/\/happybytes.no\/bedrift\/kundeservice\/happybytes-appen\/\"]}]},{\"@type\":\"ImageObject\",\"inLanguage\":\"nb-NO\",\"@id\":\"https:\/\/happybytes.no\/bedrift\/kundeservice\/happybytes-appen\/#primaryimage\",\"url\":\"\",\"contentUrl\":\"\"},{\"@type\":\"BreadcrumbList\",\"@id\":\"https:\/\/happybytes.no\/bedrift\/kundeservice\/happybytes-appen\/#breadcrumb\",\"itemListElement\":[{\"@type\":\"ListItem\",\"position\":1,\"name\":\"Hjem\",\"item\":\"https:\/\/happybytes.no\/bedrift\/forside\/\"},{\"@type\":\"ListItem\",\"position\":2,\"name\":\"Kundeservice\",\"item\":\"https:\/\/happybytes.no\/bedrift\/kundeservice\/\"},{\"@type\":\"ListItem\",\"position\":3,\"name\":\"Happybytes-appen\"}]},{\"@type\":\"WebSite\",\"@id\":\"https:\/\/happybytes.no\/bedrift\/#website\",\"url\":\"https:\/\/happybytes.no\/bedrift\/\",\"name\":\"Happybytes Bedrift\",\"description\":\"Smart mobilabonnement \u2013 tilpasset din bedrift\",\"publisher\":{\"@id\":\"https:\/\/happybytes.no\/bedrift\/#organization\"},\"potentialAction\":[{\"@type\":\"SearchAction\",\"target\":{\"@type\":\"EntryPoint\",\"urlTemplate\":\"https:\/\/happybytes.no\/bedrift\/?s={search_term_string}\"},\"query-input\":{\"@type\":\"PropertyValueSpecification\",\"valueRequired\":true,\"valueName\":\"search_term_string\"}}],\"inLanguage\":\"nb-NO\"},{\"@type\":\"Organization\",\"@id\":\"https:\/\/happybytes.no\/bedrift\/#organization\",\"name\":\"Happybytes AS\",\"url\":\"https:\/\/happybytes.no\/bedrift\/\",\"logo\":{\"@type\":\"ImageObject\",\"inLanguage\":\"nb-NO\",\"@id\":\"https:\/\/happybytes.no\/bedrift\/#\/schema\/logo\/image\/\",\"url\":\"https:\/\/happybytes.no\/bedrift\/wp-content\/uploads\/sites\/2\/2024\/06\/meta_bedrift-1.jpg\",\"contentUrl\":\"https:\/\/happybytes.no\/bedrift\/wp-content\/uploads\/sites\/2\/2024\/06\/meta_bedrift-1.jpg\",\"width\":1920,\"height\":1080,\"caption\":\"Happybytes AS\"},\"image\":{\"@id\":\"https:\/\/happybytes.no\/bedrift\/#\/schema\/logo\/image\/\"}}]}<\/script>\n<!-- \/ Yoast SEO plugin. -->","yoast_head_json":{"title":"Kundeservice - Informasjon om Happybytes-appen | Happybytes Bedrift","description":"Her finner du informasjon om Happybytes-appen. Er det noe du ikke finner svar p\u00e5 kan du gjerne chatte med oss i kundeservice-chatten","robots":{"index":"index","follow":"follow","max-snippet":"max-snippet:-1","max-image-preview":"max-image-preview:large","max-video-preview":"max-video-preview:-1"},"canonical":"https:\/\/happybytes.no\/bedrift\/kundeservice\/happybytes-appen\/","og_locale":"nb_NO","og_type":"article","og_title":"Kundeservice - Informasjon om Happybytes-appen | Happybytes","og_description":"Her finner du informasjon om Happybytes-appen. Er det noe du ikke finner svar p\u00e5 kan du gjerne chatte med oss i kundeservice-chatten","og_url":"https:\/\/happybytes.no\/bedrift\/kundeservice\/happybytes-appen\/","og_site_name":"Happybytes Bedrift","og_image":[{"width":1920,"height":1280,"url":"https:\/\/happybytes.no\/bedrift\/wp-content\/uploads\/sites\/2\/2024\/06\/hb_bedrift_front_sectionimage_01-1.jpg","type":"image\/jpeg"}],"twitter_card":"summary_large_image","twitter_title":"Kundeservice - Informasjon om Happybytes-appen | Happybytes","twitter_description":"Her finner du informasjon om Happybytes-appen. Er det noe du ikke finner svar p\u00e5 kan du gjerne chatte med oss i kundeservice-chatten","twitter_misc":{"Ansl. lesetid":"2 minutter"},"schema":{"@context":"https:\/\/schema.org","@graph":[{"@type":"WebPage","@id":"https:\/\/happybytes.no\/bedrift\/kundeservice\/happybytes-appen\/","url":"https:\/\/happybytes.no\/bedrift\/kundeservice\/happybytes-appen\/","name":"Kundeservice - Informasjon om Happybytes-appen | Happybytes Bedrift","isPartOf":{"@id":"https:\/\/happybytes.no\/bedrift\/#website"},"primaryImageOfPage":{"@id":"https:\/\/happybytes.no\/bedrift\/kundeservice\/happybytes-appen\/#primaryimage"},"image":{"@id":"https:\/\/happybytes.no\/bedrift\/kundeservice\/happybytes-appen\/#primaryimage"},"thumbnailUrl":"","datePublished":"2022-10-28T05:53:55+00:00","description":"Her finner du informasjon om Happybytes-appen. Er det noe du ikke finner svar p\u00e5 kan du gjerne chatte med oss i kundeservice-chatten","breadcrumb":{"@id":"https:\/\/happybytes.no\/bedrift\/kundeservice\/happybytes-appen\/#breadcrumb"},"inLanguage":"nb-NO","potentialAction":[{"@type":"ReadAction","target":["https:\/\/happybytes.no\/bedrift\/kundeservice\/happybytes-appen\/"]}]},{"@type":"ImageObject","inLanguage":"nb-NO","@id":"https:\/\/happybytes.no\/bedrift\/kundeservice\/happybytes-appen\/#primaryimage","url":"","contentUrl":""},{"@type":"BreadcrumbList","@id":"https:\/\/happybytes.no\/bedrift\/kundeservice\/happybytes-appen\/#breadcrumb","itemListElement":[{"@type":"ListItem","position":1,"name":"Hjem","item":"https:\/\/happybytes.no\/bedrift\/forside\/"},{"@type":"ListItem","position":2,"name":"Kundeservice","item":"https:\/\/happybytes.no\/bedrift\/kundeservice\/"},{"@type":"ListItem","position":3,"name":"Happybytes-appen"}]},{"@type":"WebSite","@id":"https:\/\/happybytes.no\/bedrift\/#website","url":"https:\/\/happybytes.no\/bedrift\/","name":"Happybytes Bedrift","description":"Smart mobilabonnement \u2013 tilpasset din bedrift","publisher":{"@id":"https:\/\/happybytes.no\/bedrift\/#organization"},"potentialAction":[{"@type":"SearchAction","target":{"@type":"EntryPoint","urlTemplate":"https:\/\/happybytes.no\/bedrift\/?s={search_term_string}"},"query-input":{"@type":"PropertyValueSpecification","valueRequired":true,"valueName":"search_term_string"}}],"inLanguage":"nb-NO"},{"@type":"Organization","@id":"https:\/\/happybytes.no\/bedrift\/#organization","name":"Happybytes AS","url":"https:\/\/happybytes.no\/bedrift\/","logo":{"@type":"ImageObject","inLanguage":"nb-NO","@id":"https:\/\/happybytes.no\/bedrift\/#\/schema\/logo\/image\/","url":"https:\/\/happybytes.no\/bedrift\/wp-content\/uploads\/sites\/2\/2024\/06\/meta_bedrift-1.jpg","contentUrl":"https:\/\/happybytes.no\/bedrift\/wp-content\/uploads\/sites\/2\/2024\/06\/meta_bedrift-1.jpg","width":1920,"height":1080,"caption":"Happybytes AS"},"image":{"@id":"https:\/\/happybytes.no\/bedrift\/#\/schema\/logo\/image\/"}}]}},"_links":{"self":[{"href":"https:\/\/happybytes.no\/bedrift\/wp-json\/wp\/v2\/pages\/6625","targetHints":{"allow":["GET"]}}],"collection":[{"href":"https:\/\/happybytes.no\/bedrift\/wp-json\/wp\/v2\/pages"}],"about":[{"href":"https:\/\/happybytes.no\/bedrift\/wp-json\/wp\/v2\/types\/page"}],"author":[{"embeddable":true,"href":"https:\/\/happybytes.no\/bedrift\/wp-json\/wp\/v2\/users\/2"}],"replies":[{"embeddable":true,"href":"https:\/\/happybytes.no\/bedrift\/wp-json\/wp\/v2\/comments?post=6625"}],"version-history":[{"count":0,"href":"https:\/\/happybytes.no\/bedrift\/wp-json\/wp\/v2\/pages\/6625\/revisions"}],"up":[{"embeddable":true,"href":"https:\/\/happybytes.no\/bedrift\/wp-json\/wp\/v2\/pages\/6635"}],"wp:featuredmedia":[{"embeddable":true,"href":"https:\/\/happybytes.no\/bedrift\/wp-json\/"}],"wp:attachment":[{"href":"https:\/\/happybytes.no\/bedrift\/wp-json\/wp\/v2\/media?parent=6625"}],"curies":[{"name":"wp","href":"https:\/\/api.w.org\/{rel}","templated":true}]}}