

{"id":6629,"date":"2022-10-28T08:07:36","date_gmt":"2022-10-28T05:56:49","guid":{"rendered":"https:\/\/happybytes.no\/?page_id=6629"},"modified":"2022-10-28T08:07:36","modified_gmt":"2022-10-28T05:56:49","slug":"mobildata","status":"publish","type":"page","link":"https:\/\/happybytes.no\/bedrift\/kundeservice\/mobildata\/","title":{"rendered":"Mobildata"},"content":{"rendered":"\n<style type=\"text\/css\" data-created_by=\"avia_inline_auto\" id=\"style-css-av-av_section-404c64ec60eaa3a0c0c64ef8bb502ebb\">\n.avia-section.av-av_section-404c64ec60eaa3a0c0c64ef8bb502ebb{\nbackground-color:#f8f8f8;\nbackground-image:unset;\n}\n<\/style>\n<div id='ih-center-align-columns'  class='avia-section av-av_section-404c64ec60eaa3a0c0c64ef8bb502ebb main_color avia-section-large avia-no-border-styling  avia-builder-el-0  el_before_av_section  avia-builder-el-first  avia-bg-style-scroll av-minimum-height av-minimum-height-custom av-height-custom  container_wrap fullsize'   data-av_minimum_height_px='200'><div class='container av-section-cont-open' style='height:200px'><main  role=\"main\" itemprop=\"mainContentOfPage\"  class='template-page content  av-content-full alpha units'><div class='post-entry post-entry-type-page post-entry-6629'><div class='entry-content-wrapper clearfix'>\n<div  class='flex_column av-av_three_fifth-75b356ed4dd92b466d126a7b4b2a9e83 av_three_fifth  avia-builder-el-1  avia-builder-el-no-sibling  first flex_column_div  '     ><p>\n<style type=\"text\/css\" data-created_by=\"avia_inline_auto\" id=\"style-css-av-lwf0cwy1-244f847a1f37c69474695274e1a65865\">\n#top .av-special-heading.av-lwf0cwy1-244f847a1f37c69474695274e1a65865{\npadding-bottom:10px;\nfont-size:54px;\n}\nbody .av-special-heading.av-lwf0cwy1-244f847a1f37c69474695274e1a65865 .av-special-heading-tag .heading-char{\nfont-size:25px;\n}\n#top #wrap_all .av-special-heading.av-lwf0cwy1-244f847a1f37c69474695274e1a65865 .av-special-heading-tag{\nfont-size:54px;\n}\n.av-special-heading.av-lwf0cwy1-244f847a1f37c69474695274e1a65865 .av-subheading{\nfont-size:15px;\n}\n\n@media only screen and (min-width: 480px) and (max-width: 767px){ \n#top #wrap_all .av-special-heading.av-lwf0cwy1-244f847a1f37c69474695274e1a65865 .av-special-heading-tag{\nfont-size:0.8em;\n}\n}\n\n@media only screen and (max-width: 479px){ \n#top #wrap_all .av-special-heading.av-lwf0cwy1-244f847a1f37c69474695274e1a65865 .av-special-heading-tag{\nfont-size:0.8em;\n}\n}\n<\/style>\n<div  class='av-special-heading av-lwf0cwy1-244f847a1f37c69474695274e1a65865 av-special-heading-h1 blockquote modern-quote modern-centered  avia-builder-el-2  el_before_av_textblock  avia-builder-el-first  av-inherit-size'><h1 class='av-special-heading-tag'  itemprop=\"headline\"  >Mobildata<\/h1><div class=\"special-heading-border\"><div class=\"special-heading-inner-border\"><\/div><\/div><\/div><br \/>\n<section  class='av_textblock_section av-av_textblock-0f0cdd94ba0583a488b75cdf82533a9c '   itemscope=\"itemscope\" itemtype=\"https:\/\/schema.org\/CreativeWork\" ><div class='avia_textblock'  itemprop=\"text\" ><p style=\"text-align: center\"><div class=\"breadcrumb breadcrumbs avia-breadcrumbs\"><div class=\"breadcrumb-trail\" ><span class=\"trail-before\"><span class=\"breadcrumb-title\">Du er her:<\/span><\/span> <span  itemscope=\"itemscope\" itemtype=\"https:\/\/schema.org\/BreadcrumbList\" ><span  itemscope=\"itemscope\" itemtype=\"https:\/\/schema.org\/ListItem\" itemprop=\"itemListElement\" ><a itemprop=\"url\" href=\"https:\/\/happybytes.no\/bedrift\" title=\"Happybytes Bedrift\" rel=\"home\" class=\"trail-begin\"><span itemprop=\"name\">Hjem<\/span><\/a><span itemprop=\"position\" class=\"hidden\">1<\/span><\/span><\/span><\/div><\/div><\/p>\n<\/div><\/section><\/p><\/div><\/div><\/div><\/main><!-- close content main element --><\/div><\/div><div id='ih-center-align-columns'  class='avia-section av-av_section-1bc23e7dd0617d8da2034e474291c389 main_color avia-section-default avia-no-shadow  avia-builder-el-4  el_after_av_section  avia-builder-el-last  avia-bg-style-scroll container_wrap fullsize'  ><div class='container av-section-cont-open' ><div class='template-page content  av-content-full alpha units'><div class='post-entry post-entry-type-page post-entry-6629'><div class='entry-content-wrapper clearfix'>\n\n<style type=\"text\/css\" data-created_by=\"avia_inline_auto\" id=\"style-css-av-av_three_fifth-1df1b63c6c045939f2dc1aefbdd8e7ad\">\n.flex_column.av-av_three_fifth-1df1b63c6c045939f2dc1aefbdd8e7ad{\nborder-radius:0px 0px 0px 0px;\npadding:0px 0px 0px 0px;\n}\n<\/style>\n<div  class='flex_column av-av_three_fifth-1df1b63c6c045939f2dc1aefbdd8e7ad av_three_fifth  avia-builder-el-5  avia-builder-el-no-sibling  first flex_column_div av-zero-column-padding  '     ><div  class='togglecontainer av-jmiyz5bo-333147d8041692cd20556aad7bee3763  avia-builder-el-6  avia-builder-el-no-sibling  toggle_close_all' >\n<section class='av_toggle_section av-sbamp-92344b9ba8b786be1bb4dfc5ebad57c3'  itemscope=\"itemscope\" itemtype=\"https:\/\/schema.org\/CreativeWork\" ><div role=\"tablist\" class=\"single_toggle\" data-tags=\"{Popul\u00e6re} \"  ><p data-fake-id='#toggle-id-1' class='toggler   '  itemprop=\"headline\"  role='tab' tabindex='0' aria-controls='toggle-id-1'>Hvor ser jeg hvor mye data jeg har brukt?<span class=\"toggle_icon\"><span class=\"toggle_arrow\"><span class=\"vert_icon\"><\/span><span class=\"hor_icon\"><\/span><\/span><\/p><div id='toggle-id-1' class='toggle_wrap  '  ><div class='toggle_content invers-color '  itemprop=\"text\" ><p><span style=\"font-weight: 400\">P\u00e5 <a href=\"http:\/\/min.happybytes.no\">Min Side<\/a> og i appen har du oversikt over hvor mye mobildata du har brukt til enhver tid. Her kan du ogs\u00e5 se hvor mye du har brukt av tale, SMS og MMS.<\/span><\/p>\n<p>Min Side App finnes b\u00e5de for iPhone (iOS) og Android-telefoner. Appene finner du her:<\/p>\n<ul>\n<li><a href=\"https:\/\/apps.apple.com\/no\/app\/min-happybytes\/id1498176073\">iPhone<\/a>\u00a0(iOS)<\/li>\n<li><a href=\"https:\/\/play.google.com\/store\/apps\/details?id=no.happybytes.min.android\">Android<\/a> (Samsung, Huawei, Sony osv.)<\/li>\n<\/ul>\n<\/div><\/div><\/div><\/section>\n<section class='av_toggle_section av-lyllt-b57936988e096471451c9f3e9bc033f9'  itemscope=\"itemscope\" itemtype=\"https:\/\/schema.org\/CreativeWork\" ><div role=\"tablist\" class=\"single_toggle\" data-tags=\"{Popul\u00e6re} \"  ><p data-fake-id='#toggle-id-2' class='toggler   '  itemprop=\"headline\"  role='tab' tabindex='0' aria-controls='toggle-id-2'>Hva skjer hvis jeg bruker for mye data?<span class=\"toggle_icon\"><span class=\"toggle_arrow\"><span class=\"vert_icon\"><\/span><span class=\"hor_icon\"><\/span><\/span><\/p><div id='toggle-id-2' class='toggle_wrap  '  ><div class='toggle_content invers-color '  itemprop=\"text\" ><p><span style=\"font-weight: 400\"><strong>Flex:<\/strong><br \/>\nMed <a href=\"http:\/\/happybytes.no\/flex\"><strong>Flex<\/strong><\/a> er det ikke noe som heter \u201cfor mye data\u201d. Du kan bruke s\u00e5 mye du m\u00e5tte \u00f8nske og betaler for det du bruker. For at du aldri skal bli overrasket over hvor mye du faktisk bruker, og for \u00e5 gj\u00f8re det lettere for deg \u00e5 holde kontroll p\u00e5 eget forbruk har vi \u00abdatabrems\u00bb. Med \u00abdatabrems\u00bb kan du velge mellom niv\u00e5er der hastigheten kan reduseres. N\u00e5r du n\u00e6rmer deg valgt niv\u00e5 vil du automatisk f\u00e5 varsel. F\u00f8rste niv\u00e5 er satt til 10GB som standard, med mindre du har valgt noe annet ved bestilling. Om du \u00f8nsker \u00e5 bruke mer enn 10GB kan du g\u00e5 inn p\u00e5 <a href=\"http:\/\/min.happybytes.no\">Min Side<\/a> eller i appen (forel\u00f8pig kun Android-versjon som du finner <a href=\"https:\/\/play.google.com\/store\/apps\/details?id=no.happybytes.happybytesminside\">her<\/a>) og \u00f8ke grensen. \u00abDatabrems\u00bb reduserer hastigheten p\u00e5 mobildata til 40 kbp\/s. Om du \u00f8nsker \u00e5 sl\u00e5 av mobildata helt kan du gj\u00f8re dette p\u00e5 <a href=\"http:\/\/min.happybytes.no\">Min Side<\/a>, eller du kan sl\u00e5 av mobildata direkte p\u00e5 mobilen.<\/span><\/p>\n<hr \/>\n<p><span style=\"font-weight: 400\"><strong>Happybytes 2 GB:<\/strong><br \/>\nMed<\/span><b> Happybytes 2 GB<\/b> har du en fast datamengde inkludert som du kan bruke som du vil hver m\u00e5ned. Bruker du opp inkludert datamengde reduseres hastigheten til 40 kbit\/s. Ekstra data utover inkludert koster kun kr 19,- per GB og kan fylles p\u00e5 inntil fire ganger per mnd ved \u00e5 aktivere \u00abautodata\u00bb p\u00e5 Min Side.<\/p>\n<hr \/>\n<p><span style=\"font-weight: 400\"><strong>Happybytes 10 GB:<\/strong><br \/>\nMed<\/span><b> Happybytes 10 GB<\/b> har du en fast datamengde inkludert som du kan bruke som du vil hver m\u00e5ned. Bruker du opp inkludert datamengde reduseres hastigheten til 40 kbit\/s. Ekstra data utover inkludert koster kun kr 19,- per GB og kan fylles p\u00e5 inntil fire ganger per mnd ved \u00e5 aktivere \u00abautodata\u00bb p\u00e5 Min Side.<\/p>\n<hr \/>\n<p><span style=\"font-weight: 400\"><em><strong>1 om dagen:<\/strong><\/em><br \/>\nMed <\/span><a href=\"https:\/\/happybytes.no\/happybytes-1-om-dagen\/\"><b><i>1 om dagen <\/i><\/b><\/a>f\u00e5r du 1 GB hver dag. Bruker du mer enn 1 GB vil hastigheten bremses til 40 kbps, men du vil ikke bli belastet for dataen du skulle bruke med denne hastigheten.<\/p>\n<p>Trenger du h\u00f8yere hastighet kan du gj\u00f8re f\u00f8lgende:<br \/>\n1. Vente til midnatt (norsk tid) &#8211; da vil du f\u00e5 1 GB til.<br \/>\n2. Aktivere <em><strong>Autop\u00e5fyll<\/strong><\/em>. Dette gir deg mer data i full hastighet til kr 19,- per GB, ut dagen.<\/p>\n<p>Merk: <em><strong>Autop\u00e5fyll<\/strong><\/em>-data gjelder kun innev\u00e6rende dag. Det er ingen &laquo;roll-over&raquo;.<\/p>\n<hr \/>\n<p><span style=\"font-weight: 400\"><strong>Happybytes 30 GB:<\/strong><br \/>\nMed<\/span><b> Happybytes 30 GB<\/b> har du en fast datamengde inkludert som du kan bruke som du vil hver m\u00e5ned. Bruker du opp inkludert datamengde reduseres hastigheten til 40 kbit\/s. Ekstra data utover inkludert koster kun kr 19,- per GB og kan fylles p\u00e5 inntil fire ganger per d\u00f8gn ved \u00e5 aktivere \u00abautodata\u00bb p\u00e5 Min Side.<\/p>\n<hr \/>\n<p><span style=\"font-weight: 400\"><em><strong>Fri Data og Fri Data + :<\/strong><\/em><br \/>\nMed <a href=\"https:\/\/happybytes.no\/fri-data\/\"><em><strong>Fri Data<\/strong><\/em><\/a> har du fri databruk og fri fart opp til 108 GB hver m\u00e5ned. Etter 108 GB justeres hastigheten til 3 Mbit\/sekund ut m\u00e5neden. Du kan fortsatt bruke mobildata og surfe rimelig normalt p\u00e5 mobilen.<\/span><\/p>\n<\/div><\/div><\/div><\/section>\n<section class='av_toggle_section av-d9irt-1180a141456b672ae890ec30614740b9'  itemscope=\"itemscope\" itemtype=\"https:\/\/schema.org\/CreativeWork\" ><div role=\"tablist\" class=\"single_toggle\" data-tags=\"{Popul\u00e6re} \"  ><p data-fake-id='#toggle-id-3' class='toggler   '  itemprop=\"headline\"  role='tab' tabindex='0' aria-controls='toggle-id-3'>Har dere Data Rollover?<span class=\"toggle_icon\"><span class=\"toggle_arrow\"><span class=\"vert_icon\"><\/span><span class=\"hor_icon\"><\/span><\/span><\/p><div id='toggle-id-3' class='toggle_wrap  '  ><div class='toggle_content invers-color '  itemprop=\"text\" ><p><span style=\"font-weight: 400\">Nei, ingen av v\u00e5re abonnement har &laquo;rollover&raquo;.\u00a0<\/span><\/p>\n<\/div><\/div><\/div><\/section>\n<section class='av_toggle_section av-pbg9-8c709677487b4f6d708b33153dce4faa'  itemscope=\"itemscope\" itemtype=\"https:\/\/schema.org\/CreativeWork\" ><div role=\"tablist\" class=\"single_toggle\" data-tags=\"{Popul\u00e6re} \"  ><p data-fake-id='#toggle-id-4' class='toggler   '  itemprop=\"headline\"  role='tab' tabindex='0' aria-controls='toggle-id-4'>Mitt data-SIM virker ikke, hva gj\u00f8r jeg?<span class=\"toggle_icon\"><span class=\"toggle_arrow\"><span class=\"vert_icon\"><\/span><span class=\"hor_icon\"><\/span><\/span><\/p><div id='toggle-id-4' class='toggle_wrap  '  ><div class='toggle_content invers-color '  itemprop=\"text\" ><p><span style=\"font-weight: 400\">Dersom du har bestilt et data-SIM og allerede har et aktivt <em><strong><a href=\"http:\/\/happybytes.no\/flex\">Flex<\/a>, 2 GB, 10 GB-abonnement<\/strong><\/em>\u00a0vil du kunne ta i bruk ditt nye data-SIM s\u00e5 fort du f\u00e5r det, da disse sendes ferdig aktivert fra oss.<br \/>\n<\/span><\/p>\n<p><span style=\"font-weight: 400\"><strong>Merk:<\/strong> F\u00e5r du data-SIM f\u00f8r porteringsdatoen for abonnementet ditt m\u00e5 du vente til porteringen er skjedd. Det kan ta noen timer f\u00f8r data-SIM aktiveres etter porteringen av selve abonnementet. Om du opplever problemer etter at du bytter til ditt nye data-SIM flere timer etter at det andre SIM-kortet ditt er blitt aktivert, kan det v\u00e6re lurt \u00e5 sl\u00e5 av og p\u00e5 enheten du bruker med data-SIM. <\/span><\/p>\n<p><span style=\"font-weight: 400\">Opplever du fortsatt problemer s\u00e5 er det bare \u00e5 ta kontakt med oss i kundeservice-chatten nederst i h\u00f8yre hj\u00f8rne eller send en e-post til <\/span><a href=\"mailto:kundeservice@happybytes.no\"><span style=\"font-weight: 400\">kundeservice@happybytes.no<\/span><\/a><\/p>\n<\/div><\/div><\/div><\/section>\n<\/div><\/div><\/p>\n","protected":false},"excerpt":{"rendered":"","protected":false},"author":2,"featured_media":3567,"parent":6635,"menu_order":0,"comment_status":"closed","ping_status":"open","template":"","meta":{"inline_featured_image":false,"footnotes":""},"class_list":["post-6629","page","type-page","status-publish","has-post-thumbnail","hentry"],"yoast_head":"<!-- This site is optimized with the Yoast SEO plugin v24.5 - https:\/\/yoast.com\/wordpress\/plugins\/seo\/ -->\n<title>Kundeservice - Informasjon om mobildata | Happybytes Bedrift<\/title>\n<meta name=\"description\" content=\"Her finner du informasjon om mobildata. Er det noe du ikke finner svar p\u00e5 kan du gjerne chatte med oss i kundeservice-chatten\" \/>\n<meta name=\"robots\" content=\"index, follow, max-snippet:-1, max-image-preview:large, max-video-preview:-1\" \/>\n<link rel=\"canonical\" href=\"https:\/\/happybytes.no\/bedrift\/kundeservice\/mobildata\/\" \/>\n<meta property=\"og:locale\" content=\"nb_NO\" \/>\n<meta property=\"og:type\" content=\"article\" \/>\n<meta property=\"og:title\" content=\"Kundeservice - Informasjon om mobildata | Happybytes\" \/>\n<meta property=\"og:description\" content=\"Her finner du informasjon om mobildata. Er det noe du ikke finner svar p\u00e5 kan du gjerne chatte med oss i kundeservice-chatten\" \/>\n<meta property=\"og:url\" content=\"https:\/\/happybytes.no\/bedrift\/kundeservice\/mobildata\/\" \/>\n<meta property=\"og:site_name\" content=\"Happybytes Bedrift\" \/>\n<meta property=\"og:image\" content=\"https:\/\/happybytes.no\/bedrift\/wp-content\/uploads\/sites\/2\/2024\/06\/hb_bedrift_front_sectionimage_01-1.jpg\" \/>\n\t<meta property=\"og:image:width\" content=\"1920\" \/>\n\t<meta property=\"og:image:height\" content=\"1280\" \/>\n\t<meta property=\"og:image:type\" content=\"image\/jpeg\" \/>\n<meta name=\"twitter:card\" content=\"summary_large_image\" \/>\n<meta name=\"twitter:title\" content=\"Kundeservice - Informasjon om mobildata | Happybytes\" \/>\n<meta name=\"twitter:description\" content=\"Her finner du informasjon om mobildata. Er det noe du ikke finner svar p\u00e5 kan du gjerne chatte med oss i kundeservice-chatten\" \/>\n<meta name=\"twitter:label1\" content=\"Ansl. lesetid\" \/>\n\t<meta name=\"twitter:data1\" content=\"4 minutter\" \/>\n<script type=\"application\/ld+json\" class=\"yoast-schema-graph\">{\"@context\":\"https:\/\/schema.org\",\"@graph\":[{\"@type\":\"WebPage\",\"@id\":\"https:\/\/happybytes.no\/bedrift\/kundeservice\/mobildata\/\",\"url\":\"https:\/\/happybytes.no\/bedrift\/kundeservice\/mobildata\/\",\"name\":\"Kundeservice - Informasjon om mobildata | Happybytes Bedrift\",\"isPartOf\":{\"@id\":\"https:\/\/happybytes.no\/bedrift\/#website\"},\"primaryImageOfPage\":{\"@id\":\"https:\/\/happybytes.no\/bedrift\/kundeservice\/mobildata\/#primaryimage\"},\"image\":{\"@id\":\"https:\/\/happybytes.no\/bedrift\/kundeservice\/mobildata\/#primaryimage\"},\"thumbnailUrl\":\"\",\"datePublished\":\"2022-10-28T05:56:49+00:00\",\"description\":\"Her finner du informasjon om mobildata. Er det noe du ikke finner svar p\u00e5 kan du gjerne chatte med oss i kundeservice-chatten\",\"breadcrumb\":{\"@id\":\"https:\/\/happybytes.no\/bedrift\/kundeservice\/mobildata\/#breadcrumb\"},\"inLanguage\":\"nb-NO\",\"potentialAction\":[{\"@type\":\"ReadAction\",\"target\":[\"https:\/\/happybytes.no\/bedrift\/kundeservice\/mobildata\/\"]}]},{\"@type\":\"ImageObject\",\"inLanguage\":\"nb-NO\",\"@id\":\"https:\/\/happybytes.no\/bedrift\/kundeservice\/mobildata\/#primaryimage\",\"url\":\"\",\"contentUrl\":\"\"},{\"@type\":\"BreadcrumbList\",\"@id\":\"https:\/\/happybytes.no\/bedrift\/kundeservice\/mobildata\/#breadcrumb\",\"itemListElement\":[{\"@type\":\"ListItem\",\"position\":1,\"name\":\"Hjem\",\"item\":\"https:\/\/happybytes.no\/bedrift\/forside\/\"},{\"@type\":\"ListItem\",\"position\":2,\"name\":\"Kundeservice\",\"item\":\"https:\/\/happybytes.no\/bedrift\/kundeservice\/\"},{\"@type\":\"ListItem\",\"position\":3,\"name\":\"Mobildata\"}]},{\"@type\":\"WebSite\",\"@id\":\"https:\/\/happybytes.no\/bedrift\/#website\",\"url\":\"https:\/\/happybytes.no\/bedrift\/\",\"name\":\"Happybytes Bedrift\",\"description\":\"Smart mobilabonnement \u2013 tilpasset din bedrift\",\"publisher\":{\"@id\":\"https:\/\/happybytes.no\/bedrift\/#organization\"},\"potentialAction\":[{\"@type\":\"SearchAction\",\"target\":{\"@type\":\"EntryPoint\",\"urlTemplate\":\"https:\/\/happybytes.no\/bedrift\/?s={search_term_string}\"},\"query-input\":{\"@type\":\"PropertyValueSpecification\",\"valueRequired\":true,\"valueName\":\"search_term_string\"}}],\"inLanguage\":\"nb-NO\"},{\"@type\":\"Organization\",\"@id\":\"https:\/\/happybytes.no\/bedrift\/#organization\",\"name\":\"Happybytes AS\",\"url\":\"https:\/\/happybytes.no\/bedrift\/\",\"logo\":{\"@type\":\"ImageObject\",\"inLanguage\":\"nb-NO\",\"@id\":\"https:\/\/happybytes.no\/bedrift\/#\/schema\/logo\/image\/\",\"url\":\"https:\/\/happybytes.no\/bedrift\/wp-content\/uploads\/sites\/2\/2024\/06\/meta_bedrift-1.jpg\",\"contentUrl\":\"https:\/\/happybytes.no\/bedrift\/wp-content\/uploads\/sites\/2\/2024\/06\/meta_bedrift-1.jpg\",\"width\":1920,\"height\":1080,\"caption\":\"Happybytes AS\"},\"image\":{\"@id\":\"https:\/\/happybytes.no\/bedrift\/#\/schema\/logo\/image\/\"}}]}<\/script>\n<!-- \/ Yoast SEO plugin. -->","yoast_head_json":{"title":"Kundeservice - Informasjon om mobildata | Happybytes Bedrift","description":"Her finner du informasjon om mobildata. Er det noe du ikke finner svar p\u00e5 kan du gjerne chatte med oss i kundeservice-chatten","robots":{"index":"index","follow":"follow","max-snippet":"max-snippet:-1","max-image-preview":"max-image-preview:large","max-video-preview":"max-video-preview:-1"},"canonical":"https:\/\/happybytes.no\/bedrift\/kundeservice\/mobildata\/","og_locale":"nb_NO","og_type":"article","og_title":"Kundeservice - Informasjon om mobildata | Happybytes","og_description":"Her finner du informasjon om mobildata. Er det noe du ikke finner svar p\u00e5 kan du gjerne chatte med oss i kundeservice-chatten","og_url":"https:\/\/happybytes.no\/bedrift\/kundeservice\/mobildata\/","og_site_name":"Happybytes Bedrift","og_image":[{"width":1920,"height":1280,"url":"https:\/\/happybytes.no\/bedrift\/wp-content\/uploads\/sites\/2\/2024\/06\/hb_bedrift_front_sectionimage_01-1.jpg","type":"image\/jpeg"}],"twitter_card":"summary_large_image","twitter_title":"Kundeservice - Informasjon om mobildata | Happybytes","twitter_description":"Her finner du informasjon om mobildata. Er det noe du ikke finner svar p\u00e5 kan du gjerne chatte med oss i kundeservice-chatten","twitter_misc":{"Ansl. lesetid":"4 minutter"},"schema":{"@context":"https:\/\/schema.org","@graph":[{"@type":"WebPage","@id":"https:\/\/happybytes.no\/bedrift\/kundeservice\/mobildata\/","url":"https:\/\/happybytes.no\/bedrift\/kundeservice\/mobildata\/","name":"Kundeservice - Informasjon om mobildata | Happybytes Bedrift","isPartOf":{"@id":"https:\/\/happybytes.no\/bedrift\/#website"},"primaryImageOfPage":{"@id":"https:\/\/happybytes.no\/bedrift\/kundeservice\/mobildata\/#primaryimage"},"image":{"@id":"https:\/\/happybytes.no\/bedrift\/kundeservice\/mobildata\/#primaryimage"},"thumbnailUrl":"","datePublished":"2022-10-28T05:56:49+00:00","description":"Her finner du informasjon om mobildata. Er det noe du ikke finner svar p\u00e5 kan du gjerne chatte med oss i kundeservice-chatten","breadcrumb":{"@id":"https:\/\/happybytes.no\/bedrift\/kundeservice\/mobildata\/#breadcrumb"},"inLanguage":"nb-NO","potentialAction":[{"@type":"ReadAction","target":["https:\/\/happybytes.no\/bedrift\/kundeservice\/mobildata\/"]}]},{"@type":"ImageObject","inLanguage":"nb-NO","@id":"https:\/\/happybytes.no\/bedrift\/kundeservice\/mobildata\/#primaryimage","url":"","contentUrl":""},{"@type":"BreadcrumbList","@id":"https:\/\/happybytes.no\/bedrift\/kundeservice\/mobildata\/#breadcrumb","itemListElement":[{"@type":"ListItem","position":1,"name":"Hjem","item":"https:\/\/happybytes.no\/bedrift\/forside\/"},{"@type":"ListItem","position":2,"name":"Kundeservice","item":"https:\/\/happybytes.no\/bedrift\/kundeservice\/"},{"@type":"ListItem","position":3,"name":"Mobildata"}]},{"@type":"WebSite","@id":"https:\/\/happybytes.no\/bedrift\/#website","url":"https:\/\/happybytes.no\/bedrift\/","name":"Happybytes Bedrift","description":"Smart mobilabonnement \u2013 tilpasset din bedrift","publisher":{"@id":"https:\/\/happybytes.no\/bedrift\/#organization"},"potentialAction":[{"@type":"SearchAction","target":{"@type":"EntryPoint","urlTemplate":"https:\/\/happybytes.no\/bedrift\/?s={search_term_string}"},"query-input":{"@type":"PropertyValueSpecification","valueRequired":true,"valueName":"search_term_string"}}],"inLanguage":"nb-NO"},{"@type":"Organization","@id":"https:\/\/happybytes.no\/bedrift\/#organization","name":"Happybytes AS","url":"https:\/\/happybytes.no\/bedrift\/","logo":{"@type":"ImageObject","inLanguage":"nb-NO","@id":"https:\/\/happybytes.no\/bedrift\/#\/schema\/logo\/image\/","url":"https:\/\/happybytes.no\/bedrift\/wp-content\/uploads\/sites\/2\/2024\/06\/meta_bedrift-1.jpg","contentUrl":"https:\/\/happybytes.no\/bedrift\/wp-content\/uploads\/sites\/2\/2024\/06\/meta_bedrift-1.jpg","width":1920,"height":1080,"caption":"Happybytes AS"},"image":{"@id":"https:\/\/happybytes.no\/bedrift\/#\/schema\/logo\/image\/"}}]}},"_links":{"self":[{"href":"https:\/\/happybytes.no\/bedrift\/wp-json\/wp\/v2\/pages\/6629","targetHints":{"allow":["GET"]}}],"collection":[{"href":"https:\/\/happybytes.no\/bedrift\/wp-json\/wp\/v2\/pages"}],"about":[{"href":"https:\/\/happybytes.no\/bedrift\/wp-json\/wp\/v2\/types\/page"}],"author":[{"embeddable":true,"href":"https:\/\/happybytes.no\/bedrift\/wp-json\/wp\/v2\/users\/2"}],"replies":[{"embeddable":true,"href":"https:\/\/happybytes.no\/bedrift\/wp-json\/wp\/v2\/comments?post=6629"}],"version-history":[{"count":0,"href":"https:\/\/happybytes.no\/bedrift\/wp-json\/wp\/v2\/pages\/6629\/revisions"}],"up":[{"embeddable":true,"href":"https:\/\/happybytes.no\/bedrift\/wp-json\/wp\/v2\/pages\/6635"}],"wp:featuredmedia":[{"embeddable":true,"href":"https:\/\/happybytes.no\/bedrift\/wp-json\/"}],"wp:attachment":[{"href":"https:\/\/happybytes.no\/bedrift\/wp-json\/wp\/v2\/media?parent=6629"}],"curies":[{"name":"wp","href":"https:\/\/api.w.org\/{rel}","templated":true}]}}