

{"id":6632,"date":"2022-10-28T08:07:36","date_gmt":"2022-10-28T05:58:05","guid":{"rendered":"https:\/\/happybytes.no\/?page_id=6632"},"modified":"2022-10-28T08:07:36","modified_gmt":"2022-10-28T05:58:05","slug":"bankid","status":"publish","type":"page","link":"https:\/\/happybytes.no\/bedrift\/kundeservice\/bankid\/","title":{"rendered":"BankID"},"content":{"rendered":"\n<style type=\"text\/css\" data-created_by=\"avia_inline_auto\" id=\"style-css-av-9fs820-885755a9594a2c0515f9045cdbe08a21\">\n.avia-section.av-9fs820-885755a9594a2c0515f9045cdbe08a21{\nbackground-color:#f8f8f8;\nbackground-image:unset;\n}\n<\/style>\n<div id='ih-center-align-columns'  class='avia-section av-9fs820-885755a9594a2c0515f9045cdbe08a21 main_color avia-section-large avia-no-border-styling  avia-builder-el-0  el_before_av_section  avia-builder-el-first  avia-bg-style-scroll av-minimum-height av-minimum-height-custom av-height-custom  container_wrap fullsize'   data-av_minimum_height_px='200'><div class='container av-section-cont-open' style='height:200px'><main  role=\"main\" itemprop=\"mainContentOfPage\"  class='template-page content  av-content-full alpha units'><div class='post-entry post-entry-type-page post-entry-6632'><div class='entry-content-wrapper clearfix'>\n<div  class='flex_column av-737654-03ceece510499adc2f48aa7986ce0251 av_three_fifth  avia-builder-el-1  avia-builder-el-no-sibling  first flex_column_div  '     ><p>\n<style type=\"text\/css\" data-created_by=\"avia_inline_auto\" id=\"style-css-av-lwf3rjrx-2c113776498025208e1129cd2acc16a6\">\n#top .av-special-heading.av-lwf3rjrx-2c113776498025208e1129cd2acc16a6{\npadding-bottom:10px;\nfont-size:54px;\n}\nbody .av-special-heading.av-lwf3rjrx-2c113776498025208e1129cd2acc16a6 .av-special-heading-tag .heading-char{\nfont-size:25px;\n}\n#top #wrap_all .av-special-heading.av-lwf3rjrx-2c113776498025208e1129cd2acc16a6 .av-special-heading-tag{\nfont-size:54px;\n}\n.av-special-heading.av-lwf3rjrx-2c113776498025208e1129cd2acc16a6 .av-subheading{\nfont-size:15px;\n}\n\n@media only screen and (min-width: 480px) and (max-width: 767px){ \n#top #wrap_all .av-special-heading.av-lwf3rjrx-2c113776498025208e1129cd2acc16a6 .av-special-heading-tag{\nfont-size:0.8em;\n}\n}\n\n@media only screen and (max-width: 479px){ \n#top #wrap_all .av-special-heading.av-lwf3rjrx-2c113776498025208e1129cd2acc16a6 .av-special-heading-tag{\nfont-size:0.8em;\n}\n}\n<\/style>\n<div  id=\"ks_bankid\"  class='av-special-heading av-lwf3rjrx-2c113776498025208e1129cd2acc16a6 av-special-heading-h1 blockquote modern-quote modern-centered  avia-builder-el-2  el_before_av_textblock  avia-builder-el-first  av-inherit-size'><h1 class='av-special-heading-tag'  itemprop=\"headline\"  >BankID<\/h1><div class=\"special-heading-border\"><div class=\"special-heading-inner-border\"><\/div><\/div><\/div><br \/>\n<section  class='av_textblock_section av-6067fs-2707225a358a46c730d5a566b7d63b5c '   itemscope=\"itemscope\" itemtype=\"https:\/\/schema.org\/CreativeWork\" ><div class='avia_textblock'  itemprop=\"text\" ><p style=\"text-align: center\"><div class=\"breadcrumb breadcrumbs avia-breadcrumbs\"><div class=\"breadcrumb-trail\" ><span class=\"trail-before\"><span class=\"breadcrumb-title\">Du er her:<\/span><\/span> <span  itemscope=\"itemscope\" itemtype=\"https:\/\/schema.org\/BreadcrumbList\" ><span  itemscope=\"itemscope\" itemtype=\"https:\/\/schema.org\/ListItem\" itemprop=\"itemListElement\" ><a itemprop=\"url\" href=\"https:\/\/happybytes.no\/bedrift\" title=\"Happybytes Bedrift\" rel=\"home\" class=\"trail-begin\"><span itemprop=\"name\">Hjem<\/span><\/a><span itemprop=\"position\" class=\"hidden\">1<\/span><\/span><\/span><\/div><\/div><\/p>\n<\/div><\/section><\/p><\/div>\n\n<\/div><\/div><\/main><!-- close content main element --><\/div><\/div><div id='ih-center-align-columns'  class='avia-section av-egz48-58153670bd040added869cdb7eb68a43 main_color avia-section-default avia-no-shadow  avia-builder-el-4  el_after_av_section  avia-builder-el-last  avia-bg-style-scroll container_wrap fullsize'  ><div class='container av-section-cont-open' ><div class='template-page content  av-content-full alpha units'><div class='post-entry post-entry-type-page post-entry-6632'><div class='entry-content-wrapper clearfix'>\n\n<style type=\"text\/css\" data-created_by=\"avia_inline_auto\" id=\"style-css-av-34k514-8483458c8a5f15062a622b0d716e2e61\">\n.flex_column.av-34k514-8483458c8a5f15062a622b0d716e2e61{\nborder-radius:0px 0px 0px 0px;\npadding:0px 0px 0px 0px;\n}\n<\/style>\n<div  class='flex_column av-34k514-8483458c8a5f15062a622b0d716e2e61 av_three_fifth  avia-builder-el-5  avia-builder-el-no-sibling  first flex_column_div av-zero-column-padding  '     ><section  class='av_textblock_section av-kvc5hge5-a09a8f3c86fed72ea57c9950d351d5aa '   itemscope=\"itemscope\" itemtype=\"https:\/\/schema.org\/CreativeWork\" ><div class='avia_textblock'  itemprop=\"text\" ><h2>BankID App erstatter BankID p\u00e5 mobil<\/h2>\n<p>St\u00f8tten for BankID p\u00e5 mobil fases ut og erstattes av BankID app. (Informasjon hentet fra <span style=\"text-decoration: underline;color: #000000\"><a style=\"color: #000000;text-decoration: underline\" href=\"https:\/\/www.bankid.no\/om-oss\/nyheter\/2022\/last-ned-appen\/\">BankID<\/a><\/span>\u00a0sine nettsider).<\/p>\n<p><strong>VIKTIG: <\/strong>Har du mottat nytt SIM-kort fra oss m\u00e5 du laste ned og aktivere BankID app f\u00f8r du tar i bruk det nye SIM-kortet.<\/p>\n<p><strong>Bruker du fortsatt BankID p\u00e5 mobil?<\/strong><br \/>\nFor \u00e5 unng\u00e5 eventuelle problemer n\u00e5r det er helt slutt for BankID p\u00e5 mobil, er det lurt \u00e5 ta i bruk den nye BankID-appen n\u00e5. Du kan bruke BankID p\u00e5 mobil eller kodebrikke og passord for \u00e5 aktivere den nye appen.<\/p>\n<p><span style=\"text-decoration: underline;color: #000000\"><a style=\"color: #000000;text-decoration: underline\" href=\"https:\/\/happybytes.no\/bankid-pa-mobil-erstattes-med-app\">Les mer og kom i gang med BankID app her<\/a><\/span><\/p>\n<p><a href=\"https:\/\/apps.apple.com\/us\/app\/bankid\/id1463661615\"><span style=\"text-decoration: underline\"><span style=\"color: #000000;text-decoration: underline\">Last ned for iOS<\/span><\/span><\/a><\/p>\n<p><span style=\"text-decoration: underline\"><span style=\"color: #000000\"><a style=\"color: #000000;text-decoration: underline\" href=\"https:\/\/play.google.com\/store\/apps\/details?id=no.vipps.bankid\">Last ned for Android<\/a><\/span><\/span><\/p>\n<\/div><\/section><br \/>\n<div  class='togglecontainer av-jmiyz5bo-333147d8041692cd20556aad7bee3763  avia-builder-el-7  el_after_av_textblock  avia-builder-el-last  toggle_close_all' >\n<section class='av_toggle_section av-2bi5wx-96e3219d13d6c0ada594df11edd22da0'  itemscope=\"itemscope\" itemtype=\"https:\/\/schema.org\/CreativeWork\" ><div role=\"tablist\" class=\"single_toggle\" data-tags=\"{Popul\u00e6re} \"  ><p data-fake-id='#toggle-id-1' class='toggler   '  itemprop=\"headline\"  role='tab' tabindex='0' aria-controls='toggle-id-1'>Hva er fordelene BankID app?<span class=\"toggle_icon\"><span class=\"toggle_arrow\"><span class=\"vert_icon\"><\/span><span class=\"hor_icon\"><\/span><\/span><\/p><div id='toggle-id-1' class='toggle_wrap  '  ><div class='toggle_content invers-color '  itemprop=\"text\" ><ul>\n<li>Enklere og raskere i bruk<\/li>\n<li>Gir bedre informasjon til brukeren og har bedre svindel-deteksjon.<\/li>\n<li>Gj\u00f8r deg uavhengig av kodebrikken \u2013 enkel tilgang til alt i BankID fra mobilen.<\/li>\n<li>Du kan signere dokumenter.<\/li>\n<li>BankID-appen gj\u00f8r deg klar for en enda raskere BankID uten passord i hverdagen, der du godkjenner med biometri eller PIN.<\/li>\n<li>Enkelt \u00e5 bytte telefon \u2013 du kan aktivere BankID-appen p\u00e5 ny telefon med appen p\u00e5 din gamle telefon.<\/li>\n<li>Helt uavhengig av SIM-kort<\/li>\n<\/ul>\n<\/div><\/div><\/div><\/section>\n<section class='av_toggle_section av-5dn541-8f47f13bb83f758a3449a177b85d9686'  itemscope=\"itemscope\" itemtype=\"https:\/\/schema.org\/CreativeWork\" ><div role=\"tablist\" class=\"single_toggle\" data-tags=\"{Popul\u00e6re} \"  ><p data-fake-id='#toggle-id-2' class='toggler   '  itemprop=\"headline\"  role='tab' tabindex='0' aria-controls='toggle-id-2'>Er dette noe \u00abbanken min\u00bb har bestemt?<span class=\"toggle_icon\"><span class=\"toggle_arrow\"><span class=\"vert_icon\"><\/span><span class=\"hor_icon\"><\/span><\/span><\/p><div id='toggle-id-2' class='toggle_wrap  '  ><div class='toggle_content invers-color '  itemprop=\"text\" ><p>Alle bankene avvikler BankID p\u00e5 mobil til fordel for app. Det er bankene som utsteder BankID og som avgj\u00f8r hvilke l\u00f8sninger de \u00f8nsker \u00e5 tilby til sine kunder.<\/p>\n<\/div><\/div><\/div><\/section>\n<section class='av_toggle_section av-ef0vl-43608b8d1982f0cb636b788d87052934'  itemscope=\"itemscope\" itemtype=\"https:\/\/schema.org\/CreativeWork\" ><div role=\"tablist\" class=\"single_toggle\" data-tags=\"{Popul\u00e6re} \"  ><p data-fake-id='#toggle-id-3' class='toggler   '  itemprop=\"headline\"  role='tab' tabindex='0' aria-controls='toggle-id-3'>Hva er kravene for \u00e5 f\u00e5 BankID-app?<span class=\"toggle_icon\"><span class=\"toggle_arrow\"><span class=\"vert_icon\"><\/span><span class=\"hor_icon\"><\/span><\/span><\/p><div id='toggle-id-3' class='toggle_wrap  '  ><div class='toggle_content invers-color '  itemprop=\"text\" ><p>BankID-app krever at du har iOS 12 \/Android 6 eller nyere<\/p>\n<\/div><\/div><\/div><\/section>\n<section class='av_toggle_section av-36sijs-ff0b30c85d4b4d2ec3fec1feb29a23e9'  itemscope=\"itemscope\" itemtype=\"https:\/\/schema.org\/CreativeWork\" ><div role=\"tablist\" class=\"single_toggle\" data-tags=\"{Popul\u00e6re} \"  ><p data-fake-id='#toggle-id-4' class='toggler   '  itemprop=\"headline\"  role='tab' tabindex='0' aria-controls='toggle-id-4'>St\u00f8tter alle banker BankID app?<span class=\"toggle_icon\"><span class=\"toggle_arrow\"><span class=\"vert_icon\"><\/span><span class=\"hor_icon\"><\/span><\/span><\/p><div id='toggle-id-4' class='toggle_wrap  '  ><div class='toggle_content invers-color '  itemprop=\"text\" ><p>Ikke alle banker tilbyr kundene BankID-app, s\u00e5 sjekk f\u00f8rst om din bank er klar f\u00f8r du laster ned.<\/p>\n<p><span style=\"text-decoration: underline\"><span style=\"color: #333300\"><a style=\"color: #333300;text-decoration: underline\" href=\"https:\/\/www.bankid.no\/privat\/los-mitt-bankid-problem\/banker-med-app\/\">Se hvilke banker som tilbyr appen her<\/a><\/span><\/span>, flere banker er p\u00e5 vei!<\/p>\n<\/div><\/div><\/div><\/section>\n<\/div><\/p><\/div>\n","protected":false},"excerpt":{"rendered":"","protected":false},"author":2,"featured_media":3567,"parent":6635,"menu_order":0,"comment_status":"closed","ping_status":"open","template":"","meta":{"inline_featured_image":false,"footnotes":""},"class_list":["post-6632","page","type-page","status-publish","has-post-thumbnail","hentry"],"yoast_head":"<!-- This site is optimized with the Yoast SEO plugin v24.5 - https:\/\/yoast.com\/wordpress\/plugins\/seo\/ -->\n<title>Kundeservice - Informasjon om BankID | Happybytes<\/title>\n<meta name=\"description\" content=\"Her finner du informasjon om BankID. Er det noe du ikke finner svar p\u00e5 kan du gjerne chatte med oss i kundeservice-chatten\" \/>\n<meta name=\"robots\" content=\"index, follow, max-snippet:-1, max-image-preview:large, max-video-preview:-1\" \/>\n<link rel=\"canonical\" href=\"https:\/\/happybytes.no\/bedrift\/kundeservice\/bankid\/\" \/>\n<meta property=\"og:locale\" content=\"nb_NO\" \/>\n<meta property=\"og:type\" content=\"article\" \/>\n<meta property=\"og:title\" content=\"Kundeservice - Informasjon om BankID | Happybytes\" \/>\n<meta property=\"og:description\" content=\"Her finner du informasjon om BankID. Er det noe du ikke finner svar p\u00e5 kan du gjerne chatte med oss i kundeservice-chatten\" \/>\n<meta property=\"og:url\" content=\"https:\/\/happybytes.no\/bedrift\/kundeservice\/bankid\/\" \/>\n<meta property=\"og:site_name\" content=\"Happybytes Bedrift\" \/>\n<meta property=\"og:image\" content=\"https:\/\/happybytes.no\/bedrift\/wp-content\/uploads\/sites\/2\/2024\/06\/hb_bedrift_front_sectionimage_01-1.jpg\" \/>\n\t<meta property=\"og:image:width\" content=\"1920\" \/>\n\t<meta property=\"og:image:height\" content=\"1280\" \/>\n\t<meta property=\"og:image:type\" content=\"image\/jpeg\" \/>\n<meta name=\"twitter:card\" content=\"summary_large_image\" \/>\n<meta name=\"twitter:title\" content=\"Kundeservice - Informasjon om BankID | Happybytes\" \/>\n<meta name=\"twitter:description\" content=\"Her finner du informasjon om BankID. Er det noe du ikke finner svar p\u00e5 kan du gjerne chatte med oss i kundeservice-chatten\" \/>\n<meta name=\"twitter:label1\" content=\"Ansl. lesetid\" \/>\n\t<meta name=\"twitter:data1\" content=\"2 minutter\" \/>\n<script type=\"application\/ld+json\" class=\"yoast-schema-graph\">{\"@context\":\"https:\/\/schema.org\",\"@graph\":[{\"@type\":\"WebPage\",\"@id\":\"https:\/\/happybytes.no\/bedrift\/kundeservice\/bankid\/\",\"url\":\"https:\/\/happybytes.no\/bedrift\/kundeservice\/bankid\/\",\"name\":\"Kundeservice - Informasjon om BankID | Happybytes\",\"isPartOf\":{\"@id\":\"https:\/\/happybytes.no\/bedrift\/#website\"},\"primaryImageOfPage\":{\"@id\":\"https:\/\/happybytes.no\/bedrift\/kundeservice\/bankid\/#primaryimage\"},\"image\":{\"@id\":\"https:\/\/happybytes.no\/bedrift\/kundeservice\/bankid\/#primaryimage\"},\"thumbnailUrl\":\"\",\"datePublished\":\"2022-10-28T05:58:05+00:00\",\"description\":\"Her finner du informasjon om BankID. Er det noe du ikke finner svar p\u00e5 kan du gjerne chatte med oss i kundeservice-chatten\",\"breadcrumb\":{\"@id\":\"https:\/\/happybytes.no\/bedrift\/kundeservice\/bankid\/#breadcrumb\"},\"inLanguage\":\"nb-NO\",\"potentialAction\":[{\"@type\":\"ReadAction\",\"target\":[\"https:\/\/happybytes.no\/bedrift\/kundeservice\/bankid\/\"]}]},{\"@type\":\"ImageObject\",\"inLanguage\":\"nb-NO\",\"@id\":\"https:\/\/happybytes.no\/bedrift\/kundeservice\/bankid\/#primaryimage\",\"url\":\"\",\"contentUrl\":\"\"},{\"@type\":\"BreadcrumbList\",\"@id\":\"https:\/\/happybytes.no\/bedrift\/kundeservice\/bankid\/#breadcrumb\",\"itemListElement\":[{\"@type\":\"ListItem\",\"position\":1,\"name\":\"Hjem\",\"item\":\"https:\/\/happybytes.no\/bedrift\/forside\/\"},{\"@type\":\"ListItem\",\"position\":2,\"name\":\"Kundeservice\",\"item\":\"https:\/\/happybytes.no\/bedrift\/kundeservice\/\"},{\"@type\":\"ListItem\",\"position\":3,\"name\":\"BankID\"}]},{\"@type\":\"WebSite\",\"@id\":\"https:\/\/happybytes.no\/bedrift\/#website\",\"url\":\"https:\/\/happybytes.no\/bedrift\/\",\"name\":\"Happybytes Bedrift\",\"description\":\"Smart mobilabonnement \u2013 tilpasset din bedrift\",\"publisher\":{\"@id\":\"https:\/\/happybytes.no\/bedrift\/#organization\"},\"potentialAction\":[{\"@type\":\"SearchAction\",\"target\":{\"@type\":\"EntryPoint\",\"urlTemplate\":\"https:\/\/happybytes.no\/bedrift\/?s={search_term_string}\"},\"query-input\":{\"@type\":\"PropertyValueSpecification\",\"valueRequired\":true,\"valueName\":\"search_term_string\"}}],\"inLanguage\":\"nb-NO\"},{\"@type\":\"Organization\",\"@id\":\"https:\/\/happybytes.no\/bedrift\/#organization\",\"name\":\"Happybytes AS\",\"url\":\"https:\/\/happybytes.no\/bedrift\/\",\"logo\":{\"@type\":\"ImageObject\",\"inLanguage\":\"nb-NO\",\"@id\":\"https:\/\/happybytes.no\/bedrift\/#\/schema\/logo\/image\/\",\"url\":\"https:\/\/happybytes.no\/bedrift\/wp-content\/uploads\/sites\/2\/2024\/06\/meta_bedrift-1.jpg\",\"contentUrl\":\"https:\/\/happybytes.no\/bedrift\/wp-content\/uploads\/sites\/2\/2024\/06\/meta_bedrift-1.jpg\",\"width\":1920,\"height\":1080,\"caption\":\"Happybytes AS\"},\"image\":{\"@id\":\"https:\/\/happybytes.no\/bedrift\/#\/schema\/logo\/image\/\"}}]}<\/script>\n<!-- \/ Yoast SEO plugin. -->","yoast_head_json":{"title":"Kundeservice - Informasjon om BankID | Happybytes","description":"Her finner du informasjon om BankID. Er det noe du ikke finner svar p\u00e5 kan du gjerne chatte med oss i kundeservice-chatten","robots":{"index":"index","follow":"follow","max-snippet":"max-snippet:-1","max-image-preview":"max-image-preview:large","max-video-preview":"max-video-preview:-1"},"canonical":"https:\/\/happybytes.no\/bedrift\/kundeservice\/bankid\/","og_locale":"nb_NO","og_type":"article","og_title":"Kundeservice - Informasjon om BankID | Happybytes","og_description":"Her finner du informasjon om BankID. Er det noe du ikke finner svar p\u00e5 kan du gjerne chatte med oss i kundeservice-chatten","og_url":"https:\/\/happybytes.no\/bedrift\/kundeservice\/bankid\/","og_site_name":"Happybytes Bedrift","og_image":[{"width":1920,"height":1280,"url":"https:\/\/happybytes.no\/bedrift\/wp-content\/uploads\/sites\/2\/2024\/06\/hb_bedrift_front_sectionimage_01-1.jpg","type":"image\/jpeg"}],"twitter_card":"summary_large_image","twitter_title":"Kundeservice - Informasjon om BankID | Happybytes","twitter_description":"Her finner du informasjon om BankID. Er det noe du ikke finner svar p\u00e5 kan du gjerne chatte med oss i kundeservice-chatten","twitter_misc":{"Ansl. lesetid":"2 minutter"},"schema":{"@context":"https:\/\/schema.org","@graph":[{"@type":"WebPage","@id":"https:\/\/happybytes.no\/bedrift\/kundeservice\/bankid\/","url":"https:\/\/happybytes.no\/bedrift\/kundeservice\/bankid\/","name":"Kundeservice - Informasjon om BankID | Happybytes","isPartOf":{"@id":"https:\/\/happybytes.no\/bedrift\/#website"},"primaryImageOfPage":{"@id":"https:\/\/happybytes.no\/bedrift\/kundeservice\/bankid\/#primaryimage"},"image":{"@id":"https:\/\/happybytes.no\/bedrift\/kundeservice\/bankid\/#primaryimage"},"thumbnailUrl":"","datePublished":"2022-10-28T05:58:05+00:00","description":"Her finner du informasjon om BankID. Er det noe du ikke finner svar p\u00e5 kan du gjerne chatte med oss i kundeservice-chatten","breadcrumb":{"@id":"https:\/\/happybytes.no\/bedrift\/kundeservice\/bankid\/#breadcrumb"},"inLanguage":"nb-NO","potentialAction":[{"@type":"ReadAction","target":["https:\/\/happybytes.no\/bedrift\/kundeservice\/bankid\/"]}]},{"@type":"ImageObject","inLanguage":"nb-NO","@id":"https:\/\/happybytes.no\/bedrift\/kundeservice\/bankid\/#primaryimage","url":"","contentUrl":""},{"@type":"BreadcrumbList","@id":"https:\/\/happybytes.no\/bedrift\/kundeservice\/bankid\/#breadcrumb","itemListElement":[{"@type":"ListItem","position":1,"name":"Hjem","item":"https:\/\/happybytes.no\/bedrift\/forside\/"},{"@type":"ListItem","position":2,"name":"Kundeservice","item":"https:\/\/happybytes.no\/bedrift\/kundeservice\/"},{"@type":"ListItem","position":3,"name":"BankID"}]},{"@type":"WebSite","@id":"https:\/\/happybytes.no\/bedrift\/#website","url":"https:\/\/happybytes.no\/bedrift\/","name":"Happybytes Bedrift","description":"Smart mobilabonnement \u2013 tilpasset din bedrift","publisher":{"@id":"https:\/\/happybytes.no\/bedrift\/#organization"},"potentialAction":[{"@type":"SearchAction","target":{"@type":"EntryPoint","urlTemplate":"https:\/\/happybytes.no\/bedrift\/?s={search_term_string}"},"query-input":{"@type":"PropertyValueSpecification","valueRequired":true,"valueName":"search_term_string"}}],"inLanguage":"nb-NO"},{"@type":"Organization","@id":"https:\/\/happybytes.no\/bedrift\/#organization","name":"Happybytes AS","url":"https:\/\/happybytes.no\/bedrift\/","logo":{"@type":"ImageObject","inLanguage":"nb-NO","@id":"https:\/\/happybytes.no\/bedrift\/#\/schema\/logo\/image\/","url":"https:\/\/happybytes.no\/bedrift\/wp-content\/uploads\/sites\/2\/2024\/06\/meta_bedrift-1.jpg","contentUrl":"https:\/\/happybytes.no\/bedrift\/wp-content\/uploads\/sites\/2\/2024\/06\/meta_bedrift-1.jpg","width":1920,"height":1080,"caption":"Happybytes AS"},"image":{"@id":"https:\/\/happybytes.no\/bedrift\/#\/schema\/logo\/image\/"}}]}},"_links":{"self":[{"href":"https:\/\/happybytes.no\/bedrift\/wp-json\/wp\/v2\/pages\/6632","targetHints":{"allow":["GET"]}}],"collection":[{"href":"https:\/\/happybytes.no\/bedrift\/wp-json\/wp\/v2\/pages"}],"about":[{"href":"https:\/\/happybytes.no\/bedrift\/wp-json\/wp\/v2\/types\/page"}],"author":[{"embeddable":true,"href":"https:\/\/happybytes.no\/bedrift\/wp-json\/wp\/v2\/users\/2"}],"replies":[{"embeddable":true,"href":"https:\/\/happybytes.no\/bedrift\/wp-json\/wp\/v2\/comments?post=6632"}],"version-history":[{"count":0,"href":"https:\/\/happybytes.no\/bedrift\/wp-json\/wp\/v2\/pages\/6632\/revisions"}],"up":[{"embeddable":true,"href":"https:\/\/happybytes.no\/bedrift\/wp-json\/wp\/v2\/pages\/6635"}],"wp:featuredmedia":[{"embeddable":true,"href":"https:\/\/happybytes.no\/bedrift\/wp-json\/"}],"wp:attachment":[{"href":"https:\/\/happybytes.no\/bedrift\/wp-json\/wp\/v2\/media?parent=6632"}],"curies":[{"name":"wp","href":"https:\/\/api.w.org\/{rel}","templated":true}]}}