

{"id":8571,"date":"2024-06-14T13:05:27","date_gmt":"2024-06-14T11:05:27","guid":{"rendered":"https:\/\/happybytes.no\/bedrift\/?page_id=8571"},"modified":"2024-06-14T15:23:28","modified_gmt":"2024-06-14T13:23:28","slug":"spesialnummer","status":"publish","type":"page","link":"https:\/\/happybytes.no\/bedrift\/prisoversikt\/spesialnummer\/","title":{"rendered":"Spesialnummer"},"content":{"rendered":"\n<style type=\"text\/css\" data-created_by=\"avia_inline_auto\" id=\"style-css-av-bjaghn-a627fc31bb41bef74aa7dd9c2aa7d6be\">\n.avia-section.av-bjaghn-a627fc31bb41bef74aa7dd9c2aa7d6be{\nbackground-color:#f8f8f8;\nbackground-image:unset;\n}\n<\/style>\n<div id='ih-center-align-columns'  class='avia-section av-bjaghn-a627fc31bb41bef74aa7dd9c2aa7d6be main_color avia-section-large avia-no-border-styling  avia-builder-el-0  el_before_av_section  avia-builder-el-first  avia-bg-style-scroll av-minimum-height av-minimum-height-custom av-height-custom  container_wrap fullsize'   data-av_minimum_height_px='200'><div class='container av-section-cont-open' style='height:200px'><main  role=\"main\" itemprop=\"mainContentOfPage\"  class='template-page content  av-content-full alpha units'><div class='post-entry post-entry-type-page post-entry-8571'><div class='entry-content-wrapper clearfix'>\n<div  class='flex_column av-8sfn7f-a5f29291db97d64263ffeabfac83ff19 av_three_fifth  avia-builder-el-1  avia-builder-el-no-sibling  first flex_column_div  '     ><p>\n<style type=\"text\/css\" data-created_by=\"avia_inline_auto\" id=\"style-css-av-tbs5n-3226e3591ad47970354cb516e7cfb993\">\n#top .av-special-heading.av-tbs5n-3226e3591ad47970354cb516e7cfb993{\nmargin:0 0 20px 0;\npadding-bottom:10px;\nfont-size:44px;\n}\nbody .av-special-heading.av-tbs5n-3226e3591ad47970354cb516e7cfb993 .av-special-heading-tag .heading-char{\nfont-size:25px;\n}\n#top #wrap_all .av-special-heading.av-tbs5n-3226e3591ad47970354cb516e7cfb993 .av-special-heading-tag{\nfont-size:44px;\n}\n.av-special-heading.av-tbs5n-3226e3591ad47970354cb516e7cfb993 .av-subheading{\nfont-size:15px;\n}\n\n@media only screen and (min-width: 480px) and (max-width: 767px){ \n#top #wrap_all .av-special-heading.av-tbs5n-3226e3591ad47970354cb516e7cfb993 .av-special-heading-tag{\nfont-size:0.8em;\n}\n}\n\n@media only screen and (max-width: 479px){ \n#top #wrap_all .av-special-heading.av-tbs5n-3226e3591ad47970354cb516e7cfb993 .av-special-heading-tag{\nfont-size:0.8em;\n}\n}\n<\/style>\n<div  class='av-special-heading av-tbs5n-3226e3591ad47970354cb516e7cfb993 av-special-heading-h1 blockquote modern-quote modern-centered  avia-builder-el-2  el_before_av_textblock  avia-builder-el-first  av-inherit-size'><h1 class='av-special-heading-tag'  itemprop=\"headline\"  >Spesialnummer<\/h1><div class='av-subheading av-subheading_below'><p>(Alle priser er eks. mva.)<\/p>\n<\/div><div class=\"special-heading-border\"><div class=\"special-heading-inner-border\"><\/div><\/div><\/div><br \/>\n<section  class='av_textblock_section av-5s3tor-85650ca156b61b3dda48c26b74fc0314 '   itemscope=\"itemscope\" itemtype=\"https:\/\/schema.org\/CreativeWork\" ><div class='avia_textblock'  itemprop=\"text\" ><p style=\"text-align: center;\"><div class=\"breadcrumb breadcrumbs avia-breadcrumbs\"><div class=\"breadcrumb-trail\" ><span class=\"trail-before\"><span class=\"breadcrumb-title\">Du er her:<\/span><\/span> <span  itemscope=\"itemscope\" itemtype=\"https:\/\/schema.org\/BreadcrumbList\" ><span  itemscope=\"itemscope\" itemtype=\"https:\/\/schema.org\/ListItem\" itemprop=\"itemListElement\" ><a itemprop=\"url\" href=\"https:\/\/happybytes.no\/bedrift\" title=\"Happybytes Bedrift\" rel=\"home\" class=\"trail-begin\"><span itemprop=\"name\">Hjem<\/span><\/a><span itemprop=\"position\" class=\"hidden\">1<\/span><\/span><\/span><\/div><\/div><\/p>\n<\/div><\/section><\/p><\/div>\n\n<\/div><\/div><\/main><!-- close content main element --><\/div><\/div><div id='ih-center-align-columns'  class='avia-section av-4t0r0b-312ef6e56ab7a3ddc36db2b744bcb973 main_color avia-section-default avia-no-shadow  avia-builder-el-4  el_after_av_section  avia-builder-el-last  avia-bg-style-scroll container_wrap fullsize'  ><div class='container av-section-cont-open' ><div class='template-page content  av-content-full alpha units'><div class='post-entry post-entry-type-page post-entry-8571'><div class='entry-content-wrapper clearfix'>\n\n<style type=\"text\/css\" data-created_by=\"avia_inline_auto\" id=\"style-css-av-2qzhxn-5932e718be68bcacb29431fe34b11a38\">\n.flex_column.av-2qzhxn-5932e718be68bcacb29431fe34b11a38{\nborder-radius:0px 0px 0px 0px;\npadding:0px 0px 0px 0px;\n}\n<\/style>\n<div  class='flex_column av-2qzhxn-5932e718be68bcacb29431fe34b11a38 av_two_third  avia-builder-el-5  avia-builder-el-no-sibling  first flex_column_div av-zero-column-padding  '     ><section  class='av_textblock_section av-jn0gexoq-b8029c26426794ba72cadb33fcf10cab '   itemscope=\"itemscope\" itemtype=\"https:\/\/schema.org\/CreativeWork\" ><div class='avia_textblock'  itemprop=\"text\" ><h3><strong>N\u00f8dnummer<\/strong><\/h3>\n<p>N\u00f8dnummer er selvf\u00f8lgelig gratis.<\/p>\n<\/div><\/section><br \/>\n<section  class='av_textblock_section av-jn004enl-18b651bc97c06af05b324e427358e5d2 '   itemscope=\"itemscope\" itemtype=\"https:\/\/schema.org\/CreativeWork\" ><div class='avia_textblock'  itemprop=\"text\" ><table class=\"table-pricing-4col\" width=\"100%\">\n<tbody>\n<tr>\n<td class=\"table-header-price\">\n<h5>Tjeneste<\/h5>\n<\/td>\n<td class=\"table-header-price\">\n<h5>Nummer<\/h5>\n<\/td>\n<td class=\"table-header-price\">\n<h5>Pris oppkobling<\/h5>\n<\/td>\n<td class=\"table-header-price\">\n<h5>Pris per minutt<\/h5>\n<\/td>\n<\/tr>\n<tr>\n<td>Brann<\/td>\n<td>110<\/td>\n<td>0,00<\/td>\n<td>0,00<\/td>\n<\/tr>\n<tr>\n<td>Politi<\/td>\n<td>112<\/td>\n<td>0,00<\/td>\n<td>0,00<\/td>\n<\/tr>\n<tr>\n<td>Medisinsk n\u00f8dhjelp<\/td>\n<td>113<\/td>\n<td>0,00<\/td>\n<td>0,00<\/td>\n<\/tr>\n<tr>\n<td>Legevakt<\/td>\n<td>116117<\/td>\n<td>0,00<\/td>\n<td>0,00<\/td>\n<\/tr>\n<tr>\n<td>Hjelpetelefon<\/td>\n<td>116123<\/td>\n<td>0,00<\/td>\n<td>0,00<\/td>\n<\/tr>\n<tr>\n<td>N\u00f8dnummer for d\u00f8ve<\/td>\n<td>1412<\/td>\n<td>0,00<\/td>\n<td>0,00<\/td>\n<\/tr>\n<tr>\n<td>N\u00f8dtelefon for barn og ungdom<\/td>\n<td>116111<\/td>\n<td>0,00<\/td>\n<td>0,00<\/td>\n<\/tr>\n<\/tbody>\n<\/table>\n<\/div><\/section><br \/>\n<section  class='av_textblock_section av-jn0gexoq-14-d0479e6423ab3ec8636227c9732ed960 '   itemscope=\"itemscope\" itemtype=\"https:\/\/schema.org\/CreativeWork\" ><div class='avia_textblock'  itemprop=\"text\" ><h3><strong>3-sifrede nummer<\/strong><\/h3>\n<p>Alle samtaler til 3-sifrede nummer er inkludert i v\u00e5rt Basis-abonnement<\/p>\n<\/div><\/section><br \/>\n<section  class='av_textblock_section av-jn004enl-13-3c2faac0699e8514edbd33e8cb984e85 '   itemscope=\"itemscope\" itemtype=\"https:\/\/schema.org\/CreativeWork\" ><div class='avia_textblock'  itemprop=\"text\" ><table class=\"table-pricing-4col\" width=\"100%\">\n<tbody>\n<tr>\n<td class=\"table-header-price\">\n<h5>Tjeneste<\/h5>\n<\/td>\n<td class=\"table-header-price\">\n<h5>Nummer<\/h5>\n<\/td>\n<td class=\"table-header-price\">\n<h5>Pris oppkobling<\/h5>\n<\/td>\n<td class=\"table-header-price\">\n<h5>Pris per minutt<\/h5>\n<\/td>\n<\/tr>\n<tr>\n<td>N\u00f8dnummer<\/td>\n<td>110,112,113<\/td>\n<td>0,00<\/td>\n<td>0,00<\/td>\n<\/tr>\n<tr>\n<td>Tj\u00f8me kystradioekspedisjon<\/td>\n<td>120<\/td>\n<td>0,00<\/td>\n<td>0,00<\/td>\n<\/tr>\n<tr>\n<td>Rogaland kystradioekspedisjon<\/td>\n<td>122<\/td>\n<td>0,00<\/td>\n<td>0,00<\/td>\n<\/tr>\n<tr>\n<td>Feilmeldinger for kringkastingstjenesten<\/td>\n<td>124<\/td>\n<td>0,00<\/td>\n<td>0,00<\/td>\n<\/tr>\n<tr>\n<td>\u00d8rlandet kystradioekspedisjon<\/td>\n<td>125<\/td>\n<td>0,00<\/td>\n<td>0,00<\/td>\n<\/tr>\n<tr>\n<td>Bod\u00f8 kystradioekspedisjon<\/td>\n<td>126<\/td>\n<td>0,00<\/td>\n<td>0,00<\/td>\n<\/tr>\n<tr>\n<td>Vard\u00f8 kystradioekspedisjon<\/td>\n<td>129<\/td>\n<td>0,00<\/td>\n<td>0,00<\/td>\n<\/tr>\n<tr>\n<td>Farsund kystradioekspedisjon<\/td>\n<td>130<\/td>\n<td>0,00<\/td>\n<td>0,00<\/td>\n<\/tr>\n<tr>\n<td>Rogaland radio<\/td>\n<td>135<\/td>\n<td>0,00<\/td>\n<td>0,00<\/td>\n<\/tr>\n<tr>\n<td>Bergen kystradioekspedisjon<\/td>\n<td>136<\/td>\n<td>0,00<\/td>\n<td>0,00<\/td>\n<\/tr>\n<tr>\n<td>Flor\u00f8 kystradioekspedisjon<\/td>\n<td>137<\/td>\n<td>0,00<\/td>\n<td>0,00<\/td>\n<\/tr>\n<tr>\n<td>Feilmelding<\/td>\n<td>145<\/td>\n<td>0,00<\/td>\n<td>0,00<\/td>\n<\/tr>\n<tr>\n<td>Teksttelefon for h\u00f8rselshemmede<\/td>\n<td>149<\/td>\n<td>0,00<\/td>\n<td>0,00<\/td>\n<\/tr>\n<tr>\n<td>Landsomfattende veirapport<\/td>\n<td>175<\/td>\n<td>0,00<\/td>\n<td>0,00<\/td>\n<\/tr>\n<tr>\n<td>Ruteopplysning for kollektivtrafikk<\/td>\n<td>177<\/td>\n<td>0,00<\/td>\n<td>0,00<\/td>\n<\/tr>\n<\/tbody>\n<\/table>\n<\/div><\/section><br \/>\n<section  class='av_textblock_section av-jn0gexoq-11-3b53f8ebbd34bcdb96a9c089cc20b7f7 '   itemscope=\"itemscope\" itemtype=\"https:\/\/schema.org\/CreativeWork\" ><div class='avia_textblock'  itemprop=\"text\" ><h3><strong>4-sifrede nummer<\/strong><\/h3>\n<p>Dette er i hovedsak nummer til opplysningstjenester, som er forholdsvis kostbare. Om du \u00f8nsker \u00e5 bruke nummeropplysningstjenester vil vi anbefale \u00e5 benytte tjenestenes nettsider\/apper.<\/p>\n<p>Fra og med 12.4.2023 blir samtaler fra mobiltelefon til nummeropplysning fakturert p\u00e5 mobilregningen via Strex. Prisopplysning gis av hver enkelt nummeropplysningsakt\u00f8r i listen under:<\/p>\n<\/div><\/section><br \/>\n<section  class='av_textblock_section av-jn004enl-10-e0aff193c41c5a04c23f772de5ac3a96 '   itemscope=\"itemscope\" itemtype=\"https:\/\/schema.org\/CreativeWork\" ><div class='avia_textblock'  itemprop=\"text\" ><table class=\"table-pricing-4col\" width=\"100%\">\n<tbody>\n<tr>\n<td class=\"table-header-price\">\n<h5>Nummer<\/h5>\n<\/td>\n<td class=\"table-header-price\">\n<h5>Priser<\/h5>\n<\/td>\n<\/tr>\n<tr>\n<td width=\"200\">Opplysningen 1881 og 1882<\/td>\n<td width=\"180\"><span style=\"text-decoration: underline;\"><span style=\"color: #000000;\"><a style=\"color: #000000; text-decoration: underline;\" href=\"https:\/\/om.1881.no\/vilkar\/priser\">www.om.1881.no\/vilkar\/priser<\/a><\/span><\/span><\/td>\n<\/tr>\n<tr>\n<td>Nummeropplysning 1880<\/td>\n<td><span style=\"text-decoration: underline;\"><span style=\"color: #000000;\"><a style=\"color: #000000; text-decoration: underline;\" href=\"https:\/\/www.gulesider.no\/hjelp\/1880\">www.gulesider.no\/hjelp\/1880<\/a><\/span><\/span><\/td>\n<\/tr>\n<tr>\n<td>Nummeropplysning 1888<\/td>\n<td><span style=\"text-decoration: underline;\"><span style=\"color: #000000;\"><a style=\"color: #000000; text-decoration: underline;\" href=\"https:\/\/www.1888.no\/\">www.1888.no<\/a><\/span><\/span><\/td>\n<\/tr>\n<tr>\n<td>Nummeropplysning IN 1945<\/td>\n<td>0,00<\/td>\n<\/tr>\n<\/tbody>\n<\/table>\n<\/div><\/section><br \/>\n<section  class='av_textblock_section av-jn0gexoq-8-71ea41fe766b441b8af552ed575231df '   itemscope=\"itemscope\" itemtype=\"https:\/\/schema.org\/CreativeWork\" ><div class='avia_textblock'  itemprop=\"text\" ><h3><strong>5-sifrede nummer<\/strong><\/h3>\n<p>Alle samtaler til 5-sifrede nummer er inkludert i v\u00e5rt Basis-abonnement.<\/p>\n<\/div><\/section><br \/>\n<section  class='av_textblock_section av-jn004enl-7-c9e87246948d7e7a62d28f97e42d86a8 '   itemscope=\"itemscope\" itemtype=\"https:\/\/schema.org\/CreativeWork\" ><div class='avia_textblock'  itemprop=\"text\" ><table class=\"table-pricing-3col\" width=\"100%\">\n<tbody>\n<tr>\n<td class=\"table-header-price\">\n<h5>Nummer<\/h5>\n<\/td>\n<td class=\"table-header-price\">\n<h5>Pris oppkobling<\/h5>\n<\/td>\n<td class=\"table-header-price\">\n<h5>Pris per minutt<\/h5>\n<\/td>\n<\/tr>\n<tr>\n<td>Alle<\/td>\n<td>0,00<\/td>\n<td>0,00<\/td>\n<\/tr>\n<\/tbody>\n<\/table>\n<\/div><\/section><br \/>\n<section  class='av_textblock_section av-jn0gexoq-5-b3af89ead668c23f73d5ca9927b81a00 '   itemscope=\"itemscope\" itemtype=\"https:\/\/schema.org\/CreativeWork\" ><div class='avia_textblock'  itemprop=\"text\" ><h3><strong>6-sifrede nummer<\/strong><\/h3>\n<\/div><\/section><br \/>\n<section  class='av_textblock_section av-jn004enl-4-f80325a4836ad8ab5aa04a5bd81ff363 '   itemscope=\"itemscope\" itemtype=\"https:\/\/schema.org\/CreativeWork\" ><div class='avia_textblock'  itemprop=\"text\" ><table class=\"table-pricing-3col\" width=\"100%\">\n<tbody>\n<tr>\n<td class=\"table-header-price\">\n<h5>Nummer<\/h5>\n<\/td>\n<td class=\"table-header-price\">\n<h5>Pris oppkobling<\/h5>\n<\/td>\n<td class=\"table-header-price\">\n<h5>Pris per minutt<\/h5>\n<\/td>\n<\/tr>\n<tr>\n<td width=\"304\">116 xxx (Harmonzied European Short Codes)<\/td>\n<td width=\"180\">0,00<\/td>\n<td width=\"109\">0,60<\/td>\n<\/tr>\n<\/tbody>\n<\/table>\n<\/div><\/section><br \/>\n<section  class='av_textblock_section av-jn0gexoq-2-d10d89315da21ab7e7e4191f6cb29376 '   itemscope=\"itemscope\" itemtype=\"https:\/\/schema.org\/CreativeWork\" ><div class='avia_textblock'  itemprop=\"text\" ><h3><strong>8xx-nummer<\/strong><\/h3>\n<\/div><\/section><br \/>\n<section  class='av_textblock_section av-jn004enl-1-5033653a453d5cba784229875a4defa1 '   itemscope=\"itemscope\" itemtype=\"https:\/\/schema.org\/CreativeWork\" ><div class='avia_textblock'  itemprop=\"text\" ><table class=\"table-pricing-3col\" width=\"100%\">\n<tbody>\n<tr>\n<td class=\"table-header-price\">\n<h5>Nummer<\/h5>\n<\/td>\n<td class=\"table-header-price\">\n<h5>Pris oppkobling<\/h5>\n<\/td>\n<td class=\"table-header-price\">\n<h5>Pris per minutt<\/h5>\n<\/td>\n<\/tr>\n<tr>\n<td width=\"304\">800 xx xxx<\/td>\n<td width=\"180\">0,00<\/td>\n<td width=\"109\">0,00<\/td>\n<\/tr>\n<tr>\n<td>810 xx xxx<\/td>\n<td>0,00<\/td>\n<td>0,00<\/td>\n<\/tr>\n<tr>\n<td>811 xx xxx &#8211; 814 xx xxx<\/td>\n<td>0,60<\/td>\n<td>0,50<\/td>\n<\/tr>\n<tr>\n<td>815 xx xxx<\/td>\n<td>0,00<\/td>\n<td>0,00<\/td>\n<\/tr>\n<tr>\n<td>820 0x xxx<\/td>\n<td>0,50<\/td>\n<td>4,90<\/td>\n<\/tr>\n<tr>\n<td>820 1x xxx<\/td>\n<td>0,50<\/td>\n<td>10,20<\/td>\n<\/tr>\n<tr>\n<td>820 2x xxx<\/td>\n<td>0,50<\/td>\n<td>10,20<\/td>\n<\/tr>\n<tr>\n<td>820 3x xxx<\/td>\n<td>0,50<\/td>\n<td>3,70<\/td>\n<\/tr>\n<tr>\n<td>820 40 xxx<\/td>\n<td>25,00<\/td>\n<td>0,90<\/td>\n<\/tr>\n<tr>\n<td>820 41 xxx<\/td>\n<td>50,00<\/td>\n<td>0,90<\/td>\n<\/tr>\n<tr>\n<td>820 42 xxx<\/td>\n<td>75,00<\/td>\n<td>0,90<\/td>\n<\/tr>\n<tr>\n<td>820 43 xxx<\/td>\n<td>100,00<\/td>\n<td>0,90<\/td>\n<\/tr>\n<tr>\n<td>820 44 xxx<\/td>\n<td>200,00<\/td>\n<td>0,90<\/td>\n<\/tr>\n<tr>\n<td>820 45 1-4\/6-9xx<\/td>\n<td>25,00<\/td>\n<td>0,90<\/td>\n<\/tr>\n<tr>\n<td>820 45 5xx<\/td>\n<td>30,00<\/td>\n<td>0,90<\/td>\n<\/tr>\n<tr>\n<td>820 46 1-4\/6-9xx<\/td>\n<td>50,00<\/td>\n<td>0,90<\/td>\n<\/tr>\n<tr>\n<td>820 46 5xx<\/td>\n<td>60,00<\/td>\n<td>0,90<\/td>\n<\/tr>\n<tr>\n<td>820 47 xxx<\/td>\n<td>75,00<\/td>\n<td>0,90<\/td>\n<\/tr>\n<tr>\n<td>820 48 xxx<\/td>\n<td>100,00<\/td>\n<td>0,90<\/td>\n<\/tr>\n<tr>\n<td>820 49 xxx<\/td>\n<td>200,00<\/td>\n<td>0,90<\/td>\n<\/tr>\n<tr>\n<td>820 5x xxx<\/td>\n<td>0,50<\/td>\n<td>6,10<\/td>\n<\/tr>\n<tr>\n<td>820 6x xxx<\/td>\n<td>0,50<\/td>\n<td>7,90<\/td>\n<\/tr>\n<tr>\n<td>820 7x xxx<\/td>\n<td>0,50<\/td>\n<td>14,30<\/td>\n<\/tr>\n<tr>\n<td>820 8x xxx<\/td>\n<td>0,50<\/td>\n<td>22,00<\/td>\n<\/tr>\n<tr>\n<td>820 9x xxx<\/td>\n<td>0,50<\/td>\n<td>27,90<\/td>\n<\/tr>\n<tr>\n<td>822 \/00-01 xxx<\/td>\n<td>100,00<\/td>\n<td>0,00<\/td>\n<\/tr>\n<tr>\n<td>822 \/02-03 xxx<\/td>\n<td>150,00<\/td>\n<td>0,00<\/td>\n<\/tr>\n<tr>\n<td>822 \/04-05 xxx<\/td>\n<td>200,00<\/td>\n<td>0,00<\/td>\n<\/tr>\n<tr>\n<td>822 \/06-07 xxx<\/td>\n<td>250,00<\/td>\n<td>0,00<\/td>\n<\/tr>\n<tr>\n<td>822 \/08-09 xxx<\/td>\n<td>300,00<\/td>\n<td>0,00<\/td>\n<\/tr>\n<tr>\n<td>829 0x xxx<\/td>\n<td>0,50<\/td>\n<td>4,90<\/td>\n<\/tr>\n<tr>\n<td>829 1x xxx<\/td>\n<td>0,50<\/td>\n<td>10,20<\/td>\n<\/tr>\n<tr>\n<td>829 2x xxx<\/td>\n<td>0,50<\/td>\n<td>10,20<\/td>\n<\/tr>\n<tr>\n<td>829 3x xxx<\/td>\n<td>0,50<\/td>\n<td>3,70<\/td>\n<\/tr>\n<tr>\n<td>829 40-46 xxx<\/td>\n<td>0,60<\/td>\n<td>0,90<\/td>\n<\/tr>\n<tr>\n<td>829 47\/48 xxx<\/td>\n<td>2,40<\/td>\n<td>0,90<\/td>\n<\/tr>\n<tr>\n<td>829 49 xxx<\/td>\n<td>5,20<\/td>\n<td>0,30<\/td>\n<\/tr>\n<tr>\n<td>829 5x xxx<\/td>\n<td>0,50<\/td>\n<td>6,10<\/td>\n<\/tr>\n<tr>\n<td>829 6x xxx<\/td>\n<td>0,50<\/td>\n<td>7,90<\/td>\n<\/tr>\n<tr>\n<td>829 7x xxx<\/td>\n<td>0,50<\/td>\n<td>14,30<\/td>\n<\/tr>\n<tr>\n<td>829 8x xxx<\/td>\n<td>0,50<\/td>\n<td>22,00<\/td>\n<\/tr>\n<tr>\n<td>829 9x xxx<\/td>\n<td>0,50<\/td>\n<td>27,90<\/td>\n<\/tr>\n<tr>\n<td>85x xx xxx<\/td>\n<td>0,00<\/td>\n<td>0,00<\/td>\n<\/tr>\n<tr>\n<td>878 xx xxx<\/td>\n<td>0,00<\/td>\n<td>0,40<\/td>\n<\/tr>\n<tr>\n<td>880 xx xxx<\/td>\n<td>0,60<\/td>\n<td>0,40<\/td>\n<\/tr>\n<tr>\n<td>819 xx xxx<\/td>\n<td>0,60<\/td>\n<td>0,50<\/td>\n<\/tr>\n<\/tbody>\n<\/table>\n<\/div><\/section><\/p><\/div>\n\n","protected":false},"excerpt":{"rendered":"<p>Prisoversikt for Happybytes Bedrift bruk av Spesialnummer<\/p>\n","protected":false},"author":2,"featured_media":8562,"parent":8441,"menu_order":0,"comment_status":"closed","ping_status":"open","template":"","meta":{"inline_featured_image":false,"footnotes":""},"class_list":["post-8571","page","type-page","status-publish","has-post-thumbnail","hentry"],"yoast_head":"<!-- This site is optimized with the Yoast SEO plugin v24.5 - https:\/\/yoast.com\/wordpress\/plugins\/seo\/ -->\n<title>Spesianummer - priser<\/title>\n<meta name=\"description\" content=\"Prisoversikt for Happybytes Bedrift bruk av Spesialnummer\" \/>\n<meta name=\"robots\" content=\"index, follow, max-snippet:-1, max-image-preview:large, max-video-preview:-1\" \/>\n<link rel=\"canonical\" href=\"https:\/\/happybytes.no\/bedrift\/prisoversikt\/spesialnummer\/\" \/>\n<meta property=\"og:locale\" content=\"nb_NO\" \/>\n<meta property=\"og:type\" content=\"article\" \/>\n<meta property=\"og:title\" content=\"Priser Spesialnummer Happybytes Bedrift\" \/>\n<meta property=\"og:description\" content=\"Prisoversikt for Happybytes Bedrift bruk av Spesialnummer\" \/>\n<meta property=\"og:url\" content=\"https:\/\/happybytes.no\/bedrift\/prisoversikt\/spesialnummer\/\" \/>\n<meta property=\"og:site_name\" content=\"Happybytes Bedrift\" \/>\n<meta property=\"article:modified_time\" content=\"2024-06-14T13:23:28+00:00\" \/>\n<meta property=\"og:image\" content=\"https:\/\/happybytes.no\/bedrift\/wp-content\/uploads\/sites\/2\/2024\/06\/meta_bedrift-1.jpg\" \/>\n\t<meta property=\"og:image:width\" content=\"1920\" \/>\n\t<meta property=\"og:image:height\" content=\"1080\" \/>\n\t<meta property=\"og:image:type\" content=\"image\/jpeg\" \/>\n<meta name=\"twitter:card\" content=\"summary_large_image\" \/>\n<meta name=\"twitter:title\" content=\"Priser Spesialnummer Happybytes Bedrift\" \/>\n<meta name=\"twitter:description\" content=\"Prisoversikt for Happybytes Bedrift bruk av Spesialnummer\" \/>\n<meta name=\"twitter:image\" content=\"https:\/\/happybytes.no\/bedrift\/wp-content\/uploads\/sites\/2\/2024\/06\/meta_bedrift-1.jpg\" \/>\n<meta name=\"twitter:label1\" content=\"Ansl. lesetid\" \/>\n\t<meta name=\"twitter:data1\" content=\"3 minutter\" \/>\n<script type=\"application\/ld+json\" class=\"yoast-schema-graph\">{\"@context\":\"https:\/\/schema.org\",\"@graph\":[{\"@type\":\"WebPage\",\"@id\":\"https:\/\/happybytes.no\/bedrift\/prisoversikt\/spesialnummer\/\",\"url\":\"https:\/\/happybytes.no\/bedrift\/prisoversikt\/spesialnummer\/\",\"name\":\"Spesianummer - priser\",\"isPartOf\":{\"@id\":\"https:\/\/happybytes.no\/bedrift\/#website\"},\"primaryImageOfPage\":{\"@id\":\"https:\/\/happybytes.no\/bedrift\/prisoversikt\/spesialnummer\/#primaryimage\"},\"image\":{\"@id\":\"https:\/\/happybytes.no\/bedrift\/prisoversikt\/spesialnummer\/#primaryimage\"},\"thumbnailUrl\":\"https:\/\/happybytes.no\/bedrift\/wp-content\/uploads\/sites\/2\/2024\/06\/meta_bedrift-1.jpg\",\"datePublished\":\"2024-06-14T11:05:27+00:00\",\"dateModified\":\"2024-06-14T13:23:28+00:00\",\"description\":\"Prisoversikt for Happybytes Bedrift bruk av Spesialnummer\",\"breadcrumb\":{\"@id\":\"https:\/\/happybytes.no\/bedrift\/prisoversikt\/spesialnummer\/#breadcrumb\"},\"inLanguage\":\"nb-NO\",\"potentialAction\":[{\"@type\":\"ReadAction\",\"target\":[\"https:\/\/happybytes.no\/bedrift\/prisoversikt\/spesialnummer\/\"]}]},{\"@type\":\"ImageObject\",\"inLanguage\":\"nb-NO\",\"@id\":\"https:\/\/happybytes.no\/bedrift\/prisoversikt\/spesialnummer\/#primaryimage\",\"url\":\"https:\/\/happybytes.no\/bedrift\/wp-content\/uploads\/sites\/2\/2024\/06\/meta_bedrift-1.jpg\",\"contentUrl\":\"https:\/\/happybytes.no\/bedrift\/wp-content\/uploads\/sites\/2\/2024\/06\/meta_bedrift-1.jpg\",\"width\":1920,\"height\":1080},{\"@type\":\"BreadcrumbList\",\"@id\":\"https:\/\/happybytes.no\/bedrift\/prisoversikt\/spesialnummer\/#breadcrumb\",\"itemListElement\":[{\"@type\":\"ListItem\",\"position\":1,\"name\":\"Hjem\",\"item\":\"https:\/\/happybytes.no\/bedrift\/forside\/\"},{\"@type\":\"ListItem\",\"position\":2,\"name\":\"Prisoversikt\",\"item\":\"https:\/\/happybytes.no\/bedrift\/prisoversikt\/\"},{\"@type\":\"ListItem\",\"position\":3,\"name\":\"Spesialnummer\"}]},{\"@type\":\"WebSite\",\"@id\":\"https:\/\/happybytes.no\/bedrift\/#website\",\"url\":\"https:\/\/happybytes.no\/bedrift\/\",\"name\":\"Happybytes Bedrift\",\"description\":\"Smart mobilabonnement \u2013 tilpasset din bedrift\",\"publisher\":{\"@id\":\"https:\/\/happybytes.no\/bedrift\/#organization\"},\"potentialAction\":[{\"@type\":\"SearchAction\",\"target\":{\"@type\":\"EntryPoint\",\"urlTemplate\":\"https:\/\/happybytes.no\/bedrift\/?s={search_term_string}\"},\"query-input\":{\"@type\":\"PropertyValueSpecification\",\"valueRequired\":true,\"valueName\":\"search_term_string\"}}],\"inLanguage\":\"nb-NO\"},{\"@type\":\"Organization\",\"@id\":\"https:\/\/happybytes.no\/bedrift\/#organization\",\"name\":\"Happybytes AS\",\"url\":\"https:\/\/happybytes.no\/bedrift\/\",\"logo\":{\"@type\":\"ImageObject\",\"inLanguage\":\"nb-NO\",\"@id\":\"https:\/\/happybytes.no\/bedrift\/#\/schema\/logo\/image\/\",\"url\":\"https:\/\/happybytes.no\/bedrift\/wp-content\/uploads\/sites\/2\/2024\/06\/meta_bedrift-1.jpg\",\"contentUrl\":\"https:\/\/happybytes.no\/bedrift\/wp-content\/uploads\/sites\/2\/2024\/06\/meta_bedrift-1.jpg\",\"width\":1920,\"height\":1080,\"caption\":\"Happybytes AS\"},\"image\":{\"@id\":\"https:\/\/happybytes.no\/bedrift\/#\/schema\/logo\/image\/\"}}]}<\/script>\n<!-- \/ Yoast SEO plugin. -->","yoast_head_json":{"title":"Spesianummer - priser","description":"Prisoversikt for Happybytes Bedrift bruk av Spesialnummer","robots":{"index":"index","follow":"follow","max-snippet":"max-snippet:-1","max-image-preview":"max-image-preview:large","max-video-preview":"max-video-preview:-1"},"canonical":"https:\/\/happybytes.no\/bedrift\/prisoversikt\/spesialnummer\/","og_locale":"nb_NO","og_type":"article","og_title":"Priser Spesialnummer Happybytes Bedrift","og_description":"Prisoversikt for Happybytes Bedrift bruk av Spesialnummer","og_url":"https:\/\/happybytes.no\/bedrift\/prisoversikt\/spesialnummer\/","og_site_name":"Happybytes Bedrift","article_modified_time":"2024-06-14T13:23:28+00:00","og_image":[{"width":1920,"height":1080,"url":"https:\/\/happybytes.no\/bedrift\/wp-content\/uploads\/sites\/2\/2024\/06\/meta_bedrift-1.jpg","type":"image\/jpeg"}],"twitter_card":"summary_large_image","twitter_title":"Priser Spesialnummer Happybytes Bedrift","twitter_description":"Prisoversikt for Happybytes Bedrift bruk av Spesialnummer","twitter_image":"https:\/\/happybytes.no\/bedrift\/wp-content\/uploads\/sites\/2\/2024\/06\/meta_bedrift-1.jpg","twitter_misc":{"Ansl. lesetid":"3 minutter"},"schema":{"@context":"https:\/\/schema.org","@graph":[{"@type":"WebPage","@id":"https:\/\/happybytes.no\/bedrift\/prisoversikt\/spesialnummer\/","url":"https:\/\/happybytes.no\/bedrift\/prisoversikt\/spesialnummer\/","name":"Spesianummer - priser","isPartOf":{"@id":"https:\/\/happybytes.no\/bedrift\/#website"},"primaryImageOfPage":{"@id":"https:\/\/happybytes.no\/bedrift\/prisoversikt\/spesialnummer\/#primaryimage"},"image":{"@id":"https:\/\/happybytes.no\/bedrift\/prisoversikt\/spesialnummer\/#primaryimage"},"thumbnailUrl":"https:\/\/happybytes.no\/bedrift\/wp-content\/uploads\/sites\/2\/2024\/06\/meta_bedrift-1.jpg","datePublished":"2024-06-14T11:05:27+00:00","dateModified":"2024-06-14T13:23:28+00:00","description":"Prisoversikt for Happybytes Bedrift bruk av Spesialnummer","breadcrumb":{"@id":"https:\/\/happybytes.no\/bedrift\/prisoversikt\/spesialnummer\/#breadcrumb"},"inLanguage":"nb-NO","potentialAction":[{"@type":"ReadAction","target":["https:\/\/happybytes.no\/bedrift\/prisoversikt\/spesialnummer\/"]}]},{"@type":"ImageObject","inLanguage":"nb-NO","@id":"https:\/\/happybytes.no\/bedrift\/prisoversikt\/spesialnummer\/#primaryimage","url":"https:\/\/happybytes.no\/bedrift\/wp-content\/uploads\/sites\/2\/2024\/06\/meta_bedrift-1.jpg","contentUrl":"https:\/\/happybytes.no\/bedrift\/wp-content\/uploads\/sites\/2\/2024\/06\/meta_bedrift-1.jpg","width":1920,"height":1080},{"@type":"BreadcrumbList","@id":"https:\/\/happybytes.no\/bedrift\/prisoversikt\/spesialnummer\/#breadcrumb","itemListElement":[{"@type":"ListItem","position":1,"name":"Hjem","item":"https:\/\/happybytes.no\/bedrift\/forside\/"},{"@type":"ListItem","position":2,"name":"Prisoversikt","item":"https:\/\/happybytes.no\/bedrift\/prisoversikt\/"},{"@type":"ListItem","position":3,"name":"Spesialnummer"}]},{"@type":"WebSite","@id":"https:\/\/happybytes.no\/bedrift\/#website","url":"https:\/\/happybytes.no\/bedrift\/","name":"Happybytes Bedrift","description":"Smart mobilabonnement \u2013 tilpasset din bedrift","publisher":{"@id":"https:\/\/happybytes.no\/bedrift\/#organization"},"potentialAction":[{"@type":"SearchAction","target":{"@type":"EntryPoint","urlTemplate":"https:\/\/happybytes.no\/bedrift\/?s={search_term_string}"},"query-input":{"@type":"PropertyValueSpecification","valueRequired":true,"valueName":"search_term_string"}}],"inLanguage":"nb-NO"},{"@type":"Organization","@id":"https:\/\/happybytes.no\/bedrift\/#organization","name":"Happybytes AS","url":"https:\/\/happybytes.no\/bedrift\/","logo":{"@type":"ImageObject","inLanguage":"nb-NO","@id":"https:\/\/happybytes.no\/bedrift\/#\/schema\/logo\/image\/","url":"https:\/\/happybytes.no\/bedrift\/wp-content\/uploads\/sites\/2\/2024\/06\/meta_bedrift-1.jpg","contentUrl":"https:\/\/happybytes.no\/bedrift\/wp-content\/uploads\/sites\/2\/2024\/06\/meta_bedrift-1.jpg","width":1920,"height":1080,"caption":"Happybytes AS"},"image":{"@id":"https:\/\/happybytes.no\/bedrift\/#\/schema\/logo\/image\/"}}]}},"_links":{"self":[{"href":"https:\/\/happybytes.no\/bedrift\/wp-json\/wp\/v2\/pages\/8571","targetHints":{"allow":["GET"]}}],"collection":[{"href":"https:\/\/happybytes.no\/bedrift\/wp-json\/wp\/v2\/pages"}],"about":[{"href":"https:\/\/happybytes.no\/bedrift\/wp-json\/wp\/v2\/types\/page"}],"author":[{"embeddable":true,"href":"https:\/\/happybytes.no\/bedrift\/wp-json\/wp\/v2\/users\/2"}],"replies":[{"embeddable":true,"href":"https:\/\/happybytes.no\/bedrift\/wp-json\/wp\/v2\/comments?post=8571"}],"version-history":[{"count":0,"href":"https:\/\/happybytes.no\/bedrift\/wp-json\/wp\/v2\/pages\/8571\/revisions"}],"up":[{"embeddable":true,"href":"https:\/\/happybytes.no\/bedrift\/wp-json\/wp\/v2\/pages\/8441"}],"wp:featuredmedia":[{"embeddable":true,"href":"https:\/\/happybytes.no\/bedrift\/wp-json\/wp\/v2\/media\/8562"}],"wp:attachment":[{"href":"https:\/\/happybytes.no\/bedrift\/wp-json\/wp\/v2\/media?parent=8571"}],"curies":[{"name":"wp","href":"https:\/\/api.w.org\/{rel}","templated":true}]}}